{"id":769,"date":"2024-06-20T13:40:21","date_gmt":"2024-06-20T11:40:21","guid":{"rendered":"https:\/\/gsl-staging.element-web.com\/?post_type=product&#038;p=769"},"modified":"2024-06-26T09:06:56","modified_gmt":"2024-06-26T07:06:56","slug":"sensore-inerziale-senza-fili","status":"publish","type":"product","link":"https:\/\/www.gsl.rs\/it\/prodotto\/sensore-inerziale-senza-fili\/","title":{"rendered":"Sensore inerziale wireless"},"content":{"rendered":"<ul>\n<li>Il dispositivo viene posizionato fisicamente sull&#039;oggetto\/mostra di interesse in modo da rilevare anche il pi\u00f9 piccolo movimento dell&#039;oggetto\/mostra.<\/li>\n<li>L&#039;accelerometro integrato rileva anche i pi\u00f9 piccoli movimenti dell&#039;oggetto a cui \u00e8 collegato il dispositivo.<\/li>\n<li>Il rilevamento di un movimento attiva la modalit\u00e0 di allarme del dispositivo e invia immediatamente un messaggio alla centrale di allarme.<\/li>\n<li>L&#039;immagine in cui viene rilevata una condizione di allarme passa allo stato di allarme, visibile nell&#039;applicazione client.<\/li>\n<li>Il dispositivo \u00e8 dotato di sensori integrati di temperatura e umidit\u00e0. Umidit\u00e0, temperatura e stato della batteria vengono letti ogni 12 ore e sono disponibili nell&#039;applicazione client per ogni oggetto\/mostra.<\/li>\n<\/ul>","protected":false},"excerpt":{"rendered":"<p>Il dispositivo viene posizionato fisicamente sull&#039;oggetto\/mostra di interesse in modo da rilevare anche il pi\u00f9 piccolo movimento dell&#039;oggetto\/mostra. L&#039;accelerometro integrato rileva anche i pi\u00f9 piccoli movimenti dell&#039;oggetto a cui \u00e8 collegato il dispositivo. Il rilevamento di un movimento attiva la modalit\u00e0 di allarme del dispositivo e invia immediatamente un messaggio alla centrale di allarme. L&#039;esposizione in cui viene rilevata una condizione di allarme passa allo stato di allarme, visibile in [\u2026]<\/p>","protected":false},"featured_media":770,"comment_status":"open","ping_status":"closed","template":"","meta":{"_acf_changed":false,"content-type":""},"product_brand":[],"product_cat":[15],"product_tag":[],"class_list":{"0":"post-769","1":"product","2":"type-product","3":"status-publish","4":"has-post-thumbnail","6":"product_cat-proizvodi","8":"first","9":"instock","10":"taxable","11":"shipping-taxable","12":"product-type-simple"},"acf":[],"_links":{"self":[{"href":"https:\/\/www.gsl.rs\/it\/wp-json\/wp\/v2\/product\/769","targetHints":{"allow":["GET"]}}],"collection":[{"href":"https:\/\/www.gsl.rs\/it\/wp-json\/wp\/v2\/product"}],"about":[{"href":"https:\/\/www.gsl.rs\/it\/wp-json\/wp\/v2\/types\/product"}],"replies":[{"embeddable":true,"href":"https:\/\/www.gsl.rs\/it\/wp-json\/wp\/v2\/comments?post=769"}],"wp:featuredmedia":[{"embeddable":true,"href":"https:\/\/www.gsl.rs\/it\/wp-json\/wp\/v2\/media\/770"}],"wp:attachment":[{"href":"https:\/\/www.gsl.rs\/it\/wp-json\/wp\/v2\/media?parent=769"}],"wp:term":[{"taxonomy":"product_brand","embeddable":true,"href":"https:\/\/www.gsl.rs\/it\/wp-json\/wp\/v2\/product_brand?post=769"},{"taxonomy":"product_cat","embeddable":true,"href":"https:\/\/www.gsl.rs\/it\/wp-json\/wp\/v2\/product_cat?post=769"},{"taxonomy":"product_tag","embeddable":true,"href":"https:\/\/www.gsl.rs\/it\/wp-json\/wp\/v2\/product_tag?post=769"}],"curies":[{"name":"parola chiave","href":"https:\/\/api.w.org\/{rel}","templated":true}]}}