{"id":744,"date":"2024-08-19T13:14:13","date_gmt":"2024-08-19T11:14:13","guid":{"rendered":"https:\/\/gsl-staging.element-web.com\/?post_type=product&#038;p=744"},"modified":"2025-08-14T12:08:24","modified_gmt":"2025-08-14T10:08:24","slug":"illuminazione-a-maglia-led-intelligente","status":"publish","type":"product","link":"https:\/\/www.gsl.rs\/it\/prodotto\/illuminazione-a-maglia-led-intelligente\/","title":{"rendered":"Sistema LED mesh intelligente IntelityNET"},"content":{"rendered":"<p><span class=\"fontstyle0\">Vi presentiamo i nostri lampioni stradali a LED avanzati, che offrono una potenza da 70 a 150 W. Queste luci sono progettate con un alloggiamento resistente e un connettore NEMA 7 di serie. <\/span><span class=\"fontstyle2\">Norma ANSI C136.41<\/span><span class=\"fontstyle0\">, garantendo affidabilit\u00e0 e sicurezza in vari ambienti. Il controller nell&#039;alloggiamento NEMA a 7 pin comunica tramite <\/span><span class=\"fontstyle0\">reti internet<\/span><span class=\"fontstyle0\">e utilizza il GPS per posizionare ogni lampada.<\/span><\/p>\n<p><span class=\"fontstyle0\">Ci\u00f2 che rende speciale questo prodotto \u00e8 la sua compatibilit\u00e0 con il nostro controller intelligente. Grazie a questa funzionalit\u00e0, puoi controllare da remoto le tue luci e accedere a informazioni dettagliate sulle loro prestazioni e sul loro stato. Questo tipo di controllo non solo migliora la praticit\u00e0, ma consente anche una gestione efficiente dell&#039;infrastruttura di illuminazione. I file PDF delle specifiche riportati di seguito mostrano le specifiche tecniche dei modelli indicati.<\/span><\/p>","protected":false},"excerpt":{"rendered":"<p>Vi presentiamo i nostri lampioni stradali a LED avanzati, che offrono una potenza da 70 a 150 W. Questi apparecchi di illuminazione sono progettati con un alloggiamento resistente dotato di connettore NEMA 7 conforme allo standard ANSI C136.41, che garantisce affidabilit\u00e0 e sicurezza in un&#039;ampia gamma di ambienti. Il controller nell&#039;alloggiamento NEMA a 7 pin comunica tramite la rete Internet e utilizza il GPS per posizionare ciascuna lampada. Che cosa questo [\u2026]<\/p>","protected":false},"featured_media":752,"comment_status":"open","ping_status":"closed","template":"","meta":{"_acf_changed":false,"content-type":""},"product_brand":[],"product_cat":[15,41],"product_tag":[37],"class_list":{"0":"post-744","1":"product","2":"type-product","3":"status-publish","4":"has-post-thumbnail","6":"product_cat-proizvodi","7":"product_cat-ledmesh-proizvod","8":"product_tag-intelitynet","10":"first","11":"instock","12":"taxable","13":"shipping-taxable","14":"product-type-simple"},"acf":[],"_links":{"self":[{"href":"https:\/\/www.gsl.rs\/it\/wp-json\/wp\/v2\/product\/744","targetHints":{"allow":["GET"]}}],"collection":[{"href":"https:\/\/www.gsl.rs\/it\/wp-json\/wp\/v2\/product"}],"about":[{"href":"https:\/\/www.gsl.rs\/it\/wp-json\/wp\/v2\/types\/product"}],"replies":[{"embeddable":true,"href":"https:\/\/www.gsl.rs\/it\/wp-json\/wp\/v2\/comments?post=744"}],"wp:featuredmedia":[{"embeddable":true,"href":"https:\/\/www.gsl.rs\/it\/wp-json\/wp\/v2\/media\/752"}],"wp:attachment":[{"href":"https:\/\/www.gsl.rs\/it\/wp-json\/wp\/v2\/media?parent=744"}],"wp:term":[{"taxonomy":"product_brand","embeddable":true,"href":"https:\/\/www.gsl.rs\/it\/wp-json\/wp\/v2\/product_brand?post=744"},{"taxonomy":"product_cat","embeddable":true,"href":"https:\/\/www.gsl.rs\/it\/wp-json\/wp\/v2\/product_cat?post=744"},{"taxonomy":"product_tag","embeddable":true,"href":"https:\/\/www.gsl.rs\/it\/wp-json\/wp\/v2\/product_tag?post=744"}],"curies":[{"name":"parola chiave","href":"https:\/\/api.w.org\/{rel}","templated":true}]}}