{"id":738,"date":"2024-08-16T12:57:46","date_gmt":"2024-08-16T10:57:46","guid":{"rendered":"https:\/\/gsl-staging.element-web.com\/?post_type=product&#038;p=738"},"modified":"2025-07-16T13:38:49","modified_gmt":"2025-07-16T11:38:49","slug":"controller-gsm-4g-lte","status":"publish","type":"product","link":"https:\/\/www.gsl.rs\/it\/prodotto\/controller-gsm-4g-lte\/","title":{"rendered":"Controllore GSM 4G LTE"},"content":{"rendered":"<p style=\"text-align: left;\">Il controller GSM 4G LTE \u00e8 un dispositivo per il controllo remoto dell&#039;uscita rel\u00e8 tramite chiamata o messaggio SMS. \u00c8 progettato per il controllo di cancelli, rampe, porte, pompe, illuminazione o altri dispositivi elettrici che devono essere accesi o spenti tramite rete mobile. Oltre alle due uscite, sono presenti anche due ingressi con cui il dispositivo segnala un cambiamento di stato tramite un messaggio SMS o avvisa tramite una chiamata. Una soluzione pratica per la lettura di sensori dotati di uscita digitale o per il rilevamento di una condizione di allarme.<\/p>\n<p>Caratteristiche principali:<\/p>\n<ul>\n<li>Due uscite di tipo rel\u00e8, che supportano 6 modalit\u00e0 operative.<\/li>\n<li>Gestione tramite chiamata o SMS.<\/li>\n<li>Due ingressi rel\u00e8 per la segnalazione di variazioni di stato tramite un messaggio SMS configurabile.<\/li>\n<li>20 numeri di amministrazione (possibilit\u00e0 di configurare i dispositivi e aggiungere nuovi utenti)<\/li>\n<li>200 utenti (possibile espansione)<\/li>\n<li>Basso consumo di energia elettrica.<\/li>\n<li>Rifiuta automaticamente la chiamata<\/li>\n<li>Alimentazione 230 CA<\/li>\n<\/ul>","protected":false},"excerpt":{"rendered":"<p>Il controller GSM 4G LTE \u00e8 un dispositivo per il controllo remoto dell&#039;uscita rel\u00e8 tramite chiamata o messaggio SMS. \u00c8 progettato per il controllo di cancelli, rampe, porte, pompe, illuminazione o altri dispositivi elettrici che devono essere accesi o spenti tramite rete mobile. Oltre alle due uscite, sono presenti anche due ingressi con cui il dispositivo segnaler\u00e0 un cambio di stato tramite SMS [\u2026]<\/p>","protected":false},"featured_media":1728,"comment_status":"open","ping_status":"closed","template":"","meta":{"_acf_changed":false,"content-type":""},"product_brand":[],"product_cat":[15],"product_tag":[27],"class_list":{"0":"post-738","1":"product","2":"type-product","3":"status-publish","4":"has-post-thumbnail","6":"product_cat-proizvodi","7":"product_tag-gate","9":"first","10":"instock","11":"taxable","12":"shipping-taxable","13":"purchasable","14":"product-type-simple"},"acf":[],"_links":{"self":[{"href":"https:\/\/www.gsl.rs\/it\/wp-json\/wp\/v2\/product\/738","targetHints":{"allow":["GET"]}}],"collection":[{"href":"https:\/\/www.gsl.rs\/it\/wp-json\/wp\/v2\/product"}],"about":[{"href":"https:\/\/www.gsl.rs\/it\/wp-json\/wp\/v2\/types\/product"}],"replies":[{"embeddable":true,"href":"https:\/\/www.gsl.rs\/it\/wp-json\/wp\/v2\/comments?post=738"}],"wp:featuredmedia":[{"embeddable":true,"href":"https:\/\/www.gsl.rs\/it\/wp-json\/wp\/v2\/media\/1728"}],"wp:attachment":[{"href":"https:\/\/www.gsl.rs\/it\/wp-json\/wp\/v2\/media?parent=738"}],"wp:term":[{"taxonomy":"product_brand","embeddable":true,"href":"https:\/\/www.gsl.rs\/it\/wp-json\/wp\/v2\/product_brand?post=738"},{"taxonomy":"product_cat","embeddable":true,"href":"https:\/\/www.gsl.rs\/it\/wp-json\/wp\/v2\/product_cat?post=738"},{"taxonomy":"product_tag","embeddable":true,"href":"https:\/\/www.gsl.rs\/it\/wp-json\/wp\/v2\/product_tag?post=738"}],"curies":[{"name":"parola chiave","href":"https:\/\/api.w.org\/{rel}","templated":true}]}}