{"id":277,"date":"2024-06-05T09:58:57","date_gmt":"2024-06-05T09:58:57","guid":{"rendered":"https:\/\/gsl-staging.element-web.com\/?post_type=product&#038;p=277"},"modified":"2025-07-07T14:13:41","modified_gmt":"2025-07-07T12:13:41","slug":"modulo-digitale-8","status":"publish","type":"product","link":"https:\/\/www.gsl.rs\/it\/prodotto\/modulo-digitale-8\/","title":{"rendered":"Modulo digitale IMS"},"content":{"rendered":"<p>Il modulo digitale offre la possibilit\u00e0 di configurare gli ingressi e le uscite, consentendo la lettura e la gestione di vari parametri del sistema.<\/p>\n<p>Caratteristiche principali:<\/p>\n<ul>\n<li>\u00a0Ingressi e uscite digitali configurabili.<\/li>\n<li>Visualizzazione del valore del parametro del percorso dell&#039;interfaccia grafica da 2 pollici.<\/li>\n<li>Diagnostica per ogni singolo canale.<\/li>\n<\/ul>\n<p>&nbsp;<\/p>\n<p>\u00c8 inoltre dotato di un&#039;interfaccia grafica da 2 pollici, attraverso la quale possiamo visualizzare letture o errori in tempo reale, nonch\u00e9 messaggi di allarme e diagnostica per ogni canale separatamente.<\/p>","protected":false},"excerpt":{"rendered":"<p>Digitalni modul pru\u017ea mogu\u0107nost konfiguracije ulaza i izlaza, omogu\u0107avaju\u0107i \u010ditanje i upravljanje razli\u010ditim parametrima u sistemu. Klju\u010dne karakteristike: \u00a0Konfigurabilni digitalni ulazi i izlazi. Prikaz vrednosti parametara pute grafi\u010dkog interfejsa od 2 in\u010da. Dijagnostiku za svaki kanal pojedina\u010dno. &nbsp; Tako\u0111e je opremljen grafi\u010dkim interfejsom od 2 in\u010da, preko kojeg na licu mesta mo\u017eemo videti o\u010ditavanja ili [&hellip;]<\/p>","protected":false},"featured_media":730,"comment_status":"open","ping_status":"closed","template":"","meta":{"_acf_changed":false,"content-type":""},"product_brand":[],"product_cat":[15],"product_tag":[],"class_list":{"0":"post-277","1":"product","2":"type-product","3":"status-publish","4":"has-post-thumbnail","6":"product_cat-proizvodi","8":"first","9":"instock","10":"taxable","11":"shipping-taxable","12":"product-type-simple"},"acf":[],"_links":{"self":[{"href":"https:\/\/www.gsl.rs\/it\/wp-json\/wp\/v2\/product\/277","targetHints":{"allow":["GET"]}}],"collection":[{"href":"https:\/\/www.gsl.rs\/it\/wp-json\/wp\/v2\/product"}],"about":[{"href":"https:\/\/www.gsl.rs\/it\/wp-json\/wp\/v2\/types\/product"}],"replies":[{"embeddable":true,"href":"https:\/\/www.gsl.rs\/it\/wp-json\/wp\/v2\/comments?post=277"}],"wp:featuredmedia":[{"embeddable":true,"href":"https:\/\/www.gsl.rs\/it\/wp-json\/wp\/v2\/media\/730"}],"wp:attachment":[{"href":"https:\/\/www.gsl.rs\/it\/wp-json\/wp\/v2\/media?parent=277"}],"wp:term":[{"taxonomy":"product_brand","embeddable":true,"href":"https:\/\/www.gsl.rs\/it\/wp-json\/wp\/v2\/product_brand?post=277"},{"taxonomy":"product_cat","embeddable":true,"href":"https:\/\/www.gsl.rs\/it\/wp-json\/wp\/v2\/product_cat?post=277"},{"taxonomy":"product_tag","embeddable":true,"href":"https:\/\/www.gsl.rs\/it\/wp-json\/wp\/v2\/product_tag?post=277"}],"curies":[{"name":"parola chiave","href":"https:\/\/api.w.org\/{rel}","templated":true}]}}