{"id":769,"date":"2024-06-20T13:40:21","date_gmt":"2024-06-20T11:40:21","guid":{"rendered":"https:\/\/gsl-staging.element-web.com\/?post_type=product&#038;p=769"},"modified":"2024-06-26T09:06:56","modified_gmt":"2024-06-26T07:06:56","slug":"capteur-inertiel-sans-fil","status":"publish","type":"product","link":"https:\/\/www.gsl.rs\/fr\/produit\/capteur-inertiel-sans-fil\/","title":{"rendered":"Capteur inertiel sans fil"},"content":{"rendered":"<ul>\n<li>L&#039;appareil est physiquement plac\u00e9 sur l&#039;objet\/la pi\u00e8ce d&#039;int\u00e9r\u00eat afin de d\u00e9tecter le moindre mouvement de l&#039;objet\/de la pi\u00e8ce.<\/li>\n<li>L&#039;acc\u00e9l\u00e9rom\u00e8tre int\u00e9gr\u00e9 d\u00e9tecte m\u00eame les moindres mouvements de l&#039;objet sur lequel l&#039;appareil est fix\u00e9.<\/li>\n<li>Un mouvement d\u00e9tect\u00e9 met l&#039;appareil en mode alarme et envoie un message imm\u00e9diat au centre d&#039;alarme.<\/li>\n<li>L&#039;exposition sur laquelle une condition d&#039;alarme est d\u00e9tect\u00e9e passe \u00e0 l&#039;\u00e9tat d&#039;alarme, qui est visible dans l&#039;application cliente.<\/li>\n<li>L&#039;appareil dispose de capteurs de temp\u00e9rature et d&#039;humidit\u00e9 int\u00e9gr\u00e9s. L&#039;humidit\u00e9, la temp\u00e9rature et l&#039;\u00e9tat de la batterie sont relev\u00e9s toutes les 12 heures et sont disponibles dans l&#039;application cliente pour chaque objet\/exposition.<\/li>\n<\/ul>","protected":false},"excerpt":{"rendered":"<p>L&#039;appareil est physiquement plac\u00e9 sur l&#039;objet\/la pi\u00e8ce d&#039;int\u00e9r\u00eat afin de d\u00e9tecter le moindre mouvement de l&#039;objet\/de la pi\u00e8ce. L&#039;acc\u00e9l\u00e9rom\u00e8tre int\u00e9gr\u00e9 d\u00e9tecte m\u00eame les moindres mouvements de l&#039;objet sur lequel l&#039;appareil est fix\u00e9. Un mouvement d\u00e9tect\u00e9 met l&#039;appareil en mode alarme et envoie un message imm\u00e9diat au centre d&#039;alarme. L&#039;exposition sur laquelle une condition d&#039;alarme est d\u00e9tect\u00e9e passe \u00e0 l&#039;\u00e9tat d&#039;alarme, qui est visible dans [\u2026]<\/p>","protected":false},"featured_media":770,"comment_status":"open","ping_status":"closed","template":"","meta":{"_acf_changed":false,"content-type":""},"product_brand":[],"product_cat":[15],"product_tag":[],"class_list":{"0":"post-769","1":"product","2":"type-product","3":"status-publish","4":"has-post-thumbnail","6":"product_cat-proizvodi","8":"first","9":"instock","10":"taxable","11":"shipping-taxable","12":"product-type-simple"},"acf":[],"_links":{"self":[{"href":"https:\/\/www.gsl.rs\/fr\/wp-json\/wp\/v2\/product\/769","targetHints":{"allow":["GET"]}}],"collection":[{"href":"https:\/\/www.gsl.rs\/fr\/wp-json\/wp\/v2\/product"}],"about":[{"href":"https:\/\/www.gsl.rs\/fr\/wp-json\/wp\/v2\/types\/product"}],"replies":[{"embeddable":true,"href":"https:\/\/www.gsl.rs\/fr\/wp-json\/wp\/v2\/comments?post=769"}],"wp:featuredmedia":[{"embeddable":true,"href":"https:\/\/www.gsl.rs\/fr\/wp-json\/wp\/v2\/media\/770"}],"wp:attachment":[{"href":"https:\/\/www.gsl.rs\/fr\/wp-json\/wp\/v2\/media?parent=769"}],"wp:term":[{"taxonomy":"product_brand","embeddable":true,"href":"https:\/\/www.gsl.rs\/fr\/wp-json\/wp\/v2\/product_brand?post=769"},{"taxonomy":"product_cat","embeddable":true,"href":"https:\/\/www.gsl.rs\/fr\/wp-json\/wp\/v2\/product_cat?post=769"},{"taxonomy":"product_tag","embeddable":true,"href":"https:\/\/www.gsl.rs\/fr\/wp-json\/wp\/v2\/product_tag?post=769"}],"curies":[{"name":"wp","href":"https:\/\/api.w.org\/{rel}","templated":true}]}}