{"id":766,"date":"2024-06-20T13:35:25","date_gmt":"2024-06-20T11:35:25","guid":{"rendered":"https:\/\/gsl-staging.element-web.com\/?post_type=product&#038;p=766"},"modified":"2024-06-26T12:28:55","modified_gmt":"2024-06-26T10:28:55","slug":"chargeur-de-capteur-inertiel-sans-fil","status":"publish","type":"product","link":"https:\/\/www.gsl.rs\/fr\/produit\/chargeur-de-capteur-inertiel-sans-fil\/","title":{"rendered":"Chargeur de capteur inertiel sans fil"},"content":{"rendered":"<ul>\n<li>Le capteur de mouvement inertiel est aliment\u00e9 via un port USB (courant de sortie jusqu&#039;\u00e0 500 mA).<\/li>\n<li>Il dispose de 4 ports USB et peut charger 4 appareils simultan\u00e9ment.<\/li>\n<li>L&#039;appareil est destin\u00e9 uniquement \u00e0 charger le capteur de mouvement inertiel \u2013 le chargement de tout autre appareil est d\u00e9sactiv\u00e9.<\/li>\n<li>Fournit des informations sur l&#039;\u00e9tat de la batterie et sur sa sant\u00e9\/ses pannes.<\/li>\n<li>Utilis\u00e9 pour configurer la sensibilit\u00e9 du capteur de mouvement inertiel<\/li>\n<\/ul>","protected":false},"excerpt":{"rendered":"<p>Le capteur de mouvement inertiel est aliment\u00e9 via un port USB (courant de sortie jusqu&#039;\u00e0 500 mA). Il dispose de 4 ports USB et peut charger 4 appareils simultan\u00e9ment. L&#039;appareil est destin\u00e9 uniquement \u00e0 charger le capteur de mouvement inertiel \u2013 le chargement de tout autre appareil est d\u00e9sactiv\u00e9. Fournit des informations sur l&#039;\u00e9tat de la batterie et sur sa sant\u00e9\/ses pannes. Il permet de configurer la sensibilit\u00e9 de la centrale inertielle [\u2026]<\/p>","protected":false},"featured_media":767,"comment_status":"open","ping_status":"closed","template":"","meta":{"_acf_changed":false,"content-type":""},"product_brand":[],"product_cat":[15],"product_tag":[],"class_list":{"0":"post-766","1":"product","2":"type-product","3":"status-publish","4":"has-post-thumbnail","6":"product_cat-proizvodi","8":"first","9":"instock","10":"taxable","11":"shipping-taxable","12":"product-type-simple"},"acf":[],"_links":{"self":[{"href":"https:\/\/www.gsl.rs\/fr\/wp-json\/wp\/v2\/product\/766","targetHints":{"allow":["GET"]}}],"collection":[{"href":"https:\/\/www.gsl.rs\/fr\/wp-json\/wp\/v2\/product"}],"about":[{"href":"https:\/\/www.gsl.rs\/fr\/wp-json\/wp\/v2\/types\/product"}],"replies":[{"embeddable":true,"href":"https:\/\/www.gsl.rs\/fr\/wp-json\/wp\/v2\/comments?post=766"}],"wp:featuredmedia":[{"embeddable":true,"href":"https:\/\/www.gsl.rs\/fr\/wp-json\/wp\/v2\/media\/767"}],"wp:attachment":[{"href":"https:\/\/www.gsl.rs\/fr\/wp-json\/wp\/v2\/media?parent=766"}],"wp:term":[{"taxonomy":"product_brand","embeddable":true,"href":"https:\/\/www.gsl.rs\/fr\/wp-json\/wp\/v2\/product_brand?post=766"},{"taxonomy":"product_cat","embeddable":true,"href":"https:\/\/www.gsl.rs\/fr\/wp-json\/wp\/v2\/product_cat?post=766"},{"taxonomy":"product_tag","embeddable":true,"href":"https:\/\/www.gsl.rs\/fr\/wp-json\/wp\/v2\/product_tag?post=766"}],"curies":[{"name":"wp","href":"https:\/\/api.w.org\/{rel}","templated":true}]}}