{"id":756,"date":"2024-08-19T13:10:41","date_gmt":"2024-08-19T11:10:41","guid":{"rendered":"https:\/\/gsl-staging.element-web.com\/?post_type=product&#038;p=756"},"modified":"2024-08-29T11:21:36","modified_gmt":"2024-08-29T09:21:36","slug":"et-controle-dacces-sec","status":"publish","type":"product","link":"https:\/\/www.gsl.rs\/fr\/produit\/et-controle-dacces-sec\/","title":{"rendered":"Contr\u00f4le d&#039;acc\u00e8s I-SEC"},"content":{"rendered":"<p>Selon la destination des installations, il existe diff\u00e9rents types de justification \u00e0 l\u2019installation d\u2019un syst\u00e8me de s\u00e9curit\u00e9. En plus de s\u00e9curiser avec succ\u00e8s votre propri\u00e9t\u00e9 et vos employ\u00e9s\/utilisateurs avec ce syst\u00e8me, ce syst\u00e8me fournit \u00e9galement des enregistrements pr\u00e9cis et un contr\u00f4le de tous les acc\u00e8s aux installations par les employ\u00e9s.<\/p>\n<p>Notre syst\u00e8me est plus efficace pour prot\u00e9ger les installations que les autres syst\u00e8mes de s\u00e9curit\u00e9. Consid\u00e9rant qu&#039;il a \u00e9t\u00e9 modernis\u00e9 avec un syst\u00e8me d&#039;\u00e9clairage de s\u00e9curit\u00e9. Le syst\u00e8me d&#039;\u00e9clairage et de contr\u00f4le d&#039;acc\u00e8s est connect\u00e9 via un logiciel, o\u00f9 en fonction de vos besoins nous d\u00e9finissons comment le syst\u00e8me doit fonctionner.<\/p>\n<p>Nous adaptons absolument le syst\u00e8me \u00e0 vos besoins.<\/p>","protected":false},"excerpt":{"rendered":"<p>Selon la destination des installations, il existe diff\u00e9rents types de justification \u00e0 l\u2019installation d\u2019un syst\u00e8me de s\u00e9curit\u00e9. En plus de s\u00e9curiser avec succ\u00e8s votre propri\u00e9t\u00e9 et vos employ\u00e9s\/utilisateurs avec ce syst\u00e8me, ce syst\u00e8me fournit \u00e9galement des enregistrements pr\u00e9cis et un contr\u00f4le de tous les acc\u00e8s aux installations par les employ\u00e9s. Notre syst\u00e8me est plus efficace pour prot\u00e9ger les installations que les autres syst\u00e8mes de s\u00e9curit\u00e9. Quand [\u2026]<\/p>","protected":false},"featured_media":758,"comment_status":"open","ping_status":"closed","template":"","meta":{"_acf_changed":false,"content-type":""},"product_brand":[],"product_cat":[15],"product_tag":[],"class_list":{"0":"post-756","1":"product","2":"type-product","3":"status-publish","4":"has-post-thumbnail","6":"product_cat-proizvodi","8":"first","9":"instock","10":"taxable","11":"shipping-taxable","12":"product-type-simple"},"acf":[],"_links":{"self":[{"href":"https:\/\/www.gsl.rs\/fr\/wp-json\/wp\/v2\/product\/756","targetHints":{"allow":["GET"]}}],"collection":[{"href":"https:\/\/www.gsl.rs\/fr\/wp-json\/wp\/v2\/product"}],"about":[{"href":"https:\/\/www.gsl.rs\/fr\/wp-json\/wp\/v2\/types\/product"}],"replies":[{"embeddable":true,"href":"https:\/\/www.gsl.rs\/fr\/wp-json\/wp\/v2\/comments?post=756"}],"wp:featuredmedia":[{"embeddable":true,"href":"https:\/\/www.gsl.rs\/fr\/wp-json\/wp\/v2\/media\/758"}],"wp:attachment":[{"href":"https:\/\/www.gsl.rs\/fr\/wp-json\/wp\/v2\/media?parent=756"}],"wp:term":[{"taxonomy":"product_brand","embeddable":true,"href":"https:\/\/www.gsl.rs\/fr\/wp-json\/wp\/v2\/product_brand?post=756"},{"taxonomy":"product_cat","embeddable":true,"href":"https:\/\/www.gsl.rs\/fr\/wp-json\/wp\/v2\/product_cat?post=756"},{"taxonomy":"product_tag","embeddable":true,"href":"https:\/\/www.gsl.rs\/fr\/wp-json\/wp\/v2\/product_tag?post=756"}],"curies":[{"name":"wp","href":"https:\/\/api.w.org\/{rel}","templated":true}]}}