{"id":744,"date":"2024-08-19T13:14:13","date_gmt":"2024-08-19T11:14:13","guid":{"rendered":"https:\/\/gsl-staging.element-web.com\/?post_type=product&#038;p=744"},"modified":"2025-08-14T12:08:24","modified_gmt":"2025-08-14T10:08:24","slug":"eclairage-intelligent-a-led","status":"publish","type":"product","link":"https:\/\/www.gsl.rs\/fr\/produit\/eclairage-intelligent-a-led\/","title":{"rendered":"Syst\u00e8me de maillage LED intelligent IntelityNET"},"content":{"rendered":"<p><span class=\"fontstyle0\">Pr\u00e9sentation de nos lampadaires LED avanc\u00e9s, qui offrent une puissance de 70 \u00e0 150 W. Ces lumi\u00e8res sont con\u00e7ues avec un bo\u00eetier durable avec un connecteur NEMA 7 en standard. <\/span><span class=\"fontstyle2\">ANSI C136.41<\/span><span class=\"fontstyle0\">, garantissant fiabilit\u00e9 et s\u00e9curit\u00e9 dans divers environnements. Le contr\u00f4leur dans le bo\u00eetier NEMA 7 broches communique via <\/span><span class=\"fontstyle0\">r\u00e9seaux internet<\/span><span class=\"fontstyle0\">, et utilise le GPS pour positionner chaque lampe.<\/span><\/p>\n<p><span class=\"fontstyle0\">Ce qui rend ce produit sp\u00e9cial est sa compatibilit\u00e9 avec notre contr\u00f4leur intelligent. Gr\u00e2ce \u00e0 cette fonctionnalit\u00e9, vous pouvez contr\u00f4ler \u00e0 distance vos lumi\u00e8res et acc\u00e9der \u00e0 des informations d\u00e9taill\u00e9es sur leurs performances et leur \u00e9tat. Ce type de contr\u00f4le am\u00e9liore non seulement le confort, mais permet \u00e9galement une gestion efficace de votre infrastructure d&#039;\u00e9clairage. Les fichiers de sp\u00e9cifications PDF ci-dessous pr\u00e9sentent les sp\u00e9cifications techniques des mod\u00e8les donn\u00e9s.<\/span><\/p>","protected":false},"excerpt":{"rendered":"<p>Pr\u00e9sentation de nos lampadaires LED avanc\u00e9s, qui offrent une puissance de 70 \u00e0 150 W. Ces luminaires sont con\u00e7us avec un bo\u00eetier durable avec un connecteur NEMA 7 selon la norme ANSI C136.41, garantissant fiabilit\u00e9 et s\u00e9curit\u00e9 dans une vari\u00e9t\u00e9 d&#039;environnements. Le contr\u00f4leur dans le bo\u00eetier NEMA 7 broches communique via le r\u00e9seau Internet et utilise le GPS pour positionner chaque lampe. Qu&#039;est-ce que cela [\u2026]<\/p>","protected":false},"featured_media":752,"comment_status":"open","ping_status":"closed","template":"","meta":{"_acf_changed":false,"content-type":""},"product_brand":[],"product_cat":[15,41],"product_tag":[37],"class_list":{"0":"post-744","1":"product","2":"type-product","3":"status-publish","4":"has-post-thumbnail","6":"product_cat-proizvodi","7":"product_cat-ledmesh-proizvod","8":"product_tag-intelitynet","10":"first","11":"instock","12":"taxable","13":"shipping-taxable","14":"product-type-simple"},"acf":[],"_links":{"self":[{"href":"https:\/\/www.gsl.rs\/fr\/wp-json\/wp\/v2\/product\/744","targetHints":{"allow":["GET"]}}],"collection":[{"href":"https:\/\/www.gsl.rs\/fr\/wp-json\/wp\/v2\/product"}],"about":[{"href":"https:\/\/www.gsl.rs\/fr\/wp-json\/wp\/v2\/types\/product"}],"replies":[{"embeddable":true,"href":"https:\/\/www.gsl.rs\/fr\/wp-json\/wp\/v2\/comments?post=744"}],"wp:featuredmedia":[{"embeddable":true,"href":"https:\/\/www.gsl.rs\/fr\/wp-json\/wp\/v2\/media\/752"}],"wp:attachment":[{"href":"https:\/\/www.gsl.rs\/fr\/wp-json\/wp\/v2\/media?parent=744"}],"wp:term":[{"taxonomy":"product_brand","embeddable":true,"href":"https:\/\/www.gsl.rs\/fr\/wp-json\/wp\/v2\/product_brand?post=744"},{"taxonomy":"product_cat","embeddable":true,"href":"https:\/\/www.gsl.rs\/fr\/wp-json\/wp\/v2\/product_cat?post=744"},{"taxonomy":"product_tag","embeddable":true,"href":"https:\/\/www.gsl.rs\/fr\/wp-json\/wp\/v2\/product_tag?post=744"}],"curies":[{"name":"wp","href":"https:\/\/api.w.org\/{rel}","templated":true}]}}