{"id":738,"date":"2024-08-16T12:57:46","date_gmt":"2024-08-16T10:57:46","guid":{"rendered":"https:\/\/gsl-staging.element-web.com\/?post_type=product&#038;p=738"},"modified":"2025-07-16T13:38:49","modified_gmt":"2025-07-16T11:38:49","slug":"controleur-gsm-4g-lte","status":"publish","type":"product","link":"https:\/\/www.gsl.rs\/fr\/produit\/controleur-gsm-4g-lte\/","title":{"rendered":"Contr\u00f4leur GSM 4G LTE"},"content":{"rendered":"<p style=\"text-align: left;\">Le contr\u00f4leur GSM 4G LTE est un appareil permettant la commande \u00e0 distance d&#039;un relais par appel ou SMS. Il est con\u00e7u pour piloter portails, rampes, portes, pompes, \u00e9clairages ou autres appareils \u00e9lectriques n\u00e9cessitant une activation ou une d\u00e9sactivation via le r\u00e9seau mobile. Outre ses deux sorties, il dispose \u00e9galement de deux entr\u00e9es permettant de signaler un changement d&#039;\u00e9tat par SMS ou d&#039;envoyer une alerte par appel. C&#039;est une solution pratique pour la lecture de capteurs \u00e0 sortie num\u00e9rique ou la d\u00e9tection d&#039;alarmes.<\/p>\n<p>Caract\u00e9ristiques principales :<\/p>\n<ul>\n<li>Deux sorties de type relais, prenant en charge 6 modes de fonctionnement.<\/li>\n<li>Gestion par appel ou SMS.<\/li>\n<li>Deux entr\u00e9es relais pour signaler les changements d&#039;\u00e9tat via un message SMS configurable.<\/li>\n<li>20 num\u00e9ros d&#039;administrateur (possibilit\u00e9 de configurer les appareils et d&#039;ajouter de nouveaux utilisateurs)<\/li>\n<li>200 utilisateurs (possibilit\u00e9 d&#039;extension)<\/li>\n<li>Faible consommation \u00e9lectrique.<\/li>\n<li>Rejette automatiquement l&#039;appel<\/li>\n<li>Alimentation 230 V CA<\/li>\n<\/ul>","protected":false},"excerpt":{"rendered":"<p>Le contr\u00f4leur GSM 4G LTE est un appareil permettant la commande \u00e0 distance d&#039;une sortie relais par appel ou SMS. Il est con\u00e7u pour commander des portails, des rampes, des portes, des pompes, des \u00e9clairages ou d&#039;autres appareils \u00e9lectriques n\u00e9cessitant une activation ou une d\u00e9sactivation via le r\u00e9seau mobile. Outre ses deux sorties, il dispose \u00e9galement de deux entr\u00e9es permettant de signaler un changement d&#039;\u00e9tat par SMS.<\/p>","protected":false},"featured_media":1728,"comment_status":"open","ping_status":"closed","template":"","meta":{"_acf_changed":false,"content-type":""},"product_brand":[],"product_cat":[15],"product_tag":[27],"class_list":{"0":"post-738","1":"product","2":"type-product","3":"status-publish","4":"has-post-thumbnail","6":"product_cat-proizvodi","7":"product_tag-gate","9":"first","10":"instock","11":"taxable","12":"shipping-taxable","13":"purchasable","14":"product-type-simple"},"acf":[],"_links":{"self":[{"href":"https:\/\/www.gsl.rs\/fr\/wp-json\/wp\/v2\/product\/738","targetHints":{"allow":["GET"]}}],"collection":[{"href":"https:\/\/www.gsl.rs\/fr\/wp-json\/wp\/v2\/product"}],"about":[{"href":"https:\/\/www.gsl.rs\/fr\/wp-json\/wp\/v2\/types\/product"}],"replies":[{"embeddable":true,"href":"https:\/\/www.gsl.rs\/fr\/wp-json\/wp\/v2\/comments?post=738"}],"wp:featuredmedia":[{"embeddable":true,"href":"https:\/\/www.gsl.rs\/fr\/wp-json\/wp\/v2\/media\/1728"}],"wp:attachment":[{"href":"https:\/\/www.gsl.rs\/fr\/wp-json\/wp\/v2\/media?parent=738"}],"wp:term":[{"taxonomy":"product_brand","embeddable":true,"href":"https:\/\/www.gsl.rs\/fr\/wp-json\/wp\/v2\/product_brand?post=738"},{"taxonomy":"product_cat","embeddable":true,"href":"https:\/\/www.gsl.rs\/fr\/wp-json\/wp\/v2\/product_cat?post=738"},{"taxonomy":"product_tag","embeddable":true,"href":"https:\/\/www.gsl.rs\/fr\/wp-json\/wp\/v2\/product_tag?post=738"}],"curies":[{"name":"wp","href":"https:\/\/api.w.org\/{rel}","templated":true}]}}