{"id":277,"date":"2024-06-05T09:58:57","date_gmt":"2024-06-05T09:58:57","guid":{"rendered":"https:\/\/gsl-staging.element-web.com\/?post_type=product&#038;p=277"},"modified":"2025-07-07T14:13:41","modified_gmt":"2025-07-07T12:13:41","slug":"module-numerique-8","status":"publish","type":"product","link":"https:\/\/www.gsl.rs\/fr\/produit\/module-numerique-8\/","title":{"rendered":"Module num\u00e9rique IMS"},"content":{"rendered":"<p>Le module num\u00e9rique offre la possibilit\u00e9 de configurer les entr\u00e9es et les sorties, permettant la lecture et la gestion de diff\u00e9rents param\u00e8tres du syst\u00e8me.<\/p>\n<p>Caract\u00e9ristiques principales :<\/p>\n<ul>\n<li>\u00a0Entr\u00e9es et sorties num\u00e9riques configurables.<\/li>\n<li>Affichage de la valeur du param\u00e8tre de chemin d&#039;interface graphique de 2 pouces.<\/li>\n<li>Diagnostic individuel pour chaque canal.<\/li>\n<\/ul>\n<p>&nbsp;<\/p>\n<p>Il est \u00e9galement \u00e9quip\u00e9 d&#039;une interface graphique de 2 pouces, gr\u00e2ce \u00e0 laquelle nous pouvons visualiser les relev\u00e9s ou les erreurs sur place, ainsi que les messages d&#039;alarme et de diagnostic pour chaque canal s\u00e9par\u00e9ment.<\/p>","protected":false},"excerpt":{"rendered":"<p>Le module num\u00e9rique permet de configurer les entr\u00e9es et sorties, autorisant ainsi la lecture et la gestion de divers param\u00e8tres du syst\u00e8me. Principales caract\u00e9ristiques\u00a0: entr\u00e9es et sorties num\u00e9riques configurables\u00a0; affichage des valeurs des param\u00e8tres sur une interface graphique de 2 pouces\u00a0; diagnostics individuels pour chaque canal. Il est \u00e9galement \u00e9quip\u00e9 d\u2019une interface graphique de 2 pouces permettant de visualiser les mesures en temps r\u00e9el ou [...]<\/p>","protected":false},"featured_media":730,"comment_status":"open","ping_status":"closed","template":"","meta":{"_acf_changed":false,"content-type":""},"product_brand":[],"product_cat":[15],"product_tag":[],"class_list":{"0":"post-277","1":"product","2":"type-product","3":"status-publish","4":"has-post-thumbnail","6":"product_cat-proizvodi","8":"first","9":"instock","10":"taxable","11":"shipping-taxable","12":"product-type-simple"},"acf":[],"_links":{"self":[{"href":"https:\/\/www.gsl.rs\/fr\/wp-json\/wp\/v2\/product\/277","targetHints":{"allow":["GET"]}}],"collection":[{"href":"https:\/\/www.gsl.rs\/fr\/wp-json\/wp\/v2\/product"}],"about":[{"href":"https:\/\/www.gsl.rs\/fr\/wp-json\/wp\/v2\/types\/product"}],"replies":[{"embeddable":true,"href":"https:\/\/www.gsl.rs\/fr\/wp-json\/wp\/v2\/comments?post=277"}],"wp:featuredmedia":[{"embeddable":true,"href":"https:\/\/www.gsl.rs\/fr\/wp-json\/wp\/v2\/media\/730"}],"wp:attachment":[{"href":"https:\/\/www.gsl.rs\/fr\/wp-json\/wp\/v2\/media?parent=277"}],"wp:term":[{"taxonomy":"product_brand","embeddable":true,"href":"https:\/\/www.gsl.rs\/fr\/wp-json\/wp\/v2\/product_brand?post=277"},{"taxonomy":"product_cat","embeddable":true,"href":"https:\/\/www.gsl.rs\/fr\/wp-json\/wp\/v2\/product_cat?post=277"},{"taxonomy":"product_tag","embeddable":true,"href":"https:\/\/www.gsl.rs\/fr\/wp-json\/wp\/v2\/product_tag?post=277"}],"curies":[{"name":"wp","href":"https:\/\/api.w.org\/{rel}","templated":true}]}}