{"id":275,"date":"2024-06-05T09:58:21","date_gmt":"2024-06-05T09:58:21","guid":{"rendered":"https:\/\/gsl-staging.element-web.com\/?post_type=product&#038;p=275"},"modified":"2025-07-07T14:13:47","modified_gmt":"2025-07-07T12:13:47","slug":"module-ims-analogique-4","status":"publish","type":"product","link":"https:\/\/www.gsl.rs\/fr\/produit\/module-ims-analogique-4\/","title":{"rendered":"IMS Analogique4"},"content":{"rendered":"<p>Le module analogique est un dispositif avanc\u00e9 dot\u00e9 de quatre canaux configurables. Chaque canal prend en charge diff\u00e9rents modes de fonctionnement, notamment\u00a0:<\/p>\n<ul>\n<li>Entr\u00e9e 0 \u00e0 10 V<\/li>\n<li>Sortie de 0 \u00e0 10V<\/li>\n<li>Entr\u00e9e de 0 \u00e0 24mA<\/li>\n<li>Sortie de 0 \u00e0 24mA<\/li>\n<li>D\u00e9tecteur de temp\u00e9rature r\u00e9sistif RTD (pt100,pt500)<\/li>\n<li>Le module prend \u00e9galement en charge le mode d&#039;entr\u00e9e num\u00e9rique.<\/li>\n<\/ul>\n<p>&nbsp;<\/p>\n<p>Il est \u00e9quip\u00e9 d&#039;une interface graphique de 2 pouces, gr\u00e2ce \u00e0 laquelle nous pouvons visualiser instantan\u00e9ment les relev\u00e9s ou les erreurs, ainsi que les messages d&#039;alarme et de diagnostic pour chaque canal.<br \/>\nen particulier.<\/p>","protected":false},"excerpt":{"rendered":"<p>Le module analogique est un dispositif avanc\u00e9 dot\u00e9 de quatre canaux configurables. Chaque canal prend en charge diff\u00e9rents modes de fonctionnement, notamment\u00a0: entr\u00e9e 0 \u00e0 10\u00a0V, sortie 0 \u00e0 10\u00a0V, entr\u00e9e 0 \u00e0 24\u00a0mA, sortie 0 \u00e0 24\u00a0mA et d\u00e9tecteur de temp\u00e9rature r\u00e9sistif RTD (PT100, PT500). Le module prend \u00e9galement en charge le mode d\u2019entr\u00e9e num\u00e9rique. Il est \u00e9quip\u00e9 d\u2019une interface graphique de 2\u00a0\u00e9crans [\u2026]<\/p>","protected":false},"featured_media":728,"comment_status":"open","ping_status":"closed","template":"","meta":{"_acf_changed":false,"content-type":""},"product_brand":[],"product_cat":[15],"product_tag":[],"class_list":{"0":"post-275","1":"product","2":"type-product","3":"status-publish","4":"has-post-thumbnail","6":"product_cat-proizvodi","8":"first","9":"instock","10":"taxable","11":"shipping-taxable","12":"product-type-simple"},"acf":[],"_links":{"self":[{"href":"https:\/\/www.gsl.rs\/fr\/wp-json\/wp\/v2\/product\/275","targetHints":{"allow":["GET"]}}],"collection":[{"href":"https:\/\/www.gsl.rs\/fr\/wp-json\/wp\/v2\/product"}],"about":[{"href":"https:\/\/www.gsl.rs\/fr\/wp-json\/wp\/v2\/types\/product"}],"replies":[{"embeddable":true,"href":"https:\/\/www.gsl.rs\/fr\/wp-json\/wp\/v2\/comments?post=275"}],"wp:featuredmedia":[{"embeddable":true,"href":"https:\/\/www.gsl.rs\/fr\/wp-json\/wp\/v2\/media\/728"}],"wp:attachment":[{"href":"https:\/\/www.gsl.rs\/fr\/wp-json\/wp\/v2\/media?parent=275"}],"wp:term":[{"taxonomy":"product_brand","embeddable":true,"href":"https:\/\/www.gsl.rs\/fr\/wp-json\/wp\/v2\/product_brand?post=275"},{"taxonomy":"product_cat","embeddable":true,"href":"https:\/\/www.gsl.rs\/fr\/wp-json\/wp\/v2\/product_cat?post=275"},{"taxonomy":"product_tag","embeddable":true,"href":"https:\/\/www.gsl.rs\/fr\/wp-json\/wp\/v2\/product_tag?post=275"}],"curies":[{"name":"wp","href":"https:\/\/api.w.org\/{rel}","templated":true}]}}