{"id":1893,"date":"2025-07-07T13:49:14","date_gmt":"2025-07-07T11:49:14","guid":{"rendered":"https:\/\/gsl.rs\/?post_type=product&#038;p=1893"},"modified":"2025-07-07T14:06:39","modified_gmt":"2025-07-07T12:06:39","slug":"systeme-ims-pour-la-surveillance-industrielle","status":"publish","type":"product","link":"https:\/\/www.gsl.rs\/fr\/produit\/systeme-ims-pour-la-surveillance-industrielle\/","title":{"rendered":"Syst\u00e8me IMS pour la surveillance industrielle"},"content":{"rendered":"<p>Le syst\u00e8me IMS, d\u00e9velopp\u00e9 par GSL DOO, est une solution avanc\u00e9e de surveillance, de contr\u00f4le et de gestion de divers syst\u00e8mes industriels et d&#039;infrastructures. Ce syst\u00e8me repose sur une architecture modulaire, permettant de combiner et d&#039;int\u00e9grer diff\u00e9rents modules dans des armoires de distribution sp\u00e9cialis\u00e9es, selon les besoins du client.<br \/>\nLe principal avantage du syst\u00e8me IMS r\u00e9side dans sa flexibilit\u00e9 et sa capacit\u00e9 d&#039;adaptation \u00e0 des conditions et exigences sp\u00e9cifiques. Chaque module poss\u00e8de une fonction d\u00e9finie, allant de la mesure et de l&#039;analyse \u00e9lectrique<br \/>\nparam\u00e8tres de gestion des signaux de sortie et de notification des \u00e9tats d&#039;alarme.<\/p>","protected":false},"excerpt":{"rendered":"<p>Le syst\u00e8me IMS, d\u00e9velopp\u00e9 par GSL DOO, est une solution avanc\u00e9e de surveillance, de contr\u00f4le et de gestion de divers syst\u00e8mes industriels et d&#039;infrastructures. Ce syst\u00e8me repose sur une architecture modulaire, permettant de combiner et d&#039;int\u00e9grer diff\u00e9rents modules dans des armoires de distribution sp\u00e9cialis\u00e9es, selon les besoins du client. Le principal atout du syst\u00e8me IMS r\u00e9side dans sa flexibilit\u00e9 et son adaptabilit\u00e9. [...]<\/p>","protected":false},"featured_media":1777,"comment_status":"open","ping_status":"closed","template":"","meta":{"_acf_changed":false,"content-type":""},"product_brand":[],"product_cat":[15,40],"product_tag":[],"class_list":{"0":"post-1893","1":"product","2":"type-product","3":"status-publish","4":"has-post-thumbnail","6":"product_cat-proizvodi","7":"product_cat-ims-sistem","9":"first","10":"instock","11":"taxable","12":"shipping-taxable","13":"product-type-simple"},"acf":[],"_links":{"self":[{"href":"https:\/\/www.gsl.rs\/fr\/wp-json\/wp\/v2\/product\/1893","targetHints":{"allow":["GET"]}}],"collection":[{"href":"https:\/\/www.gsl.rs\/fr\/wp-json\/wp\/v2\/product"}],"about":[{"href":"https:\/\/www.gsl.rs\/fr\/wp-json\/wp\/v2\/types\/product"}],"replies":[{"embeddable":true,"href":"https:\/\/www.gsl.rs\/fr\/wp-json\/wp\/v2\/comments?post=1893"}],"wp:featuredmedia":[{"embeddable":true,"href":"https:\/\/www.gsl.rs\/fr\/wp-json\/wp\/v2\/media\/1777"}],"wp:attachment":[{"href":"https:\/\/www.gsl.rs\/fr\/wp-json\/wp\/v2\/media?parent=1893"}],"wp:term":[{"taxonomy":"product_brand","embeddable":true,"href":"https:\/\/www.gsl.rs\/fr\/wp-json\/wp\/v2\/product_brand?post=1893"},{"taxonomy":"product_cat","embeddable":true,"href":"https:\/\/www.gsl.rs\/fr\/wp-json\/wp\/v2\/product_cat?post=1893"},{"taxonomy":"product_tag","embeddable":true,"href":"https:\/\/www.gsl.rs\/fr\/wp-json\/wp\/v2\/product_tag?post=1893"}],"curies":[{"name":"wp","href":"https:\/\/api.w.org\/{rel}","templated":true}]}}