{"id":1886,"date":"2025-07-07T13:35:22","date_gmt":"2025-07-07T11:35:22","guid":{"rendered":"https:\/\/gsl.rs\/?post_type=product&#038;p=1886"},"modified":"2025-07-07T14:13:24","modified_gmt":"2025-07-07T12:13:24","slug":"module-pdu-ims","status":"publish","type":"product","link":"https:\/\/www.gsl.rs\/fr\/produit\/module-pdu-ims\/","title":{"rendered":"Module PDU IMS"},"content":{"rendered":"<p data-start=\"77\" data-end=\"116\"><strong data-start=\"77\" data-end=\"116\">Module d&#039;unit\u00e9 de distribution d&#039;\u00e9nergie (PDU)<\/strong><\/p>\n<p data-start=\"118\" data-end=\"346\">Le module de distribution d&#039;\u00e9nergie est con\u00e7u pour une distribution efficace et s\u00fbre de l&#039;\u00e9nergie de la source d&#039;alimentation vers les appareils associ\u00e9s. Il se monte sur un rail DIN, permettant une distribution ordonn\u00e9e et s\u00e9curis\u00e9e de la tension \u00e0 l&#039;int\u00e9rieur de l&#039;armoire \u00e9lectrique.<\/p>\n<p data-start=\"348\" data-end=\"497\">Le module int\u00e8gre une protection contre les surtensions et les interf\u00e9rences ind\u00e9sirables, ce qui prot\u00e8ge l&#039;\u00e9quipement connect\u00e9 et garantit un fonctionnement stable et fiable \u00e0 long terme de l&#039;ensemble du syst\u00e8me.<\/p>","protected":false},"excerpt":{"rendered":"<p>Module d&#039;unit\u00e9 de distribution d&#039;\u00e9nergie (PDU) Le module d&#039;unit\u00e9 de distribution d&#039;\u00e9nergie est con\u00e7u pour une distribution efficace et s\u00fbre de l&#039;\u00e9nergie de la source d&#039;alimentation vers les appareils connect\u00e9s. Il se monte sur un rail DIN, permettant une distribution ordonn\u00e9e et s\u00fbre de la tension \u00e0 l&#039;int\u00e9rieur de l&#039;armoire \u00e9lectrique. Le module int\u00e8gre une protection contre les surtensions et les interf\u00e9rences ind\u00e9sirables, prot\u00e9geant ainsi les \u00e9quipements connect\u00e9s et garantissant une alimentation stable, fiable et durable.<\/p>","protected":false},"featured_media":1889,"comment_status":"open","ping_status":"closed","template":"","meta":{"_acf_changed":false,"content-type":""},"product_brand":[],"product_cat":[15],"product_tag":[],"class_list":{"0":"post-1886","1":"product","2":"type-product","3":"status-publish","4":"has-post-thumbnail","6":"product_cat-proizvodi","8":"first","9":"instock","10":"taxable","11":"shipping-taxable","12":"product-type-simple"},"acf":[],"_links":{"self":[{"href":"https:\/\/www.gsl.rs\/fr\/wp-json\/wp\/v2\/product\/1886","targetHints":{"allow":["GET"]}}],"collection":[{"href":"https:\/\/www.gsl.rs\/fr\/wp-json\/wp\/v2\/product"}],"about":[{"href":"https:\/\/www.gsl.rs\/fr\/wp-json\/wp\/v2\/types\/product"}],"replies":[{"embeddable":true,"href":"https:\/\/www.gsl.rs\/fr\/wp-json\/wp\/v2\/comments?post=1886"}],"wp:featuredmedia":[{"embeddable":true,"href":"https:\/\/www.gsl.rs\/fr\/wp-json\/wp\/v2\/media\/1889"}],"wp:attachment":[{"href":"https:\/\/www.gsl.rs\/fr\/wp-json\/wp\/v2\/media?parent=1886"}],"wp:term":[{"taxonomy":"product_brand","embeddable":true,"href":"https:\/\/www.gsl.rs\/fr\/wp-json\/wp\/v2\/product_brand?post=1886"},{"taxonomy":"product_cat","embeddable":true,"href":"https:\/\/www.gsl.rs\/fr\/wp-json\/wp\/v2\/product_cat?post=1886"},{"taxonomy":"product_tag","embeddable":true,"href":"https:\/\/www.gsl.rs\/fr\/wp-json\/wp\/v2\/product_tag?post=1886"}],"curies":[{"name":"wp","href":"https:\/\/api.w.org\/{rel}","templated":true}]}}