{"id":1765,"date":"2024-08-16T13:35:43","date_gmt":"2024-08-16T11:35:43","guid":{"rendered":"https:\/\/gsl.rs\/?post_type=product&#038;p=1765"},"modified":"2025-08-12T12:36:53","modified_gmt":"2025-08-12T10:36:53","slug":"alerte-rapide-gsl","status":"publish","type":"product","link":"https:\/\/www.gsl.rs\/fr\/produit\/alerte-rapide-gsl\/","title":{"rendered":"Alerte rapide GSL"},"content":{"rendered":"<p>Le dispositif QuickAlert permet une notification imm\u00e9diate des changements dans les syst\u00e8mes utilisant des entr\u00e9es relais, assurant ainsi la s\u00e9curit\u00e9 et le contr\u00f4le en temps r\u00e9el des param\u00e8tres critiques.<br \/>\nIl est con\u00e7u pour \u00eatre int\u00e9gr\u00e9 \u00e0 divers syst\u00e8mes, allant des alarmes et capteurs de s\u00e9curit\u00e9 aux applications industrielles et commerciales.<br \/>\nL&#039;appareil dispose de 4 entr\u00e9es relais. Lorsqu&#039;elles sont activ\u00e9es, il envoie automatiquement des notifications SMS \u00e0 des num\u00e9ros de t\u00e9l\u00e9phone pr\u00e9d\u00e9finis et\/ou effectue un appel vers l&#039;un des num\u00e9ros prioritaires.<br \/>\n\u00e0 l&#039;utilisateur. De cette mani\u00e8re, les utilisateurs re\u00e7oivent imm\u00e9diatement des informations sur les modifications apport\u00e9es au syst\u00e8me, ce qui leur permet de r\u00e9agir rapidement.<\/p>\n<p>&nbsp;<\/p>\n<ul>\n<li>Envoi automatique de SMS\u00a0: chaque action activ\u00e9e g\u00e9n\u00e8re un message pr\u00e9d\u00e9fini, adaptable aux besoins de l\u2019utilisateur.<\/li>\n<li>Prise en charge de jusqu&#039;\u00e0 70 num\u00e9ros de t\u00e9l\u00e9phone - l&#039;appareil peut avoir 50 utilisateurs et 20 utilisateurs administrateurs, ce qui assure une large couverture des informations.<\/li>\n<li>Appel prioritaire d&#039;un utilisateur \u2013 lorsqu&#039;une entr\u00e9e est activ\u00e9e, l&#039;appareil peut appeler automatiquement un utilisateur sp\u00e9cifique pour une r\u00e9ponse rapide.<\/li>\n<li>Programmation simple \u2013 les utilisateurs peuvent facilement modifier le texte de notification et la liste des num\u00e9ros via la configuration.<\/li>\n<li>Fonctionnement fiable dans divers syst\u00e8mes \u2013 compatible avec les syst\u00e8mes d&#039;alarme, les capteurs de s\u00e9curit\u00e9, les interrupteurs industriels et autres appareils utilisant des sorties relais.<\/li>\n<li>D\u00e9tection des pannes de courant \u2013 L\u2019appareil peut envoyer une notification par SMS en cas de panne de courant, permettant \u00e0 l\u2019utilisateur de r\u00e9agir rapidement.<\/li>\n<li>Autonomie jusqu&#039;\u00e0 8 h - Continue de fonctionner gr\u00e2ce \u00e0 la batterie interne.<\/li>\n<li>Notification de batterie faible\u00a0: l\u2019appareil envoie automatiquement une notification lorsque la batterie est faible, ce qui permet aux utilisateurs de recharger l\u2019appareil \u00e0 temps et \u00e9vite les interruptions de son fonctionnement.<\/li>\n<\/ul>","protected":false},"excerpt":{"rendered":"<p>Le dispositif QuickAlert permet la notification imm\u00e9diate des changements dans les syst\u00e8mes utilisant des entr\u00e9es relais, assurant ainsi la s\u00e9curit\u00e9 et le contr\u00f4le en temps r\u00e9el des param\u00e8tres critiques. Il est con\u00e7u pour \u00eatre int\u00e9gr\u00e9 \u00e0 divers syst\u00e8mes, des alarmes et capteurs de s\u00e9curit\u00e9 aux applications industrielles et commerciales. Le dispositif dispose de 4 entr\u00e9es relais\u00a0; lorsqu&#039;une de ces entr\u00e9es est activ\u00e9e, il envoie automatiquement des notifications SMS \u00e0 des destinataires pr\u00e9d\u00e9finis.<\/p>","protected":false},"featured_media":741,"comment_status":"open","ping_status":"closed","template":"","meta":{"_acf_changed":false,"content-type":""},"product_brand":[],"product_cat":[15],"product_tag":[],"class_list":{"0":"post-1765","1":"product","2":"type-product","3":"status-publish","4":"has-post-thumbnail","6":"product_cat-proizvodi","8":"first","9":"instock","10":"taxable","11":"shipping-taxable","12":"purchasable","13":"product-type-simple"},"acf":[],"_links":{"self":[{"href":"https:\/\/www.gsl.rs\/fr\/wp-json\/wp\/v2\/product\/1765","targetHints":{"allow":["GET"]}}],"collection":[{"href":"https:\/\/www.gsl.rs\/fr\/wp-json\/wp\/v2\/product"}],"about":[{"href":"https:\/\/www.gsl.rs\/fr\/wp-json\/wp\/v2\/types\/product"}],"replies":[{"embeddable":true,"href":"https:\/\/www.gsl.rs\/fr\/wp-json\/wp\/v2\/comments?post=1765"}],"wp:featuredmedia":[{"embeddable":true,"href":"https:\/\/www.gsl.rs\/fr\/wp-json\/wp\/v2\/media\/741"}],"wp:attachment":[{"href":"https:\/\/www.gsl.rs\/fr\/wp-json\/wp\/v2\/media?parent=1765"}],"wp:term":[{"taxonomy":"product_brand","embeddable":true,"href":"https:\/\/www.gsl.rs\/fr\/wp-json\/wp\/v2\/product_brand?post=1765"},{"taxonomy":"product_cat","embeddable":true,"href":"https:\/\/www.gsl.rs\/fr\/wp-json\/wp\/v2\/product_cat?post=1765"},{"taxonomy":"product_tag","embeddable":true,"href":"https:\/\/www.gsl.rs\/fr\/wp-json\/wp\/v2\/product_tag?post=1765"}],"curies":[{"name":"wp","href":"https:\/\/api.w.org\/{rel}","templated":true}]}}