{"id":1792,"date":"2025-07-01T13:41:30","date_gmt":"2025-07-01T11:41:30","guid":{"rendered":"https:\/\/gsl.rs\/?page_id=1792"},"modified":"2025-07-01T14:55:41","modified_gmt":"2025-07-01T12:55:41","slug":"produits-du-groupe-systeme-ims","status":"publish","type":"page","link":"https:\/\/www.gsl.rs\/fr\/produits-du-groupe-systeme-ims\/","title":{"rendered":"Syst\u00e8me IMS - produits du groupe"},"content":{"rendered":"<div data-elementor-type=\"wp-page\" data-elementor-id=\"1792\" class=\"elementor elementor-1792\" data-elementor-post-type=\"page\">\n\t\t\t\t<div class=\"elementor-element elementor-element-2c9ea37 e-con-full e-flex e-con e-parent\" data-id=\"2c9ea37\" data-element_type=\"container\">\n\t\t\t\t<div class=\"elementor-element elementor-element-f421cdf elementor-widget elementor-widget-template\" data-id=\"f421cdf\" data-element_type=\"widget\" data-widget_type=\"template.default\">\n\t\t\t\t<div class=\"elementor-widget-container\">\n\t\t\t\t\t\t\t<div class=\"elementor-template\">\n\t\t\t\t\t<div data-elementor-type=\"product\" data-elementor-id=\"1779\" class=\"elementor elementor-1779 product\" data-elementor-post-type=\"elementor_library\">\n\t\t\t<div class=\"elementor-element elementor-element-d8741b0 e-flex e-con-boxed e-con e-parent\" data-id=\"d8741b0\" data-element_type=\"container\">\n\t\t\t\t\t<div class=\"e-con-inner\">\n\t\t\t\t<div class=\"elementor-element elementor-element-e870050 elementor-widget elementor-widget-html\" data-id=\"e870050\" data-element_type=\"widget\" data-widget_type=\"html.default\">\n\t\t\t\t<div class=\"elementor-widget-container\">\n\t\t\t\t\t<!DOCTYPE html>\r\n<html lang=\"sr\">\r\n<head>\r\n  <meta charset=\"UTF-8\" \/>\r\n  <meta name=\"viewport\" content=\"width=device-width, initial-scale=1\" \/>\r\n  <title>Animation de particules<\/title>\r\n  <style>\r\n    \/* Fiksirana animacija u vrhu, 300px visine *\/\r\n    #particles-js {\r\n      position: absolute;\r\n      width: 100%;\r\n      height: 130px;\r\n      z-index: -1; \/* iza ostalog sadr\u017eaja *\/\r\n      background: #0d47a199; \/* tamnoplava pozadina *\/\r\n    }\r\n  <\/style>\r\n<\/head>\r\n<body>\r\n\r\n  <div id=\"particles-js\"><\/div>\r\n\r\n  <!-- Spacer da sadr\u017eaj ne bude iza animacije -->\r\n  <div style=\"height: 300px;\"><\/div>\r\n\r\n  <!-- Ovde ide ostatak sadr\u017eaja tvoje stranice -->\r\n\r\n  <script src=\"https:\/\/cdn.jsdelivr.net\/particles.js\/2.0.0\/particles.min.js\"><\/script> \r\n  <script>\r\n    particlesJS(\"particles-js\", {\r\n      \"particles\": {\r\n        \"number\": {\r\n          \"value\": 156,\r\n          \"density\": {\r\n            \"enable\": true,\r\n            \"value_area\": 685\r\n          }\r\n        },\r\n        \"color\": {\r\n          \"value\": \"#ffffff\"\r\n        },\r\n        \"shape\": {\r\n          \"type\": \"circle\",\r\n          \"stroke\": {\r\n            \"width\": 0,\r\n            \"color\": \"#000000\"\r\n          },\r\n          \"polygon\": {\r\n            \"nb_sides\": 5\r\n          },\r\n          \"image\": {\r\n            \"src\": \"img\/github.svg\",\r\n            \"width\": 100,\r\n            \"height\": 100\r\n          }\r\n        },\r\n        \"opacity\": {\r\n          \"value\": 0.5,\r\n          \"random\": false,\r\n          \"anim\": {\r\n            \"enable\": false,\r\n            \"speed\": 10,\r\n            \"opacity_min\": 0.1,\r\n            \"sync\": false\r\n          }\r\n        },\r\n        \"size\": {\r\n          \"value\": 0,\r\n          \"random\": true,\r\n          \"anim\": {\r\n            \"enable\": false,\r\n            \"speed\": 40,\r\n            \"size_min\": 0.1,\r\n            \"sync\": false\r\n          }\r\n        },\r\n        \"line_linked\": {\r\n          \"enable\": true,\r\n          \"distance\": 150,\r\n          \"color\": \"#ffffff\",\r\n          \"opacity\": 0.4,\r\n          \"width\": 1\r\n        },\r\n        \"move\": {\r\n          \"enable\": true,\r\n          \"speed\": 3.2,\r\n          \"direction\": \"none\",\r\n          \"random\": false,\r\n          \"straight\": false,\r\n          \"out_mode\": \"out\",\r\n          \"bounce\": false,\r\n          \"attract\": {\r\n            \"enable\": false,\r\n            \"rotateX\": 600,\r\n            \"rotateY\": 1200\r\n          }\r\n        }\r\n      },\r\n      \"interactivity\": {\r\n        \"detect_on\": \"canvas\",\r\n        \"events\": {\r\n          \"onhover\": {\r\n            \"enable\": true,\r\n            \"mode\": \"repulse\"\r\n          },\r\n          \"onclick\": {\r\n            \"enable\": true,\r\n            \"mode\": \"push\"\r\n          },\r\n          \"resize\": true\r\n        },\r\n        \"modes\": {\r\n          \"grab\": {\r\n            \"distance\": 400,\r\n            \"line_linked\": {\r\n              \"opacity\": 1\r\n            }\r\n          },\r\n          \"bubble\": {\r\n            \"distance\": 400,\r\n            \"size\": 40,\r\n            \"duration\": 2,\r\n            \"opacity\": 8,\r\n            \"speed\": 3\r\n          },\r\n          \"repulse\": {\r\n            \"distance\": 200,\r\n            \"duration\": 0.4\r\n          },\r\n          \"push\": {\r\n            \"particles_nb\": 4\r\n          },\r\n          \"remove\": {\r\n            \"particles_nb\": 2\r\n          }\r\n        }\r\n      },\r\n      \"retina_detect\": true\r\n    });\r\n  <\/script>\r\n\r\n<\/body>\r\n<\/html>\t\t\t\t<\/div>\n\t\t\t\t<\/div>\n\t\t\t\t\t<\/div>\n\t\t\t\t<\/div>\n\t\t<div class=\"elementor-element elementor-element-dbeda38 e-flex e-con-boxed e-con e-parent\" data-id=\"dbeda38\" data-element_type=\"container\">\n\t\t\t\t\t<div class=\"e-con-inner\">\n\t\t<div class=\"elementor-element elementor-element-62a2542 e-con-full e-flex e-con e-child\" data-id=\"62a2542\" data-element_type=\"container\">\n\t\t\t\t<\/div>\n\t\t\t\t<div class=\"elementor-element elementor-element-fc4bce3 elementor-widget elementor-widget-html\" data-id=\"fc4bce3\" data-element_type=\"widget\" data-widget_type=\"html.default\">\n\t\t\t\t<div class=\"elementor-widget-container\">\n\t\t\t\t\t<!DOCTYPE html>\r\n<html lang=\"sr\">\r\n<head>\r\n  <meta charset=\"UTF-8\" \/>\r\n  <meta name=\"viewport\" content=\"width=device-width, initial-scale=1.0\" \/>\r\n  <title>Syst\u00e8me IMS | GSL DOO<\/title>\r\n  <style>\r\n    body {\r\n      font-family: sans-serif;\r\n      line-height: 1.6;\r\n      margin: 0;\r\n      padding: 0;\r\n      background: #f7f7f7;\r\n      color: #333;\r\n    }\r\n    .container {\r\n      max-width: 1200px;\r\n      margin: 80px auto;\r\n      padding: 40px 20px;\r\n    }\r\n    .row {\r\n      display: flex;\r\n      flex-wrap: wrap;\r\n      gap: 40px;\r\n      align-items: center;\r\n      margin-bottom: 60px;\r\n    }\r\n    .button {\r\n      display: inline-block;\r\n      background: #1b4f72 !important;\r\n      color: #ffffff !important;\r\n      padding: 12px 24px;\r\n      text-decoration: none;\r\n      border-radius: 5px;\r\n      font-size: 14px;\r\n    }\r\n    .col-50 {\r\n      flex: 1 1 45%;\r\n    }\r\n    h1, h2, h3 {\r\n      color: #1b1b1b;\r\n    }\r\n    .hero {\r\n      background: #e6edf7;\r\n      padding: 20px 40px;\r\n      text-align: left;\r\n      margin-top: -60px;\r\n    }\r\n    .hero img {\r\n      max-width: 100%;\r\n      height: auto;\r\n    }\r\n    .grid {\r\n      display: grid;\r\n      grid-template-columns: repeat(auto-fit, minmax(250px, 1fr));\r\n      gap: 30px;\r\n    }\r\n    .card {\r\n      background: #fff;\r\n      padding: 20px;\r\n      border-radius: 10px;\r\n      box-shadow: 0 2px 10px rgba(0,0,0,0.05);\r\n      display: flex;\r\n      flex-direction: column;\r\n      justify-content: space-between;\r\n    }\r\n    .card img {\r\n      width: 100px;\r\n      margin-bottom: 0px;\r\n    }\r\n    .buttons {\r\n      margin-top: auto;\r\n      display: flex;\r\n      gap: 10px;\r\n      flex-wrap: wrap;\r\n      margin-top: 20px;\r\n    }\r\n    .cta {\r\n      text-align: center;\r\n      background: #e6edf7;\r\n      color: #5c5c5c;\r\n      padding: 40px 20px;\r\n      margin: 50px 0 100px;\r\n    }\r\n    .cta a {\r\n      background: #1b4f72;\r\n      color: #fff;\r\n      padding: 12px 24px;\r\n      border-radius: 5px;\r\n      text-decoration: none;\r\n      margin-top: 20px;\r\n      display: inline-block;\r\n    }\r\n    .image-wrapper {\r\n      overflow: hidden;\r\n      border-radius: 10px;\r\n      display: inline-block;\r\n    }\r\n    .zoom-on-hover {\r\n      transition: transform 0.4s ease, box-shadow 0.4s ease;\r\n      display: block;\r\n      border-radius: 10px;\r\n    }\r\n    .zoom-on-hover:hover {\r\n      transform: scale(1.05);\r\n      box-shadow: 0 15px 30px rgba(0, 0, 0, 0.2);\r\n      cursor: zoom-in;\r\n    }\r\n    #lightbox-overlay {\r\n      position: fixed;\r\n      top: 0;\r\n      left: 0;\r\n      width: 100%;\r\n      height: 100%;\r\n      background: rgba(15, 15, 15, 0.85);\r\n      display: flex;\r\n      align-items: center;\r\n      justify-content: center;\r\n      z-index: 9999;\r\n      visibility: hidden;\r\n      opacity: 0;\r\n      transition: opacity 0.3s ease;\r\n    }\r\n    #lightbox-overlay.active {\r\n      visibility: visible;\r\n      opacity: 1;\r\n    }\r\n    #lightbox-overlay img {\r\n      max-width: 90%;\r\n      max-height: 90%;\r\n      box-shadow: 0 10px 30px rgba(0, 0, 0, 0.6);\r\n      border-radius: 8px;\r\n    }\r\n  <\/style>\r\n<\/head>\r\n<body>\r\n\r\n  <!-- Hero Section -->\r\n  <section class=\"hero\">\r\n    <div class=\"container row\">\r\n      <div class=\"col-50\">\r\n        <h1>IMS - Syst\u00e8me de surveillance industrielle<\/h1>\r\n        <p>Architecture modulaire d\u00e9velopp\u00e9e par GSL DOO pour la surveillance et la gestion des syst\u00e8mes industriels et d&#039;infrastructure.<\/p>\r\n        <a href=\"https:\/\/gsl.rs\/wp-content\/uploads\/2025\/07\/IMS-Sistem-moduli.pdf\" target=\"_blank\" class=\"button\">Afficher les fonctionnalit\u00e9s (PDF)<\/a>\r\n      <\/div>\r\n      <div class=\"col-50\">\r\n        <img decoding=\"async\" src=\"https:\/\/gsl.rs\/wp-content\/uploads\/2024\/05\/RO-IMS-SISTEM.png\" alt=\"Garde-robe IMS\" \/>\r\n      <\/div>\r\n    <\/div>\r\n  <\/section>\r\n\r\n  <!-- Opis sistema -->\r\n  <section class=\"container\">\r\n    <h2>\u00c0 propos du syst\u00e8me IMS<\/h2>\r\n    <p>Le syst\u00e8me IMS a \u00e9t\u00e9 d\u00e9velopp\u00e9 par <strong>GSL DOO<\/strong> et constitue une solution avanc\u00e9e pour <strong>supervision, contr\u00f4le et gestion<\/strong> diff\u00e9rents syst\u00e8mes industriels et d&#039;infrastructures.<\/p>\r\n    <p>Il est bas\u00e9 sur <strong>architecture modulaire<\/strong>, dans lesquels diff\u00e9rents modules sont combin\u00e9s et int\u00e9gr\u00e9s dans des armoires de distribution, en fonction des besoins des clients.<\/p>\r\n    <p>Les principaux avantages du syst\u00e8me IMS sont : la flexibilit\u00e9, l&#039;\u00e9volutivit\u00e9, l&#039;adaptabilit\u00e9 aux conditions sp\u00e9cifiques et l&#039;analyse pr\u00e9cise avec alarme.<\/p>\r\n  <\/section>\r\n\r\n  <!-- Softver -->\r\n  <section class=\"container row\">\r\n    <div class=\"col-50\">\r\n      <h3>Le syst\u00e8me IMS est \u00e9galement livr\u00e9 avec <strong>Plateforme logicielle Intelity NET<\/strong> pour la configuration, la surveillance et la gestion.<\/h3>\r\n      <ul>\r\n        <li>Afficher les modules sur la carte<\/li>\r\n        <li>Surveillance des param\u00e8tres en temps r\u00e9el<\/li>\r\n        <li>Notifications d&#039;alarme<\/li>\r\n        <li>Acc\u00e8s et configuration \u00e0 distance<\/li>\r\n      <\/ul>\r\n      <br \/>\r\n      <p>Dans l&#039;armoire de distribution IMS, en fonction des besoins des clients, les modules suivants peuvent \u00eatre install\u00e9s\u00a0:<\/p>\r\n      <ul>\r\n        <li>Module analogique IMS<\/li>\r\n        <li>Module num\u00e9rique IMS<\/li>\r\n        <li>Module Ethernet IMS<\/li>\r\n        <li>Module PDU IMS<\/li>\r\n        <li>Module IMS RS485<\/li>\r\n        <li>Module IMS MODBUS TCP<\/li>\r\n      <\/ul>\r\n    <\/div>\r\n    <div class=\"col-50\">\r\n      <p>Exemple de mise en \u0153uvre d&#039;un syst\u00e8me IMS dans une station de pompage\u00a0:<\/p>\r\n      <img decoding=\"async\" src=\"https:\/\/gsl.rs\/wp-content\/uploads\/2025\/07\/CS-LOK-IMS-Moduli.png\" alt=\"Interface logicielle\" class=\"zoom-on-hover lightbox-img\" \/>\r\n      <img decoding=\"async\" src=\"https:\/\/gsl.rs\/wp-content\/uploads\/2025\/07\/CS-LOK-IMS.png\" alt=\"Deuxi\u00e8me vue\" class=\"zoom-on-hover lightbox-img\" style=\"margin-top: 20px;\" \/>\r\n    <\/div>\r\n  <\/section>\r\n\r\n  <!-- Moduli -->\r\n  <section class=\"container\">\r\n    <h2>modules du syst\u00e8me IMS<\/h2>\r\n    <div class=\"grid\">\r\n\r\n      <div class=\"card\">\r\n        <img decoding=\"async\" src=\"https:\/\/gsl.rs\/wp-content\/uploads\/2024\/06\/PNG-Analog-Pod-uglom-scaled-e1750687875976.png\" alt=\"Module analogique\" \/>\r\n        <h3>Module analogique<\/h3>\r\n        <p>Il mesure la tension, le courant et la temp\u00e9rature (RTD).<\/p>\r\n        <div class=\"buttons\">\r\n          <a href=\"https:\/\/www.gsl.rs\/fr\/produit\/module-ims-analogique-4\/\" class=\"button\">Plus de d\u00e9tails<\/a>\r\n          <a href=\"https:\/\/gsl.rs\/wp-content\/uploads\/2024\/06\/Karakteristike-Uredjaja-Analog.pdf\" class=\"button\" target=\"_blank\">PDF<\/a>\r\n        <\/div>\r\n      <\/div>\r\n\r\n      <div class=\"card\">\r\n        <img decoding=\"async\" src=\"https:\/\/gsl.rs\/wp-content\/uploads\/2024\/06\/Digital-png-Pod-uglom-scaled-e1750688030640.png\" alt=\"Module num\u00e9rique\" \/>\r\n        <h3>Module num\u00e9rique<\/h3>\r\n        <p>Gestion des entr\u00e9es et sorties num\u00e9riques.<\/p>\r\n        <div class=\"buttons\">\r\n          <a href=\"https:\/\/www.gsl.rs\/fr\/produit\/module-numerique-8\/\" class=\"button\">Plus de d\u00e9tails<\/a>\r\n          <a href=\"https:\/\/gsl.rs\/wp-content\/uploads\/2024\/06\/Karakteristike-Uredjaja-Digital.pdf\" class=\"button\" target=\"_blank\">PDF<\/a>\r\n        <\/div>\r\n      <\/div>\r\n\r\n      <div class=\"card\">\r\n        <img decoding=\"async\" src=\"https:\/\/gsl.rs\/wp-content\/uploads\/2025\/07\/IMS-rs485.png\" alt=\"Module RS485\" \/>\r\n        <h3>Module RS485<\/h3>\r\n        <p>Communication avec des p\u00e9riph\u00e9riques externes via RS485.<\/p>\r\n        <div class=\"buttons\">\r\n          <a href=\"https:\/\/www.gsl.rs\/fr\/produit\/module-rs485\/\" class=\"button\">Plus de d\u00e9tails<\/a>\r\n          <a href=\"https:\/\/gsl.rs\/wp-content\/uploads\/2025\/07\/Karakteristike-Uredjaja-RS485.pdf\" class=\"button\" target=\"_blank\">PDF<\/a>\r\n        <\/div>\r\n      <\/div>\r\n\r\n      <div class=\"card\">\r\n        <img decoding=\"async\" src=\"https:\/\/gsl.rs\/wp-content\/uploads\/2025\/07\/IMS-Ethernet.png\" alt=\"Module MODBUS\" \/>\r\n        <h3>Module MODBUS\/Ethernet<\/h3>\r\n        <p>Int\u00e9gration aux protocoles industriels.<\/p>\r\n        <div class=\"buttons\">\r\n          <a href=\"https:\/\/www.gsl.rs\/fr\/produit\/ethernet-modbus-ims\/\" class=\"button\">Plus de d\u00e9tails<\/a>\r\n          <a href=\"https:\/\/gsl.rs\/wp-content\/uploads\/2025\/07\/IMS-Modbus_Ethernet.pdf\" class=\"button\" target=\"_blank\">PDF<\/a>\r\n        <\/div>\r\n      <\/div>\r\n\r\n      <div class=\"card\">\r\n        <img decoding=\"async\" src=\"https:\/\/gsl.rs\/wp-content\/uploads\/2025\/07\/IMS-PDU.png\" alt=\"module PDU\" \/>\r\n        <h3>module PDU<\/h3>\r\n        <p>Distribution et comptage de l&#039;\u00e9nergie.<\/p>\r\n        <div class=\"buttons\">\r\n          <a href=\"https:\/\/www.gsl.rs\/fr\/produit\/module-pdu-ims\/\" class=\"button\">Plus de d\u00e9tails<\/a>\r\n          <a href=\"https:\/\/gsl.rs\/wp-content\/uploads\/2025\/07\/Karakteristike-Uredjaja-PDU.pdf\" class=\"button\" target=\"_blank\">PDF<\/a>\r\n        <\/div>\r\n      <\/div>\r\n\r\n    <\/div>\r\n  <\/section>\r\n\r\n  <!-- CTA -->\r\n  <section class=\"cta\">\r\n    <h2>Int\u00e9ress\u00e9 par une solution IMS\u00a0?<\/h2>\r\n    <p>Contactez-nous pour une consultation technique et une offre adapt\u00e9e \u00e0 vos besoins.<\/p>\r\n    <a href=\"https:\/\/www.gsl.rs\/fr\/contact\/\">Envoyer une demande<\/a>\r\n  <\/section>\r\n\r\n  <!-- Lightbox Overlay -->\r\n  <div id=\"lightbox-overlay\">\r\n    <img decoding=\"async\" src=\"\" alt=\"Image agrandie\" \/>\r\n  <\/div>\r\n\r\n  <!-- Lightbox Script -->\r\n  <script>\r\n    document.addEventListener(\"DOMContentLoaded\", function () {\r\n      const lightboxImages = document.querySelectorAll(\".lightbox-img\");\r\n      const overlay = document.getElementById(\"lightbox-overlay\");\r\n      const overlayImg = overlay.querySelector(\"img\");\r\n\r\n      lightboxImages.forEach(img => {\r\n        img.addEventListener(\"click\", () => {\r\n          overlayImg.src = img.src;\r\n          overlay.classList.add(\"active\");\r\n        });\r\n      });\r\n\r\n      overlay.addEventListener(\"click\", () => {\r\n        overlay.classList.remove(\"active\");\r\n      });\r\n    });\r\n  <\/script>\r\n\r\n<\/body>\r\n<\/html>\r\n\t\t\t\t<\/div>\n\t\t\t\t<\/div>\n\t\t\t\t\t<\/div>\n\t\t\t\t<\/div>\n\t\t\t\t<\/div>\n\t\t\t\t<\/div>\n\t\t\t\t\t\t<\/div>\n\t\t\t\t<\/div>\n\t\t\t\t<\/div>\n\t\t\t\t<\/div>","protected":false},"excerpt":{"rendered":"","protected":false},"author":2,"featured_media":0,"parent":0,"menu_order":0,"comment_status":"closed","ping_status":"closed","template":"","meta":{"_acf_changed":false,"content-type":"","footnotes":""},"class_list":["post-1792","page","type-page","status-publish","hentry"],"acf":[],"_links":{"self":[{"href":"https:\/\/www.gsl.rs\/fr\/wp-json\/wp\/v2\/pages\/1792","targetHints":{"allow":["GET"]}}],"collection":[{"href":"https:\/\/www.gsl.rs\/fr\/wp-json\/wp\/v2\/pages"}],"about":[{"href":"https:\/\/www.gsl.rs\/fr\/wp-json\/wp\/v2\/types\/page"}],"author":[{"embeddable":true,"href":"https:\/\/www.gsl.rs\/fr\/wp-json\/wp\/v2\/users\/2"}],"replies":[{"embeddable":true,"href":"https:\/\/www.gsl.rs\/fr\/wp-json\/wp\/v2\/comments?post=1792"}],"version-history":[{"count":0,"href":"https:\/\/www.gsl.rs\/fr\/wp-json\/wp\/v2\/pages\/1792\/revisions"}],"wp:attachment":[{"href":"https:\/\/www.gsl.rs\/fr\/wp-json\/wp\/v2\/media?parent=1792"}],"curies":[{"name":"wp","href":"https:\/\/api.w.org\/{rel}","templated":true}]}}