{"id":766,"date":"2024-06-20T13:35:25","date_gmt":"2024-06-20T11:35:25","guid":{"rendered":"https:\/\/gsl-staging.element-web.com\/?post_type=product&#038;p=766"},"modified":"2024-06-26T12:28:55","modified_gmt":"2024-06-26T10:28:55","slug":"cargador-inalambrico-con-sensor-inercial","status":"publish","type":"product","link":"https:\/\/www.gsl.rs\/es\/producto\/cargador-inalambrico-con-sensor-inercial\/","title":{"rendered":"Cargador inal\u00e1mbrico con sensor inercial"},"content":{"rendered":"<ul>\n<li>El sensor de movimiento inercial se alimenta a trav\u00e9s de un puerto USB (corriente de salida de hasta 500 mA).<\/li>\n<li>Tiene 4 puertos USB y puede cargar 4 dispositivos simult\u00e1neamente.<\/li>\n<li>El dispositivo est\u00e1 dise\u00f1ado \u00fanicamente para cargar el sensor de movimiento inercial; la carga de cualquier otro dispositivo est\u00e1 deshabilitada.<\/li>\n<li>Proporciona informaci\u00f3n sobre el estado de la bater\u00eda y su estado\/fallas.<\/li>\n<li>Se utiliza para configurar la sensibilidad del sensor de movimiento inercial.<\/li>\n<\/ul>","protected":false},"excerpt":{"rendered":"<p>El sensor de movimiento inercial se alimenta a trav\u00e9s de un puerto USB (corriente de salida de hasta 500 mA). Tiene 4 puertos USB y puede cargar 4 dispositivos simult\u00e1neamente. El dispositivo est\u00e1 dise\u00f1ado \u00fanicamente para cargar el sensor de movimiento inercial; la carga de cualquier otro dispositivo est\u00e1 deshabilitada. Proporciona informaci\u00f3n sobre el estado de la bater\u00eda y su estado\/fallas. Se utiliza para configurar la sensibilidad del sensor inercial [\u2026]<\/p>","protected":false},"featured_media":767,"comment_status":"open","ping_status":"closed","template":"","meta":{"_acf_changed":false,"content-type":""},"product_brand":[],"product_cat":[15],"product_tag":[],"class_list":{"0":"post-766","1":"product","2":"type-product","3":"status-publish","4":"has-post-thumbnail","6":"product_cat-proizvodi","8":"first","9":"instock","10":"taxable","11":"shipping-taxable","12":"product-type-simple"},"acf":[],"_links":{"self":[{"href":"https:\/\/www.gsl.rs\/es\/wp-json\/wp\/v2\/product\/766","targetHints":{"allow":["GET"]}}],"collection":[{"href":"https:\/\/www.gsl.rs\/es\/wp-json\/wp\/v2\/product"}],"about":[{"href":"https:\/\/www.gsl.rs\/es\/wp-json\/wp\/v2\/types\/product"}],"replies":[{"embeddable":true,"href":"https:\/\/www.gsl.rs\/es\/wp-json\/wp\/v2\/comments?post=766"}],"wp:featuredmedia":[{"embeddable":true,"href":"https:\/\/www.gsl.rs\/es\/wp-json\/wp\/v2\/media\/767"}],"wp:attachment":[{"href":"https:\/\/www.gsl.rs\/es\/wp-json\/wp\/v2\/media?parent=766"}],"wp:term":[{"taxonomy":"product_brand","embeddable":true,"href":"https:\/\/www.gsl.rs\/es\/wp-json\/wp\/v2\/product_brand?post=766"},{"taxonomy":"product_cat","embeddable":true,"href":"https:\/\/www.gsl.rs\/es\/wp-json\/wp\/v2\/product_cat?post=766"},{"taxonomy":"product_tag","embeddable":true,"href":"https:\/\/www.gsl.rs\/es\/wp-json\/wp\/v2\/product_tag?post=766"}],"curies":[{"name":"wp","href":"https:\/\/api.w.org\/{rel}","templated":true}]}}