{"id":763,"date":"2024-08-18T13:31:11","date_gmt":"2024-08-18T11:31:11","guid":{"rendered":"https:\/\/gsl-staging.element-web.com\/?post_type=product&#038;p=763"},"modified":"2024-08-29T11:03:56","modified_gmt":"2024-08-29T09:03:56","slug":"dispositivo-para-detectar-fugas-en-tuberias-preaisladas","status":"publish","type":"product","link":"https:\/\/www.gsl.rs\/es\/producto\/dispositivo-para-detectar-fugas-en-tuberias-preaisladas\/","title":{"rendered":"Dispositivo para detectar fugas de tuber\u00edas preaisladas."},"content":{"rendered":"<p>Dado que las tuber\u00edas preaisladas est\u00e1n equipadas con cables de se\u00f1al a lo largo de toda su longitud, es posible colocar la tuber\u00eda bajo monitoreo remoto continuo. Cada tuber\u00eda preaislada debe ser colocada bajo un sistema de monitoreo remoto continuo estacionario, con el fin de detectar oportunamente aver\u00edas y mal funcionamiento en los cables de se\u00f1al y as\u00ed evitar la propagaci\u00f3n de la penetraci\u00f3n de fluidos a trav\u00e9s de la masa aislante. El detector de fugas en tuber\u00edas preaisladas MSD8970E es un instrumento electr\u00f3nico utilizado para la detecci\u00f3n permanente de fugas, as\u00ed como para comprobar la colocaci\u00f3n y conexi\u00f3n de cables de se\u00f1al para notificaci\u00f3n en tuber\u00edas (sistemas) de calefacci\u00f3n preaisladas. El dispositivo est\u00e1 dise\u00f1ado para una instalaci\u00f3n estacionaria, se conecta a los cables de alarma y a la tuber\u00eda de flujo de fluido y monitorea continuamente tres condiciones de alarma:<\/p>\n<ul>\n<li>Detecci\u00f3n de fugas en tuber\u00edas preaisladas,<\/li>\n<li>Detecci\u00f3n de roturas en cables de se\u00f1al,<\/li>\n<li>Detecci\u00f3n de cortocircuito entre la tuber\u00eda de flujo de fluido y el cable de alarma.<\/li>\n<\/ul>","protected":false},"excerpt":{"rendered":"<p>Dado que las tuber\u00edas preaisladas est\u00e1n equipadas con cables de se\u00f1al a lo largo de toda su longitud, es posible colocar la tuber\u00eda bajo monitoreo remoto continuo. Cada tuber\u00eda preaislada necesita ser colocada bajo un sistema de monitoreo remoto continuo estacionario, con el fin de detectar oportunamente aver\u00edas y mal funcionamiento en los cables de se\u00f1al y as\u00ed evitar la propagaci\u00f3n de [\u2026]<\/p>","protected":false},"featured_media":764,"comment_status":"open","ping_status":"closed","template":"","meta":{"_acf_changed":false,"content-type":""},"product_brand":[],"product_cat":[15],"product_tag":[],"class_list":{"0":"post-763","1":"product","2":"type-product","3":"status-publish","4":"has-post-thumbnail","6":"product_cat-proizvodi","8":"first","9":"instock","10":"taxable","11":"shipping-taxable","12":"product-type-simple"},"acf":[],"_links":{"self":[{"href":"https:\/\/www.gsl.rs\/es\/wp-json\/wp\/v2\/product\/763","targetHints":{"allow":["GET"]}}],"collection":[{"href":"https:\/\/www.gsl.rs\/es\/wp-json\/wp\/v2\/product"}],"about":[{"href":"https:\/\/www.gsl.rs\/es\/wp-json\/wp\/v2\/types\/product"}],"replies":[{"embeddable":true,"href":"https:\/\/www.gsl.rs\/es\/wp-json\/wp\/v2\/comments?post=763"}],"wp:featuredmedia":[{"embeddable":true,"href":"https:\/\/www.gsl.rs\/es\/wp-json\/wp\/v2\/media\/764"}],"wp:attachment":[{"href":"https:\/\/www.gsl.rs\/es\/wp-json\/wp\/v2\/media?parent=763"}],"wp:term":[{"taxonomy":"product_brand","embeddable":true,"href":"https:\/\/www.gsl.rs\/es\/wp-json\/wp\/v2\/product_brand?post=763"},{"taxonomy":"product_cat","embeddable":true,"href":"https:\/\/www.gsl.rs\/es\/wp-json\/wp\/v2\/product_cat?post=763"},{"taxonomy":"product_tag","embeddable":true,"href":"https:\/\/www.gsl.rs\/es\/wp-json\/wp\/v2\/product_tag?post=763"}],"curies":[{"name":"wp","href":"https:\/\/api.w.org\/{rel}","templated":true}]}}