{"id":756,"date":"2024-08-19T13:10:41","date_gmt":"2024-08-19T11:10:41","guid":{"rendered":"https:\/\/gsl-staging.element-web.com\/?post_type=product&#038;p=756"},"modified":"2024-08-29T11:21:36","modified_gmt":"2024-08-29T09:21:36","slug":"y-control-de-acceso-de-seguridad","status":"publish","type":"product","link":"https:\/\/www.gsl.rs\/es\/producto\/y-control-de-acceso-de-seguridad\/","title":{"rendered":"Control de acceso I-SEC"},"content":{"rendered":"<p>Dependiendo de la finalidad de las instalaciones, existen diferentes tipos de justificaci\u00f3n para instalar un sistema de seguridad. Adem\u00e1s del hecho de que este sistema protege con \u00e9xito su propiedad y la de sus empleados\/usuarios, este sistema proporciona registros precisos y control de todos los accesos a las instalaciones por parte de los empleados.<\/p>\n<p>Nuestro sistema es m\u00e1s eficaz para proteger edificios que otros sistemas de seguridad. Cuando se considera que se ha actualizado con un sistema de iluminaci\u00f3n de seguridad. El sistema de iluminaci\u00f3n y control de accesos se conecta mediante un software, donde dependiendo de sus necesidades definimos c\u00f3mo debe funcionar el sistema.<\/p>\n<p>Adaptamos absolutamente el sistema a sus necesidades.<\/p>","protected":false},"excerpt":{"rendered":"<p>Dependiendo de la finalidad de las instalaciones existen distintos tipos de justificaci\u00f3n para instalar un sistema de seguridad. Adem\u00e1s de proteger con \u00e9xito su propiedad y a sus empleados\/usuarios con este sistema, este sistema tambi\u00e9n proporciona registros precisos y control de todos los accesos a las instalaciones por parte de los empleados. Nuestro sistema es m\u00e1s eficiente en la protecci\u00f3n de instalaciones que otros sistemas de seguridad. Cuando [\u2026]<\/p>","protected":false},"featured_media":758,"comment_status":"open","ping_status":"closed","template":"","meta":{"_acf_changed":false,"content-type":""},"product_brand":[],"product_cat":[15],"product_tag":[],"class_list":{"0":"post-756","1":"product","2":"type-product","3":"status-publish","4":"has-post-thumbnail","6":"product_cat-proizvodi","8":"first","9":"instock","10":"taxable","11":"shipping-taxable","12":"product-type-simple"},"acf":[],"_links":{"self":[{"href":"https:\/\/www.gsl.rs\/es\/wp-json\/wp\/v2\/product\/756","targetHints":{"allow":["GET"]}}],"collection":[{"href":"https:\/\/www.gsl.rs\/es\/wp-json\/wp\/v2\/product"}],"about":[{"href":"https:\/\/www.gsl.rs\/es\/wp-json\/wp\/v2\/types\/product"}],"replies":[{"embeddable":true,"href":"https:\/\/www.gsl.rs\/es\/wp-json\/wp\/v2\/comments?post=756"}],"wp:featuredmedia":[{"embeddable":true,"href":"https:\/\/www.gsl.rs\/es\/wp-json\/wp\/v2\/media\/758"}],"wp:attachment":[{"href":"https:\/\/www.gsl.rs\/es\/wp-json\/wp\/v2\/media?parent=756"}],"wp:term":[{"taxonomy":"product_brand","embeddable":true,"href":"https:\/\/www.gsl.rs\/es\/wp-json\/wp\/v2\/product_brand?post=756"},{"taxonomy":"product_cat","embeddable":true,"href":"https:\/\/www.gsl.rs\/es\/wp-json\/wp\/v2\/product_cat?post=756"},{"taxonomy":"product_tag","embeddable":true,"href":"https:\/\/www.gsl.rs\/es\/wp-json\/wp\/v2\/product_tag?post=756"}],"curies":[{"name":"wp","href":"https:\/\/api.w.org\/{rel}","templated":true}]}}