{"id":744,"date":"2024-08-19T13:14:13","date_gmt":"2024-08-19T11:14:13","guid":{"rendered":"https:\/\/gsl-staging.element-web.com\/?post_type=product&#038;p=744"},"modified":"2025-08-14T12:08:24","modified_gmt":"2025-08-14T10:08:24","slug":"iluminacion-de-malla-led-inteligente","status":"publish","type":"product","link":"https:\/\/www.gsl.rs\/es\/producto\/iluminacion-de-malla-led-inteligente\/","title":{"rendered":"Sistema de malla LED inteligente IntelityNET"},"content":{"rendered":"<p><span class=\"fontstyle0\">Presentamos nuestras farolas LED avanzadas, que ofrecen potencia de 70 a 150 W. Estas luces est\u00e1n dise\u00f1adas con una carcasa duradera con un conector NEMA 7 como est\u00e1ndar. <\/span><span class=\"fontstyle2\">Norma ANSI C136.41<\/span><span class=\"fontstyle0\">, garantizando confiabilidad y seguridad en diversos entornos. El controlador en la carcasa NEMA de 7 pines se comunica a trav\u00e9s de <\/span><span class=\"fontstyle0\">redes de internet<\/span><span class=\"fontstyle0\">y utiliza GPS para posicionar cada l\u00e1mpara.<\/span><\/p>\n<p><span class=\"fontstyle0\">Lo que hace que este producto sea especial es su compatibilidad con nuestro controlador inteligente. Con esta capacidad, puede controlar de forma remota sus luces y acceder a informaci\u00f3n detallada sobre su rendimiento y estado. Este tipo de control no solo mejora la comodidad, sino que tambi\u00e9n permite una gesti\u00f3n eficiente de su infraestructura de iluminaci\u00f3n. Los archivos de especificaciones PDF a continuaci\u00f3n muestran las especificaciones t\u00e9cnicas de los modelos dados.<\/span><\/p>","protected":false},"excerpt":{"rendered":"<p>Presentamos nuestras farolas LED avanzadas, que ofrecen potencia de 70 a 150 W. Estas luminarias est\u00e1n dise\u00f1adas con una carcasa duradera con un conector NEMA 7 seg\u00fan el est\u00e1ndar ANSI C136.41, lo que garantiza confiabilidad y seguridad en una variedad de entornos. El controlador en la carcasa NEMA de 7 pines se comunica a trav\u00e9s de la red de Internet y utiliza GPS para posicionar cada l\u00e1mpara. \u00bfQu\u00e9 es esto [\u2026]<\/p>","protected":false},"featured_media":752,"comment_status":"open","ping_status":"closed","template":"","meta":{"_acf_changed":false,"content-type":""},"product_brand":[],"product_cat":[15,41],"product_tag":[37],"class_list":{"0":"post-744","1":"product","2":"type-product","3":"status-publish","4":"has-post-thumbnail","6":"product_cat-proizvodi","7":"product_cat-ledmesh-proizvod","8":"product_tag-intelitynet","10":"first","11":"instock","12":"taxable","13":"shipping-taxable","14":"product-type-simple"},"acf":[],"_links":{"self":[{"href":"https:\/\/www.gsl.rs\/es\/wp-json\/wp\/v2\/product\/744","targetHints":{"allow":["GET"]}}],"collection":[{"href":"https:\/\/www.gsl.rs\/es\/wp-json\/wp\/v2\/product"}],"about":[{"href":"https:\/\/www.gsl.rs\/es\/wp-json\/wp\/v2\/types\/product"}],"replies":[{"embeddable":true,"href":"https:\/\/www.gsl.rs\/es\/wp-json\/wp\/v2\/comments?post=744"}],"wp:featuredmedia":[{"embeddable":true,"href":"https:\/\/www.gsl.rs\/es\/wp-json\/wp\/v2\/media\/752"}],"wp:attachment":[{"href":"https:\/\/www.gsl.rs\/es\/wp-json\/wp\/v2\/media?parent=744"}],"wp:term":[{"taxonomy":"product_brand","embeddable":true,"href":"https:\/\/www.gsl.rs\/es\/wp-json\/wp\/v2\/product_brand?post=744"},{"taxonomy":"product_cat","embeddable":true,"href":"https:\/\/www.gsl.rs\/es\/wp-json\/wp\/v2\/product_cat?post=744"},{"taxonomy":"product_tag","embeddable":true,"href":"https:\/\/www.gsl.rs\/es\/wp-json\/wp\/v2\/product_tag?post=744"}],"curies":[{"name":"wp","href":"https:\/\/api.w.org\/{rel}","templated":true}]}}