{"id":738,"date":"2024-08-16T12:57:46","date_gmt":"2024-08-16T10:57:46","guid":{"rendered":"https:\/\/gsl-staging.element-web.com\/?post_type=product&#038;p=738"},"modified":"2025-07-16T13:38:49","modified_gmt":"2025-07-16T11:38:49","slug":"controlador-gsm-4g-lte","status":"publish","type":"product","link":"https:\/\/www.gsl.rs\/es\/producto\/controlador-gsm-4g-lte\/","title":{"rendered":"Controlador GSM 4G LTE"},"content":{"rendered":"<p style=\"text-align: left;\">El controlador GSM 4G LTE es un dispositivo para el control remoto de la salida de rel\u00e9 mediante una llamada o un SMS. Est\u00e1 dise\u00f1ado para controlar portones, rampas, puertas, bombas, iluminaci\u00f3n u otros dispositivos el\u00e9ctricos que deban encenderse o apagarse a trav\u00e9s de la red m\u00f3vil. Adem\u00e1s de las dos salidas, tambi\u00e9n cuenta con dos entradas con las que el dispositivo informar\u00e1 de un cambio de estado mediante un SMS o avisar\u00e1 mediante una llamada. Una soluci\u00f3n pr\u00e1ctica para la lectura de sensores con salida digital o la detecci\u00f3n de una condici\u00f3n de alarma.<\/p>\n<p>Caracter\u00edsticas principales:<\/p>\n<ul>\n<li>Dos salidas tipo rel\u00e9, soportando 6 modos de funcionamiento.<\/li>\n<li>Gesti\u00f3n por llamada o SMS.<\/li>\n<li>Dos entradas de rel\u00e9 para informar cambios de estado mediante un mensaje SMS configurable.<\/li>\n<li>20 n\u00fameros de administrador (posibilidad de configurar dispositivos y agregar nuevos usuarios)<\/li>\n<li>200 usuarios (posible ampliaci\u00f3n)<\/li>\n<li>Bajo consumo el\u00e9ctrico.<\/li>\n<li>Rechaza autom\u00e1ticamente la llamada<\/li>\n<li>Fuente de alimentaci\u00f3n de 230 CA<\/li>\n<\/ul>","protected":false},"excerpt":{"rendered":"<p>El controlador GSM 4G LTE es un dispositivo para el control remoto de la salida de rel\u00e9 mediante una llamada o un SMS. Est\u00e1 dise\u00f1ado para controlar portones, rampas, puertas, bombas, iluminaci\u00f3n u otros dispositivos el\u00e9ctricos que deban encenderse o apagarse a trav\u00e9s de la red m\u00f3vil. Adem\u00e1s de las dos salidas, tambi\u00e9n cuenta con dos entradas con las que el dispositivo informar\u00e1 de un cambio de estado mediante un SMS [\u2026]<\/p>","protected":false},"featured_media":1728,"comment_status":"open","ping_status":"closed","template":"","meta":{"_acf_changed":false,"content-type":""},"product_brand":[],"product_cat":[15],"product_tag":[27],"class_list":{"0":"post-738","1":"product","2":"type-product","3":"status-publish","4":"has-post-thumbnail","6":"product_cat-proizvodi","7":"product_tag-gate","9":"first","10":"instock","11":"taxable","12":"shipping-taxable","13":"purchasable","14":"product-type-simple"},"acf":[],"_links":{"self":[{"href":"https:\/\/www.gsl.rs\/es\/wp-json\/wp\/v2\/product\/738","targetHints":{"allow":["GET"]}}],"collection":[{"href":"https:\/\/www.gsl.rs\/es\/wp-json\/wp\/v2\/product"}],"about":[{"href":"https:\/\/www.gsl.rs\/es\/wp-json\/wp\/v2\/types\/product"}],"replies":[{"embeddable":true,"href":"https:\/\/www.gsl.rs\/es\/wp-json\/wp\/v2\/comments?post=738"}],"wp:featuredmedia":[{"embeddable":true,"href":"https:\/\/www.gsl.rs\/es\/wp-json\/wp\/v2\/media\/1728"}],"wp:attachment":[{"href":"https:\/\/www.gsl.rs\/es\/wp-json\/wp\/v2\/media?parent=738"}],"wp:term":[{"taxonomy":"product_brand","embeddable":true,"href":"https:\/\/www.gsl.rs\/es\/wp-json\/wp\/v2\/product_brand?post=738"},{"taxonomy":"product_cat","embeddable":true,"href":"https:\/\/www.gsl.rs\/es\/wp-json\/wp\/v2\/product_cat?post=738"},{"taxonomy":"product_tag","embeddable":true,"href":"https:\/\/www.gsl.rs\/es\/wp-json\/wp\/v2\/product_tag?post=738"}],"curies":[{"name":"wp","href":"https:\/\/api.w.org\/{rel}","templated":true}]}}