{"id":279,"date":"2024-08-15T09:59:23","date_gmt":"2024-08-15T07:59:23","guid":{"rendered":"https:\/\/gsl-staging.element-web.com\/?post_type=product&#038;p=279"},"modified":"2024-08-29T11:04:53","modified_gmt":"2024-08-29T09:04:53","slug":"modulo-de-comunicacion-4g-g4r2","status":"publish","type":"product","link":"https:\/\/www.gsl.rs\/es\/producto\/modulo-de-comunicacion-4g-g4r2\/","title":{"rendered":"M\u00f3dulo de comunicaci\u00f3n 4G G4R2"},"content":{"rendered":"<p>El m\u00f3dulo de comunicaci\u00f3n 4G es una soluci\u00f3n moderna y completa para una conexi\u00f3n a Internet r\u00e1pida y estable, ideal para necesidades comerciales e industriales. Este enrutador viene con actualizaciones de firmware por aire, lo que permite a los usuarios estar siempre seguros de utilizar las \u00faltimas funciones y mejoras. Adem\u00e1s, el enrutador es ampliable con m\u00f3dulos externos, lo que significa que se puede personalizar seg\u00fan las necesidades espec\u00edficas del usuario, como una antena adicional para una se\u00f1al m\u00e1s fuerte o un m\u00f3dulo para mayor seguridad. El firmware personalizado permite al usuario personalizar su uso, mientras que la opci\u00f3n de fuente de alimentaci\u00f3n redundante garantiza la continuidad del funcionamiento y la confiabilidad del sistema. Con todas estas caracter\u00edsticas, un enrutador 4G es una forma confiable, pr\u00e1ctica y moderna de mantenerse conectado y productivo.<\/p>","protected":false},"excerpt":{"rendered":"<p>El m\u00f3dulo de comunicaci\u00f3n 4G es una soluci\u00f3n moderna y completa para una conexi\u00f3n a Internet r\u00e1pida y estable, ideal para necesidades comerciales e industriales. Este enrutador viene con actualizaciones de firmware por aire, lo que permite a los usuarios estar siempre seguros de utilizar las \u00faltimas funciones y mejoras. Adem\u00e1s, el enrutador se puede expandir con m\u00f3dulos externos, lo que significa que se puede personalizar seg\u00fan las necesidades espec\u00edficas del usuario, como [\u2026]<\/p>","protected":false},"featured_media":735,"comment_status":"open","ping_status":"closed","template":"","meta":{"_acf_changed":false,"content-type":""},"product_brand":[],"product_cat":[15],"product_tag":[],"class_list":{"0":"post-279","1":"product","2":"type-product","3":"status-publish","4":"has-post-thumbnail","6":"product_cat-proizvodi","8":"first","9":"instock","10":"taxable","11":"shipping-taxable","12":"product-type-simple"},"acf":[],"_links":{"self":[{"href":"https:\/\/www.gsl.rs\/es\/wp-json\/wp\/v2\/product\/279","targetHints":{"allow":["GET"]}}],"collection":[{"href":"https:\/\/www.gsl.rs\/es\/wp-json\/wp\/v2\/product"}],"about":[{"href":"https:\/\/www.gsl.rs\/es\/wp-json\/wp\/v2\/types\/product"}],"replies":[{"embeddable":true,"href":"https:\/\/www.gsl.rs\/es\/wp-json\/wp\/v2\/comments?post=279"}],"wp:featuredmedia":[{"embeddable":true,"href":"https:\/\/www.gsl.rs\/es\/wp-json\/wp\/v2\/media\/735"}],"wp:attachment":[{"href":"https:\/\/www.gsl.rs\/es\/wp-json\/wp\/v2\/media?parent=279"}],"wp:term":[{"taxonomy":"product_brand","embeddable":true,"href":"https:\/\/www.gsl.rs\/es\/wp-json\/wp\/v2\/product_brand?post=279"},{"taxonomy":"product_cat","embeddable":true,"href":"https:\/\/www.gsl.rs\/es\/wp-json\/wp\/v2\/product_cat?post=279"},{"taxonomy":"product_tag","embeddable":true,"href":"https:\/\/www.gsl.rs\/es\/wp-json\/wp\/v2\/product_tag?post=279"}],"curies":[{"name":"wp","href":"https:\/\/api.w.org\/{rel}","templated":true}]}}