{"id":275,"date":"2024-06-05T09:58:21","date_gmt":"2024-06-05T09:58:21","guid":{"rendered":"https:\/\/gsl-staging.element-web.com\/?post_type=product&#038;p=275"},"modified":"2025-07-07T14:13:47","modified_gmt":"2025-07-07T12:13:47","slug":"modulo-ims-analogico-4","status":"publish","type":"product","link":"https:\/\/www.gsl.rs\/es\/producto\/modulo-ims-analogico-4\/","title":{"rendered":"IMS anal\u00f3gico4"},"content":{"rendered":"<p>El m\u00f3dulo anal\u00f3gico es un dispositivo avanzado con cuatro canales configurables. Cada canal admite diferentes modos de funcionamiento, entre ellos:<\/p>\n<ul>\n<li>Entrada de 0 a 10 V<\/li>\n<li>Salida de 0 a 10V<\/li>\n<li>Entrada de 0 a 24mA<\/li>\n<li>Salida de 0 a 24mA<\/li>\n<li>Detector de temperatura resistivo RTD (pt100,pt500)<\/li>\n<li>El m\u00f3dulo tambi\u00e9n admite el modo de entrada digital.<\/li>\n<\/ul>\n<p>&nbsp;<\/p>\n<p>Est\u00e1 equipado con una interfaz gr\u00e1fica de 2 pulgadas, a trav\u00e9s de la cual podremos ver lecturas o errores al instante, as\u00ed como mensajes de alarma y diagn\u00f3stico para cada canal.<br \/>\nespecialmente.<\/p>","protected":false},"excerpt":{"rendered":"<p>El m\u00f3dulo anal\u00f3gico es un dispositivo avanzado con cuatro canales configurables. Cada canal admite diferentes modos de operaci\u00f3n, incluyendo: Entrada de 0 a 10 V, Salida de 0 a 10 V, Entrada de 0 a 24 mA, Salida de 0 a 24 mA, Detector de Temperatura Resistivo RTD (PT100, PT500). El m\u00f3dulo tambi\u00e9n admite el modo de entrada digital. Cuenta con una interfaz gr\u00e1fica de 2 [\u2026]<\/p>","protected":false},"featured_media":728,"comment_status":"open","ping_status":"closed","template":"","meta":{"_acf_changed":false,"content-type":""},"product_brand":[],"product_cat":[15],"product_tag":[],"class_list":{"0":"post-275","1":"product","2":"type-product","3":"status-publish","4":"has-post-thumbnail","6":"product_cat-proizvodi","8":"first","9":"instock","10":"taxable","11":"shipping-taxable","12":"product-type-simple"},"acf":[],"_links":{"self":[{"href":"https:\/\/www.gsl.rs\/es\/wp-json\/wp\/v2\/product\/275","targetHints":{"allow":["GET"]}}],"collection":[{"href":"https:\/\/www.gsl.rs\/es\/wp-json\/wp\/v2\/product"}],"about":[{"href":"https:\/\/www.gsl.rs\/es\/wp-json\/wp\/v2\/types\/product"}],"replies":[{"embeddable":true,"href":"https:\/\/www.gsl.rs\/es\/wp-json\/wp\/v2\/comments?post=275"}],"wp:featuredmedia":[{"embeddable":true,"href":"https:\/\/www.gsl.rs\/es\/wp-json\/wp\/v2\/media\/728"}],"wp:attachment":[{"href":"https:\/\/www.gsl.rs\/es\/wp-json\/wp\/v2\/media?parent=275"}],"wp:term":[{"taxonomy":"product_brand","embeddable":true,"href":"https:\/\/www.gsl.rs\/es\/wp-json\/wp\/v2\/product_brand?post=275"},{"taxonomy":"product_cat","embeddable":true,"href":"https:\/\/www.gsl.rs\/es\/wp-json\/wp\/v2\/product_cat?post=275"},{"taxonomy":"product_tag","embeddable":true,"href":"https:\/\/www.gsl.rs\/es\/wp-json\/wp\/v2\/product_tag?post=275"}],"curies":[{"name":"wp","href":"https:\/\/api.w.org\/{rel}","templated":true}]}}