{"id":1893,"date":"2025-07-07T13:49:14","date_gmt":"2025-07-07T11:49:14","guid":{"rendered":"https:\/\/gsl.rs\/?post_type=product&#038;p=1893"},"modified":"2025-07-07T14:06:39","modified_gmt":"2025-07-07T12:06:39","slug":"sistema-ims-para-monitorizacion-industrial","status":"publish","type":"product","link":"https:\/\/www.gsl.rs\/es\/producto\/sistema-ims-para-monitorizacion-industrial\/","title":{"rendered":"Sistema IMS para monitorizaci\u00f3n industrial"},"content":{"rendered":"<p>El sistema IMS, desarrollado por GSL DOO, es una soluci\u00f3n avanzada para la monitorizaci\u00f3n, el control y la gesti\u00f3n de diversos sistemas industriales y de infraestructura. Este sistema se basa en una arquitectura modular, donde diferentes m\u00f3dulos pueden combinarse e integrarse en armarios de distribuci\u00f3n especializados seg\u00fan las necesidades del cliente.<br \/>\nLa principal ventaja del sistema IMS es su flexibilidad y capacidad de adaptaci\u00f3n a condiciones y requisitos espec\u00edficos. Cada m\u00f3dulo tiene su propia funci\u00f3n definida, desde la medici\u00f3n y el an\u00e1lisis de datos el\u00e9ctricos.<br \/>\nPar\u00e1metros para la gesti\u00f3n de se\u00f1ales de salida y notificaci\u00f3n de estados de alarma.<\/p>","protected":false},"excerpt":{"rendered":"<p>El sistema IMS, desarrollado por GSL DOO, es una soluci\u00f3n avanzada para la monitorizaci\u00f3n, el control y la gesti\u00f3n de diversos sistemas industriales y de infraestructura. Este sistema se basa en una arquitectura modular, donde diferentes m\u00f3dulos pueden combinarse e integrarse en armarios de distribuci\u00f3n especializados seg\u00fan las necesidades del cliente. La principal ventaja del sistema IMS es su flexibilidad y adaptabilidad [...]<\/p>","protected":false},"featured_media":1777,"comment_status":"open","ping_status":"closed","template":"","meta":{"_acf_changed":false,"content-type":""},"product_brand":[],"product_cat":[15,40],"product_tag":[],"class_list":{"0":"post-1893","1":"product","2":"type-product","3":"status-publish","4":"has-post-thumbnail","6":"product_cat-proizvodi","7":"product_cat-ims-sistem","9":"first","10":"instock","11":"taxable","12":"shipping-taxable","13":"product-type-simple"},"acf":[],"_links":{"self":[{"href":"https:\/\/www.gsl.rs\/es\/wp-json\/wp\/v2\/product\/1893","targetHints":{"allow":["GET"]}}],"collection":[{"href":"https:\/\/www.gsl.rs\/es\/wp-json\/wp\/v2\/product"}],"about":[{"href":"https:\/\/www.gsl.rs\/es\/wp-json\/wp\/v2\/types\/product"}],"replies":[{"embeddable":true,"href":"https:\/\/www.gsl.rs\/es\/wp-json\/wp\/v2\/comments?post=1893"}],"wp:featuredmedia":[{"embeddable":true,"href":"https:\/\/www.gsl.rs\/es\/wp-json\/wp\/v2\/media\/1777"}],"wp:attachment":[{"href":"https:\/\/www.gsl.rs\/es\/wp-json\/wp\/v2\/media?parent=1893"}],"wp:term":[{"taxonomy":"product_brand","embeddable":true,"href":"https:\/\/www.gsl.rs\/es\/wp-json\/wp\/v2\/product_brand?post=1893"},{"taxonomy":"product_cat","embeddable":true,"href":"https:\/\/www.gsl.rs\/es\/wp-json\/wp\/v2\/product_cat?post=1893"},{"taxonomy":"product_tag","embeddable":true,"href":"https:\/\/www.gsl.rs\/es\/wp-json\/wp\/v2\/product_tag?post=1893"}],"curies":[{"name":"wp","href":"https:\/\/api.w.org\/{rel}","templated":true}]}}