{"id":1886,"date":"2025-07-07T13:35:22","date_gmt":"2025-07-07T11:35:22","guid":{"rendered":"https:\/\/gsl.rs\/?post_type=product&#038;p=1886"},"modified":"2025-07-07T14:13:24","modified_gmt":"2025-07-07T12:13:24","slug":"modulo-pdu-ims","status":"publish","type":"product","link":"https:\/\/www.gsl.rs\/es\/producto\/modulo-pdu-ims\/","title":{"rendered":"M\u00f3dulo PDU IMS"},"content":{"rendered":"<p data-start=\"77\" data-end=\"116\"><strong data-start=\"77\" data-end=\"116\">M\u00f3dulo de unidad de distribuci\u00f3n de energ\u00eda (PDU)<\/strong><\/p>\n<p data-start=\"118\" data-end=\"346\">El m\u00f3dulo de la Unidad de Distribuci\u00f3n de Energ\u00eda (UPD) est\u00e1 dise\u00f1ado para distribuir la energ\u00eda de forma eficiente y segura desde la fuente de alimentaci\u00f3n hasta los dispositivos asociados. Se monta en un riel DIN, lo que permite una distribuci\u00f3n ordenada y segura de la tensi\u00f3n dentro del armario de distribuci\u00f3n.<\/p>\n<p data-start=\"348\" data-end=\"497\">El m\u00f3dulo tiene protecci\u00f3n incorporada contra sobretensi\u00f3n e interferencias no deseadas, que protege el equipo conectado y garantiza un funcionamiento estable y confiable a largo plazo de todo el sistema.<\/p>","protected":false},"excerpt":{"rendered":"<p>M\u00f3dulo de Unidad de Distribuci\u00f3n de Energ\u00eda (PDU). El m\u00f3dulo de Unidad de Distribuci\u00f3n de Energ\u00eda est\u00e1 dise\u00f1ado para distribuir energ\u00eda de forma eficiente y segura desde la fuente de alimentaci\u00f3n hasta los dispositivos asociados. Se monta en un riel DIN, lo que permite una distribuci\u00f3n ordenada y segura de la tensi\u00f3n dentro del armario de distribuci\u00f3n. El m\u00f3dulo incorpora protecci\u00f3n contra sobretensiones e interferencias no deseadas, lo que protege los equipos conectados y garantiza un funcionamiento duradero, estable y fiable.<\/p>","protected":false},"featured_media":1889,"comment_status":"open","ping_status":"closed","template":"","meta":{"_acf_changed":false,"content-type":""},"product_brand":[],"product_cat":[15],"product_tag":[],"class_list":{"0":"post-1886","1":"product","2":"type-product","3":"status-publish","4":"has-post-thumbnail","6":"product_cat-proizvodi","8":"first","9":"instock","10":"taxable","11":"shipping-taxable","12":"product-type-simple"},"acf":[],"_links":{"self":[{"href":"https:\/\/www.gsl.rs\/es\/wp-json\/wp\/v2\/product\/1886","targetHints":{"allow":["GET"]}}],"collection":[{"href":"https:\/\/www.gsl.rs\/es\/wp-json\/wp\/v2\/product"}],"about":[{"href":"https:\/\/www.gsl.rs\/es\/wp-json\/wp\/v2\/types\/product"}],"replies":[{"embeddable":true,"href":"https:\/\/www.gsl.rs\/es\/wp-json\/wp\/v2\/comments?post=1886"}],"wp:featuredmedia":[{"embeddable":true,"href":"https:\/\/www.gsl.rs\/es\/wp-json\/wp\/v2\/media\/1889"}],"wp:attachment":[{"href":"https:\/\/www.gsl.rs\/es\/wp-json\/wp\/v2\/media?parent=1886"}],"wp:term":[{"taxonomy":"product_brand","embeddable":true,"href":"https:\/\/www.gsl.rs\/es\/wp-json\/wp\/v2\/product_brand?post=1886"},{"taxonomy":"product_cat","embeddable":true,"href":"https:\/\/www.gsl.rs\/es\/wp-json\/wp\/v2\/product_cat?post=1886"},{"taxonomy":"product_tag","embeddable":true,"href":"https:\/\/www.gsl.rs\/es\/wp-json\/wp\/v2\/product_tag?post=1886"}],"curies":[{"name":"wp","href":"https:\/\/api.w.org\/{rel}","templated":true}]}}