{"id":1882,"date":"2025-07-07T13:28:22","date_gmt":"2025-07-07T11:28:22","guid":{"rendered":"https:\/\/gsl.rs\/?post_type=product&#038;p=1882"},"modified":"2025-07-07T14:13:30","modified_gmt":"2025-07-07T12:13:30","slug":"ethernet-modbus-ims","status":"publish","type":"product","link":"https:\/\/www.gsl.rs\/es\/producto\/ethernet-modbus-ims\/","title":{"rendered":"IMS MODBUS\/Ethernet"},"content":{"rendered":"<p data-start=\"70\" data-end=\"109\"><strong data-start=\"70\" data-end=\"109\">M\u00f3dulo Ethernet de comunicaci\u00f3n de red y MODBUS<\/strong><\/p>\n<p data-start=\"111\" data-end=\"349\">Este m\u00f3dulo est\u00e1 dise\u00f1ado para distribuir la conexi\u00f3n a internet a dispositivos remotos y proporciona una comunicaci\u00f3n fiable en sistemas de automatizaci\u00f3n industrial. Ofrece acceso estable a los recursos de red y una f\u00e1cil integraci\u00f3n con los dispositivos de control.<\/p>\n<p data-start=\"351\" data-end=\"579\">El m\u00f3dulo cuenta con un puerto LAN para conexi\u00f3n directa al router, lo que garantiza una conexi\u00f3n a internet estable. La alimentaci\u00f3n se realiza a trav\u00e9s del conector lateral, lo que simplifica la instalaci\u00f3n y reduce la cantidad de cables necesarios.<\/p>\n<p data-start=\"581\" data-end=\"840\">Adem\u00e1s de la funci\u00f3n de distribuci\u00f3n de red, el m\u00f3dulo admite los protocolos MODBUS RTU y MODBUS TCP, lo que facilita la integraci\u00f3n con sistemas SCADA, PLC y otros controladores industriales. La soluci\u00f3n ideal para sistemas distribuidos y automatizados modernos.<\/p>","protected":false},"excerpt":{"rendered":"<p>M\u00f3dulo Ethernet de comunicaci\u00f3n de red y MODBUS. Este m\u00f3dulo est\u00e1 dise\u00f1ado para distribuir la conexi\u00f3n a Internet a dispositivos remotos y proporciona una comunicaci\u00f3n fiable en sistemas de automatizaci\u00f3n industrial. Proporciona acceso estable a los recursos de red y una f\u00e1cil integraci\u00f3n con los dispositivos de control. El m\u00f3dulo cuenta con un puerto LAN para la conexi\u00f3n directa al router, lo que garantiza una conexi\u00f3n a Internet estable. La alimentaci\u00f3n se realiza a trav\u00e9s del lateral [...]<\/p>","protected":false},"featured_media":1883,"comment_status":"open","ping_status":"closed","template":"","meta":{"_acf_changed":false,"content-type":""},"product_brand":[],"product_cat":[15],"product_tag":[],"class_list":{"0":"post-1882","1":"product","2":"type-product","3":"status-publish","4":"has-post-thumbnail","6":"product_cat-proizvodi","8":"first","9":"instock","10":"taxable","11":"shipping-taxable","12":"product-type-simple"},"acf":[],"_links":{"self":[{"href":"https:\/\/www.gsl.rs\/es\/wp-json\/wp\/v2\/product\/1882","targetHints":{"allow":["GET"]}}],"collection":[{"href":"https:\/\/www.gsl.rs\/es\/wp-json\/wp\/v2\/product"}],"about":[{"href":"https:\/\/www.gsl.rs\/es\/wp-json\/wp\/v2\/types\/product"}],"replies":[{"embeddable":true,"href":"https:\/\/www.gsl.rs\/es\/wp-json\/wp\/v2\/comments?post=1882"}],"wp:featuredmedia":[{"embeddable":true,"href":"https:\/\/www.gsl.rs\/es\/wp-json\/wp\/v2\/media\/1883"}],"wp:attachment":[{"href":"https:\/\/www.gsl.rs\/es\/wp-json\/wp\/v2\/media?parent=1882"}],"wp:term":[{"taxonomy":"product_brand","embeddable":true,"href":"https:\/\/www.gsl.rs\/es\/wp-json\/wp\/v2\/product_brand?post=1882"},{"taxonomy":"product_cat","embeddable":true,"href":"https:\/\/www.gsl.rs\/es\/wp-json\/wp\/v2\/product_cat?post=1882"},{"taxonomy":"product_tag","embeddable":true,"href":"https:\/\/www.gsl.rs\/es\/wp-json\/wp\/v2\/product_tag?post=1882"}],"curies":[{"name":"wp","href":"https:\/\/api.w.org\/{rel}","templated":true}]}}