{"id":1765,"date":"2024-08-16T13:35:43","date_gmt":"2024-08-16T11:35:43","guid":{"rendered":"https:\/\/gsl.rs\/?post_type=product&#038;p=1765"},"modified":"2025-08-12T12:36:53","modified_gmt":"2025-08-12T10:36:53","slug":"alerta-rapida-de-gsl","status":"publish","type":"product","link":"https:\/\/www.gsl.rs\/es\/producto\/alerta-rapida-de-gsl\/","title":{"rendered":"Alerta r\u00e1pida de GSL"},"content":{"rendered":"<p>El dispositivo QuickAlert permite la notificaci\u00f3n inmediata de cambios en los sistemas mediante entradas de rel\u00e9, proporcionando seguridad y control sobre par\u00e1metros cr\u00edticos en tiempo real.<br \/>\ntiempo. Est\u00e1 dise\u00f1ado para su integraci\u00f3n en diversos sistemas, desde alarmas de seguridad y sensores hasta aplicaciones industriales y comerciales.<br \/>\nEl dispositivo tiene 4 entradas de rel\u00e9, al activarse las cuales env\u00eda autom\u00e1ticamente notificaciones SMS a n\u00fameros de tel\u00e9fono predefinidos y\/o realiza una llamada a uno de los prioritarios.<br \/>\nAl usuario. De esta manera, los usuarios reciben informaci\u00f3n inmediata sobre los cambios en el sistema, lo que permite una respuesta r\u00e1pida.<\/p>\n<p>&nbsp;<\/p>\n<ul>\n<li>Env\u00edo autom\u00e1tico de mensajes SMS: cada entrada activada genera un mensaje definido, que puede adaptarse a las necesidades del usuario.<\/li>\n<li>Admite hasta 70 n\u00fameros de tel\u00e9fono: el dispositivo puede tener 50 usuarios y 20 usuarios administradores, lo que garantiza una amplia cobertura de informaci\u00f3n.<\/li>\n<li>Llamada de usuario prioritaria: cuando se activa cualquier entrada, el dispositivo puede llamar autom\u00e1ticamente a un usuario espec\u00edfico para una respuesta r\u00e1pida.<\/li>\n<li>Programaci\u00f3n sencilla: los usuarios pueden cambiar f\u00e1cilmente el texto de notificaci\u00f3n y la lista de n\u00fameros a trav\u00e9s de la configuraci\u00f3n.<\/li>\n<li>Operaci\u00f3n confiable en una variedad de sistemas: compatible con sistemas de alarma, sensores de seguridad, interruptores industriales y otros dispositivos que utilizan salidas de rel\u00e9.<\/li>\n<li>Detecci\u00f3n de corte de energ\u00eda: el dispositivo puede enviar una notificaci\u00f3n por SMS cuando ocurre un corte de energ\u00eda, lo que permite al usuario reaccionar r\u00e1pidamente.<\/li>\n<li>Autonom\u00eda de hasta 8h \u2013 Sigue funcionando utilizando la bater\u00eda interna.<\/li>\n<li>Notificaci\u00f3n de bater\u00eda baja: el dispositivo env\u00eda autom\u00e1ticamente una notificaci\u00f3n cuando la bater\u00eda est\u00e1 baja, lo que permite a los usuarios cargar el dispositivo de manera oportuna y evita interrupciones en su funcionamiento.<\/li>\n<\/ul>","protected":false},"excerpt":{"rendered":"<p>El dispositivo QuickAlert permite la notificaci\u00f3n inmediata de cambios en los sistemas mediante entradas de rel\u00e9, lo que proporciona seguridad y control en tiempo real de par\u00e1metros cr\u00edticos. Est\u00e1 dise\u00f1ado para integrarse en diversos sistemas, desde alarmas y sensores de seguridad hasta aplicaciones industriales y comerciales. El dispositivo cuenta con 4 entradas de rel\u00e9 que, al activarse, env\u00edan autom\u00e1ticamente notificaciones SMS a [...]<\/p>","protected":false},"featured_media":741,"comment_status":"open","ping_status":"closed","template":"","meta":{"_acf_changed":false,"content-type":""},"product_brand":[],"product_cat":[15],"product_tag":[],"class_list":{"0":"post-1765","1":"product","2":"type-product","3":"status-publish","4":"has-post-thumbnail","6":"product_cat-proizvodi","8":"first","9":"instock","10":"taxable","11":"shipping-taxable","12":"purchasable","13":"product-type-simple"},"acf":[],"_links":{"self":[{"href":"https:\/\/www.gsl.rs\/es\/wp-json\/wp\/v2\/product\/1765","targetHints":{"allow":["GET"]}}],"collection":[{"href":"https:\/\/www.gsl.rs\/es\/wp-json\/wp\/v2\/product"}],"about":[{"href":"https:\/\/www.gsl.rs\/es\/wp-json\/wp\/v2\/types\/product"}],"replies":[{"embeddable":true,"href":"https:\/\/www.gsl.rs\/es\/wp-json\/wp\/v2\/comments?post=1765"}],"wp:featuredmedia":[{"embeddable":true,"href":"https:\/\/www.gsl.rs\/es\/wp-json\/wp\/v2\/media\/741"}],"wp:attachment":[{"href":"https:\/\/www.gsl.rs\/es\/wp-json\/wp\/v2\/media?parent=1765"}],"wp:term":[{"taxonomy":"product_brand","embeddable":true,"href":"https:\/\/www.gsl.rs\/es\/wp-json\/wp\/v2\/product_brand?post=1765"},{"taxonomy":"product_cat","embeddable":true,"href":"https:\/\/www.gsl.rs\/es\/wp-json\/wp\/v2\/product_cat?post=1765"},{"taxonomy":"product_tag","embeddable":true,"href":"https:\/\/www.gsl.rs\/es\/wp-json\/wp\/v2\/product_tag?post=1765"}],"curies":[{"name":"wp","href":"https:\/\/api.w.org\/{rel}","templated":true}]}}