{"id":769,"date":"2024-06-20T13:40:21","date_gmt":"2024-06-20T11:40:21","guid":{"rendered":"https:\/\/gsl-staging.element-web.com\/?post_type=product&#038;p=769"},"modified":"2024-06-26T09:06:56","modified_gmt":"2024-06-26T07:06:56","slug":"drahtloser-tragheitssensor","status":"publish","type":"product","link":"https:\/\/www.gsl.rs\/de\/produkt\/drahtloser-tragheitssensor\/","title":{"rendered":"Drahtloser Tr\u00e4gheitssensor"},"content":{"rendered":"<ul>\n<li>Das Ger\u00e4t wird physisch auf dem betreffenden Objekt\/Exponat platziert, um selbst die geringste Bewegung des Objekts\/Exponats zu erkennen.<\/li>\n<li>Der integrierte Beschleunigungssensor erkennt selbst kleinste Bewegungen des Objekts, an dem das Ger\u00e4t befestigt ist.<\/li>\n<li>Bei erkannter Bewegung wird das Ger\u00e4t in den Alarmmodus versetzt und sendet sofort eine Meldung an die Alarmzentrale.<\/li>\n<li>Das Exponat, auf dem ein Alarmzustand erkannt wird, wechselt in den Alarmstatus, der in der Client-Anwendung sichtbar ist.<\/li>\n<li>Das Ger\u00e4t verf\u00fcgt \u00fcber integrierte Temperatur- und Feuchtigkeitssensoren. Luftfeuchtigkeit, Temperatur und Batteriestatus werden alle 12 Stunden ausgelesen und stehen in der Client-Anwendung bei jedem Objekt\/Exponat zur Verf\u00fcgung.<\/li>\n<\/ul>","protected":false},"excerpt":{"rendered":"<p>Das Ger\u00e4t wird physisch auf dem betreffenden Objekt\/Exponat platziert, um selbst die geringste Bewegung des Objekts\/Exponats zu erkennen. Der integrierte Beschleunigungssensor erkennt selbst kleinste Bewegungen des Objekts, an dem das Ger\u00e4t befestigt ist. Bei erkannter Bewegung wird das Ger\u00e4t in den Alarmmodus versetzt und sendet sofort eine Meldung an die Alarmzentrale. Das Exponat, auf dem ein Alarmzustand erkannt wird, wechselt in den Alarmstatus, der in [\u2026] sichtbar ist.<\/p>","protected":false},"featured_media":770,"comment_status":"open","ping_status":"closed","template":"","meta":{"_acf_changed":false,"content-type":""},"product_brand":[],"product_cat":[15],"product_tag":[],"class_list":{"0":"post-769","1":"product","2":"type-product","3":"status-publish","4":"has-post-thumbnail","6":"product_cat-proizvodi","8":"first","9":"instock","10":"taxable","11":"shipping-taxable","12":"product-type-simple"},"acf":[],"_links":{"self":[{"href":"https:\/\/www.gsl.rs\/de\/wp-json\/wp\/v2\/product\/769","targetHints":{"allow":["GET"]}}],"collection":[{"href":"https:\/\/www.gsl.rs\/de\/wp-json\/wp\/v2\/product"}],"about":[{"href":"https:\/\/www.gsl.rs\/de\/wp-json\/wp\/v2\/types\/product"}],"replies":[{"embeddable":true,"href":"https:\/\/www.gsl.rs\/de\/wp-json\/wp\/v2\/comments?post=769"}],"wp:featuredmedia":[{"embeddable":true,"href":"https:\/\/www.gsl.rs\/de\/wp-json\/wp\/v2\/media\/770"}],"wp:attachment":[{"href":"https:\/\/www.gsl.rs\/de\/wp-json\/wp\/v2\/media?parent=769"}],"wp:term":[{"taxonomy":"product_brand","embeddable":true,"href":"https:\/\/www.gsl.rs\/de\/wp-json\/wp\/v2\/product_brand?post=769"},{"taxonomy":"product_cat","embeddable":true,"href":"https:\/\/www.gsl.rs\/de\/wp-json\/wp\/v2\/product_cat?post=769"},{"taxonomy":"product_tag","embeddable":true,"href":"https:\/\/www.gsl.rs\/de\/wp-json\/wp\/v2\/product_tag?post=769"}],"curies":[{"name":"wp","href":"https:\/\/api.w.org\/{rel}","templated":true}]}}