{"id":766,"date":"2024-06-20T13:35:25","date_gmt":"2024-06-20T11:35:25","guid":{"rendered":"https:\/\/gsl-staging.element-web.com\/?post_type=product&#038;p=766"},"modified":"2024-06-26T12:28:55","modified_gmt":"2024-06-26T10:28:55","slug":"kabelloses-ladegerat-mit-tragheitssensor","status":"publish","type":"product","link":"https:\/\/www.gsl.rs\/de\/produkt\/kabelloses-ladegerat-mit-tragheitssensor\/","title":{"rendered":"Kabelloses Ladeger\u00e4t mit Tr\u00e4gheitssensor"},"content":{"rendered":"<ul>\n<li>Die Stromversorgung des Tr\u00e4gheitsbewegungssensors erfolgt \u00fcber einen USB-Anschluss (Ausgangsstrom bis zu 500 mA).<\/li>\n<li>Es verf\u00fcgt \u00fcber 4 USB-Anschl\u00fcsse und kann 4 Ger\u00e4te gleichzeitig aufladen.<\/li>\n<li>Das Ger\u00e4t ist nur zum Laden des Tr\u00e4gheitsbewegungssensors vorgesehen \u2013 das Laden anderer Ger\u00e4te ist deaktiviert.<\/li>\n<li>Bietet Feedback zum Batteriestatus und Zustand\/Ausfall.<\/li>\n<li>Dient zum Konfigurieren der Empfindlichkeit des Tr\u00e4gheitsbewegungssensors<\/li>\n<\/ul>","protected":false},"excerpt":{"rendered":"<p>Die Stromversorgung des Tr\u00e4gheitsbewegungssensors erfolgt \u00fcber einen USB-Anschluss (Ausgangsstrom bis zu 500 mA). Es verf\u00fcgt \u00fcber 4 USB-Anschl\u00fcsse und kann 4 Ger\u00e4te gleichzeitig aufladen. Das Ger\u00e4t ist nur zum Laden des Tr\u00e4gheitsbewegungssensors vorgesehen \u2013 das Laden anderer Ger\u00e4te ist deaktiviert. Bietet Feedback zum Batteriestatus und Zustand\/Ausfall. Es wird verwendet, um die Empfindlichkeit des Tr\u00e4gheitssensors zu konfigurieren [\u2026]<\/p>","protected":false},"featured_media":767,"comment_status":"open","ping_status":"closed","template":"","meta":{"_acf_changed":false,"content-type":""},"product_brand":[],"product_cat":[15],"product_tag":[],"class_list":{"0":"post-766","1":"product","2":"type-product","3":"status-publish","4":"has-post-thumbnail","6":"product_cat-proizvodi","8":"first","9":"instock","10":"taxable","11":"shipping-taxable","12":"product-type-simple"},"acf":[],"_links":{"self":[{"href":"https:\/\/www.gsl.rs\/de\/wp-json\/wp\/v2\/product\/766","targetHints":{"allow":["GET"]}}],"collection":[{"href":"https:\/\/www.gsl.rs\/de\/wp-json\/wp\/v2\/product"}],"about":[{"href":"https:\/\/www.gsl.rs\/de\/wp-json\/wp\/v2\/types\/product"}],"replies":[{"embeddable":true,"href":"https:\/\/www.gsl.rs\/de\/wp-json\/wp\/v2\/comments?post=766"}],"wp:featuredmedia":[{"embeddable":true,"href":"https:\/\/www.gsl.rs\/de\/wp-json\/wp\/v2\/media\/767"}],"wp:attachment":[{"href":"https:\/\/www.gsl.rs\/de\/wp-json\/wp\/v2\/media?parent=766"}],"wp:term":[{"taxonomy":"product_brand","embeddable":true,"href":"https:\/\/www.gsl.rs\/de\/wp-json\/wp\/v2\/product_brand?post=766"},{"taxonomy":"product_cat","embeddable":true,"href":"https:\/\/www.gsl.rs\/de\/wp-json\/wp\/v2\/product_cat?post=766"},{"taxonomy":"product_tag","embeddable":true,"href":"https:\/\/www.gsl.rs\/de\/wp-json\/wp\/v2\/product_tag?post=766"}],"curies":[{"name":"wp","href":"https:\/\/api.w.org\/{rel}","templated":true}]}}