{"id":763,"date":"2024-08-18T13:31:11","date_gmt":"2024-08-18T11:31:11","guid":{"rendered":"https:\/\/gsl-staging.element-web.com\/?post_type=product&#038;p=763"},"modified":"2024-08-29T11:03:56","modified_gmt":"2024-08-29T09:03:56","slug":"gerat-zur-erkennung-von-lecks-in-vorisolierten-rohren","status":"publish","type":"product","link":"https:\/\/www.gsl.rs\/de\/produkt\/gerat-zur-erkennung-von-lecks-in-vorisolierten-rohren\/","title":{"rendered":"Ger\u00e4t zur Leckageerkennung an vorisolierten Rohren"},"content":{"rendered":"<p>Da vorisolierte Rohrleitungen \u00fcber ihre gesamte L\u00e4nge mit Signalleitungen ausgestattet sind, ist eine kontinuierliche Fern\u00fcberwachung der Rohrleitung m\u00f6glich. Jede vorisolierte Rohrleitung muss einem System zur station\u00e4ren, kontinuierlichen Fern\u00fcberwachung unterzogen werden, um St\u00f6rungen und Fehlfunktionen in Signalleitungen rechtzeitig zu erkennen und so die Ausbreitung von Fl\u00fcssigkeiten durch das Eindringen in die Isoliermasse zu verhindern. Der vorisolierte Rohrleitungsleckdetektor MSD8970E ist ein elektronisches Instrument zur permanenten Lecksuche sowie zur \u00dcberpr\u00fcfung der Platzierung und Verbindung von Signalleitungen zur Meldung in vorisolierten Heizungsrohren (-systemen). Das Ger\u00e4t ist f\u00fcr die station\u00e4re Installation vorgesehen, wird an die Alarmleitungen und die Fl\u00fcssigkeitsdurchflussleitung angeschlossen und \u00fcberwacht kontinuierlich drei Alarmzust\u00e4nde:<\/p>\n<ul>\n<li>Lecksuche an vorisolierten Rohrleitungen,<\/li>\n<li>Erkennung von Unterbrechungen in Signalleitungen,<\/li>\n<li>Kurzschlusserkennung zwischen Fl\u00fcssigkeitsdurchflussleitung und Alarmkabel.<\/li>\n<\/ul>","protected":false},"excerpt":{"rendered":"<p>Da vorisolierte Rohrleitungen \u00fcber ihre gesamte L\u00e4nge mit Signalleitungen ausgestattet sind, ist eine kontinuierliche Fern\u00fcberwachung der Rohrleitung m\u00f6glich. Jede vorisolierte Rohrleitung muss einem System zur station\u00e4ren, kontinuierlichen Fern\u00fcberwachung unterzogen werden, um St\u00f6rungen und Fehlfunktionen der Signalleitungen rechtzeitig zu erkennen und so die Ausbreitung von [\u2026] zu verhindern.<\/p>","protected":false},"featured_media":764,"comment_status":"open","ping_status":"closed","template":"","meta":{"_acf_changed":false,"content-type":""},"product_brand":[],"product_cat":[15],"product_tag":[],"class_list":{"0":"post-763","1":"product","2":"type-product","3":"status-publish","4":"has-post-thumbnail","6":"product_cat-proizvodi","8":"first","9":"instock","10":"taxable","11":"shipping-taxable","12":"product-type-simple"},"acf":[],"_links":{"self":[{"href":"https:\/\/www.gsl.rs\/de\/wp-json\/wp\/v2\/product\/763","targetHints":{"allow":["GET"]}}],"collection":[{"href":"https:\/\/www.gsl.rs\/de\/wp-json\/wp\/v2\/product"}],"about":[{"href":"https:\/\/www.gsl.rs\/de\/wp-json\/wp\/v2\/types\/product"}],"replies":[{"embeddable":true,"href":"https:\/\/www.gsl.rs\/de\/wp-json\/wp\/v2\/comments?post=763"}],"wp:featuredmedia":[{"embeddable":true,"href":"https:\/\/www.gsl.rs\/de\/wp-json\/wp\/v2\/media\/764"}],"wp:attachment":[{"href":"https:\/\/www.gsl.rs\/de\/wp-json\/wp\/v2\/media?parent=763"}],"wp:term":[{"taxonomy":"product_brand","embeddable":true,"href":"https:\/\/www.gsl.rs\/de\/wp-json\/wp\/v2\/product_brand?post=763"},{"taxonomy":"product_cat","embeddable":true,"href":"https:\/\/www.gsl.rs\/de\/wp-json\/wp\/v2\/product_cat?post=763"},{"taxonomy":"product_tag","embeddable":true,"href":"https:\/\/www.gsl.rs\/de\/wp-json\/wp\/v2\/product_tag?post=763"}],"curies":[{"name":"wp","href":"https:\/\/api.w.org\/{rel}","templated":true}]}}