{"id":756,"date":"2024-08-19T13:10:41","date_gmt":"2024-08-19T11:10:41","guid":{"rendered":"https:\/\/gsl-staging.element-web.com\/?post_type=product&#038;p=756"},"modified":"2024-08-29T11:21:36","modified_gmt":"2024-08-29T09:21:36","slug":"und-sekundare-zugangskontrolle","status":"publish","type":"product","link":"https:\/\/www.gsl.rs\/de\/produkt\/und-sekundare-zugangskontrolle\/","title":{"rendered":"I-SEC-Zugriffskontrolle"},"content":{"rendered":"<p>Je nach Zweck der Anlage gibt es unterschiedliche Begr\u00fcndungen f\u00fcr den Einbau eines Sicherheitssystems. Zus\u00e4tzlich zur Tatsache, dass dieses System Ihr Eigentum und Ihre Mitarbeiter\/Benutzer erfolgreich sichert, bietet dieses System genaue Aufzeichnungen und Kontrolle \u00fcber den gesamten Zugang von Mitarbeitern zu Einrichtungen.<\/p>\n<p>Unser System sch\u00fctzt Geb\u00e4ude effektiver als andere Sicherheitssysteme. Wenn man bedenkt, dass es mit einem Sicherheitsbeleuchtungssystem aufger\u00fcstet wurde. Die Anbindung des Beleuchtungs- und Zutrittskontrollsystems erfolgt per Software, wobei wir je nach Bedarf festlegen, wie das System funktionieren soll.<\/p>\n<p>Wir passen das System absolut an Ihre Bed\u00fcrfnisse an.<\/p>","protected":false},"excerpt":{"rendered":"<p>Je nach Zweck der R\u00e4umlichkeiten gibt es unterschiedliche Begr\u00fcndungen f\u00fcr den Einbau eines Sicherheitssystems. Neben der erfolgreichen Absicherung Ihres Eigentums und Ihrer Mitarbeiter\/Benutzer erm\u00f6glicht dieses System zus\u00e4tzlich eine genaue Aufzeichnung und Kontrolle s\u00e4mtlicher Zutritte der Mitarbeiter zu Einrichtungen. Unser System sch\u00fctzt Einrichtungen effizienter als andere Sicherheitssysteme. Wann [\u2026]<\/p>","protected":false},"featured_media":758,"comment_status":"open","ping_status":"closed","template":"","meta":{"_acf_changed":false,"content-type":""},"product_brand":[],"product_cat":[15],"product_tag":[],"class_list":{"0":"post-756","1":"product","2":"type-product","3":"status-publish","4":"has-post-thumbnail","6":"product_cat-proizvodi","8":"first","9":"instock","10":"taxable","11":"shipping-taxable","12":"product-type-simple"},"acf":[],"_links":{"self":[{"href":"https:\/\/www.gsl.rs\/de\/wp-json\/wp\/v2\/product\/756","targetHints":{"allow":["GET"]}}],"collection":[{"href":"https:\/\/www.gsl.rs\/de\/wp-json\/wp\/v2\/product"}],"about":[{"href":"https:\/\/www.gsl.rs\/de\/wp-json\/wp\/v2\/types\/product"}],"replies":[{"embeddable":true,"href":"https:\/\/www.gsl.rs\/de\/wp-json\/wp\/v2\/comments?post=756"}],"wp:featuredmedia":[{"embeddable":true,"href":"https:\/\/www.gsl.rs\/de\/wp-json\/wp\/v2\/media\/758"}],"wp:attachment":[{"href":"https:\/\/www.gsl.rs\/de\/wp-json\/wp\/v2\/media?parent=756"}],"wp:term":[{"taxonomy":"product_brand","embeddable":true,"href":"https:\/\/www.gsl.rs\/de\/wp-json\/wp\/v2\/product_brand?post=756"},{"taxonomy":"product_cat","embeddable":true,"href":"https:\/\/www.gsl.rs\/de\/wp-json\/wp\/v2\/product_cat?post=756"},{"taxonomy":"product_tag","embeddable":true,"href":"https:\/\/www.gsl.rs\/de\/wp-json\/wp\/v2\/product_tag?post=756"}],"curies":[{"name":"wp","href":"https:\/\/api.w.org\/{rel}","templated":true}]}}