{"id":744,"date":"2024-08-19T13:14:13","date_gmt":"2024-08-19T11:14:13","guid":{"rendered":"https:\/\/gsl-staging.element-web.com\/?post_type=product&#038;p=744"},"modified":"2025-08-14T12:08:24","modified_gmt":"2025-08-14T10:08:24","slug":"intelligente-led-netzbeleuchtung","status":"publish","type":"product","link":"https:\/\/www.gsl.rs\/de\/produkt\/intelligente-led-netzbeleuchtung\/","title":{"rendered":"IntelityNET Smart LED Mesh-System"},"content":{"rendered":"<p><span class=\"fontstyle0\">Wir stellen unsere modernen LED-Stra\u00dfenlaternen vor, die eine Leistung von 70 bis 150 W bieten. Diese Leuchten sind standardm\u00e4\u00dfig mit einem langlebigen Geh\u00e4use und einem NEMA 7-Anschluss ausgestattet. <\/span><span class=\"fontstyle2\">ANSI C136.41<\/span><span class=\"fontstyle0\">, und gew\u00e4hrleistet Zuverl\u00e4ssigkeit und Sicherheit in verschiedenen Umgebungen. Der Controller im NEMA 7-Pin-Geh\u00e4use kommuniziert \u00fcber <\/span><span class=\"fontstyle0\">Internet-Netzwerke<\/span><span class=\"fontstyle0\">, und nutzt GPS, um jede Lampe zu positionieren.<\/span><\/p>\n<p><span class=\"fontstyle0\">Das Besondere an diesem Produkt ist seine Kompatibilit\u00e4t mit unserem Smart Controller. Mit dieser Funktion k\u00f6nnen Sie Ihre Beleuchtung fernsteuern und auf detaillierte Informationen zu ihrer Leistung und ihrem Status zugreifen. Diese Art der Steuerung verbessert nicht nur den Komfort, sondern erm\u00f6glicht auch eine effiziente Verwaltung Ihrer Lichtinfrastruktur. Die folgenden PDF-Spezifikationsdateien zeigen die technischen Spezifikationen f\u00fcr die angegebenen Modelle.<\/span><\/p>","protected":false},"excerpt":{"rendered":"<p>Wir stellen unsere modernen LED-Stra\u00dfenlaternen vor, die eine Leistung von 70 bis 150 W bieten. Diese Leuchten verf\u00fcgen \u00fcber ein robustes Geh\u00e4use mit einem NEMA 7-Anschluss gem\u00e4\u00df ANSI C136.41-Standard und gew\u00e4hrleisten so Zuverl\u00e4ssigkeit und Sicherheit in zahlreichen Umgebungen. Der Controller im NEMA-7-Pin-Geh\u00e4use kommuniziert \u00fcber das Internet und nutzt GPS, um jede Lampe zu positionieren. Was das [\u2026]<\/p>","protected":false},"featured_media":752,"comment_status":"open","ping_status":"closed","template":"","meta":{"_acf_changed":false,"content-type":""},"product_brand":[],"product_cat":[15,41],"product_tag":[37],"class_list":{"0":"post-744","1":"product","2":"type-product","3":"status-publish","4":"has-post-thumbnail","6":"product_cat-proizvodi","7":"product_cat-ledmesh-proizvod","8":"product_tag-intelitynet","10":"first","11":"instock","12":"taxable","13":"shipping-taxable","14":"product-type-simple"},"acf":[],"_links":{"self":[{"href":"https:\/\/www.gsl.rs\/de\/wp-json\/wp\/v2\/product\/744","targetHints":{"allow":["GET"]}}],"collection":[{"href":"https:\/\/www.gsl.rs\/de\/wp-json\/wp\/v2\/product"}],"about":[{"href":"https:\/\/www.gsl.rs\/de\/wp-json\/wp\/v2\/types\/product"}],"replies":[{"embeddable":true,"href":"https:\/\/www.gsl.rs\/de\/wp-json\/wp\/v2\/comments?post=744"}],"wp:featuredmedia":[{"embeddable":true,"href":"https:\/\/www.gsl.rs\/de\/wp-json\/wp\/v2\/media\/752"}],"wp:attachment":[{"href":"https:\/\/www.gsl.rs\/de\/wp-json\/wp\/v2\/media?parent=744"}],"wp:term":[{"taxonomy":"product_brand","embeddable":true,"href":"https:\/\/www.gsl.rs\/de\/wp-json\/wp\/v2\/product_brand?post=744"},{"taxonomy":"product_cat","embeddable":true,"href":"https:\/\/www.gsl.rs\/de\/wp-json\/wp\/v2\/product_cat?post=744"},{"taxonomy":"product_tag","embeddable":true,"href":"https:\/\/www.gsl.rs\/de\/wp-json\/wp\/v2\/product_tag?post=744"}],"curies":[{"name":"wp","href":"https:\/\/api.w.org\/{rel}","templated":true}]}}