{"id":738,"date":"2024-08-16T12:57:46","date_gmt":"2024-08-16T10:57:46","guid":{"rendered":"https:\/\/gsl-staging.element-web.com\/?post_type=product&#038;p=738"},"modified":"2025-07-16T13:38:49","modified_gmt":"2025-07-16T11:38:49","slug":"gsm-4g-lte-controller","status":"publish","type":"product","link":"https:\/\/www.gsl.rs\/de\/produkt\/gsm-4g-lte-controller\/","title":{"rendered":"GSM 4G LTE-Controller"},"content":{"rendered":"<p style=\"text-align: left;\">Der GSM 4G LTE-Controller dient zur Fernsteuerung von Relaisausg\u00e4ngen per Anruf oder SMS. Er ist f\u00fcr die Steuerung von Toren, Rampen, T\u00fcren, Pumpen, Beleuchtung und anderen elektrischen Ger\u00e4ten vorgesehen, die \u00fcber das Mobilfunknetz ein- und ausgeschaltet werden sollen. Neben zwei Ausg\u00e4ngen verf\u00fcgt das Ger\u00e4t \u00fcber zwei Eing\u00e4nge, \u00fcber die es Status\u00e4nderungen per SMS meldet oder per Anruf warnt. Eine praktische L\u00f6sung zum Auslesen von Sensoren mit digitalem Ausgang oder zur Erkennung von Alarmzust\u00e4nden.<\/p>\n<p>Hauptmerkmale:<\/p>\n<ul>\n<li>Zwei Relaisausg\u00e4nge, die 6 Betriebsmodi unterst\u00fctzen.<\/li>\n<li>Verwaltung per Anruf oder SMS.<\/li>\n<li>Zwei Relais-Eing\u00e4nge zur Meldung von Status\u00e4nderungen \u00fcber eine konfigurierbare SMS-Nachricht.<\/li>\n<li>20 Administratornummern (M\u00f6glichkeit zur Konfiguration von Ger\u00e4ten und zum Hinzuf\u00fcgen neuer Benutzer)<\/li>\n<li>200 Nutzer (Erweiterbarkeit m\u00f6glich)<\/li>\n<li>Geringer Stromverbrauch.<\/li>\n<li>Weist Anrufe automatisch ab<\/li>\n<li>230-V-Wechselstromversorgung<\/li>\n<\/ul>","protected":false},"excerpt":{"rendered":"<p>Der GSM 4G LTE-Controller dient zur Fernsteuerung des Relaisausgangs per Anruf oder SMS. Er ist f\u00fcr die Steuerung von Toren, Rampen, T\u00fcren, Pumpen, Beleuchtung oder anderen elektrischen Ger\u00e4ten vorgesehen, die \u00fcber das Mobilfunknetz ein- oder ausgeschaltet werden m\u00fcssen. Neben den zwei Ausg\u00e4ngen verf\u00fcgt das Ger\u00e4t \u00fcber zwei Eing\u00e4nge, \u00fcber die es Zustands\u00e4nderungen per SMS meldet.<\/p>","protected":false},"featured_media":1728,"comment_status":"open","ping_status":"closed","template":"","meta":{"_acf_changed":false,"content-type":""},"product_brand":[],"product_cat":[15],"product_tag":[27],"class_list":{"0":"post-738","1":"product","2":"type-product","3":"status-publish","4":"has-post-thumbnail","6":"product_cat-proizvodi","7":"product_tag-gate","9":"first","10":"instock","11":"taxable","12":"shipping-taxable","13":"purchasable","14":"product-type-simple"},"acf":[],"_links":{"self":[{"href":"https:\/\/www.gsl.rs\/de\/wp-json\/wp\/v2\/product\/738","targetHints":{"allow":["GET"]}}],"collection":[{"href":"https:\/\/www.gsl.rs\/de\/wp-json\/wp\/v2\/product"}],"about":[{"href":"https:\/\/www.gsl.rs\/de\/wp-json\/wp\/v2\/types\/product"}],"replies":[{"embeddable":true,"href":"https:\/\/www.gsl.rs\/de\/wp-json\/wp\/v2\/comments?post=738"}],"wp:featuredmedia":[{"embeddable":true,"href":"https:\/\/www.gsl.rs\/de\/wp-json\/wp\/v2\/media\/1728"}],"wp:attachment":[{"href":"https:\/\/www.gsl.rs\/de\/wp-json\/wp\/v2\/media?parent=738"}],"wp:term":[{"taxonomy":"product_brand","embeddable":true,"href":"https:\/\/www.gsl.rs\/de\/wp-json\/wp\/v2\/product_brand?post=738"},{"taxonomy":"product_cat","embeddable":true,"href":"https:\/\/www.gsl.rs\/de\/wp-json\/wp\/v2\/product_cat?post=738"},{"taxonomy":"product_tag","embeddable":true,"href":"https:\/\/www.gsl.rs\/de\/wp-json\/wp\/v2\/product_tag?post=738"}],"curies":[{"name":"wp","href":"https:\/\/api.w.org\/{rel}","templated":true}]}}