{"id":279,"date":"2024-08-15T09:59:23","date_gmt":"2024-08-15T07:59:23","guid":{"rendered":"https:\/\/gsl-staging.element-web.com\/?post_type=product&#038;p=279"},"modified":"2024-08-29T11:04:53","modified_gmt":"2024-08-29T09:04:53","slug":"4g-kommunikationsmodul-g4r2","status":"publish","type":"product","link":"https:\/\/www.gsl.rs\/de\/produkt\/4g-kommunikationsmodul-g4r2\/","title":{"rendered":"4G-Kommunikationsmodul G4R2"},"content":{"rendered":"<p>Das 4G-Kommunikationsmodul ist eine moderne und umfassende L\u00f6sung f\u00fcr eine schnelle und stabile Internetverbindung, ideal f\u00fcr gesch\u00e4ftliche und industrielle Anforderungen. Dieser Router verf\u00fcgt \u00fcber drahtlose Firmware-Updates, sodass Benutzer immer sicher sein k\u00f6nnen, die neuesten Funktionen und Verbesserungen zu nutzen. Dar\u00fcber hinaus ist der Router mit externen Modulen erweiterbar und kann so an spezielle Benutzeranforderungen angepasst werden, beispielsweise mit einer zus\u00e4tzlichen Antenne f\u00fcr ein st\u00e4rkeres Signal oder einem Modul f\u00fcr mehr Sicherheit. Durch die angepasste Firmware kann der Benutzer die Nutzung individuell anpassen, w\u00e4hrend die Option einer redundanten Stromversorgung f\u00fcr Betriebskontinuit\u00e4t und Systemzuverl\u00e4ssigkeit sorgt. Mit all diesen Funktionen ist ein 4G-Router eine zuverl\u00e4ssige, praktische und moderne M\u00f6glichkeit, in Verbindung zu bleiben und produktiv zu sein.<\/p>","protected":false},"excerpt":{"rendered":"<p>Das 4G-Kommunikationsmodul ist eine moderne und umfassende L\u00f6sung f\u00fcr eine schnelle und stabile Internetverbindung, ideal f\u00fcr gesch\u00e4ftliche und industrielle Anforderungen. Dieser Router verf\u00fcgt \u00fcber drahtlose Firmware-Updates, sodass Benutzer immer sicher sein k\u00f6nnen, die neuesten Funktionen und Verbesserungen zu nutzen. Dar\u00fcber hinaus ist der Router mit externen Modulen erweiterbar, was bedeutet, dass er an spezielle Benutzeranforderungen angepasst werden kann, wie beispielsweise [\u2026]<\/p>","protected":false},"featured_media":735,"comment_status":"open","ping_status":"closed","template":"","meta":{"_acf_changed":false,"content-type":""},"product_brand":[],"product_cat":[15],"product_tag":[],"class_list":{"0":"post-279","1":"product","2":"type-product","3":"status-publish","4":"has-post-thumbnail","6":"product_cat-proizvodi","8":"first","9":"instock","10":"taxable","11":"shipping-taxable","12":"product-type-simple"},"acf":[],"_links":{"self":[{"href":"https:\/\/www.gsl.rs\/de\/wp-json\/wp\/v2\/product\/279","targetHints":{"allow":["GET"]}}],"collection":[{"href":"https:\/\/www.gsl.rs\/de\/wp-json\/wp\/v2\/product"}],"about":[{"href":"https:\/\/www.gsl.rs\/de\/wp-json\/wp\/v2\/types\/product"}],"replies":[{"embeddable":true,"href":"https:\/\/www.gsl.rs\/de\/wp-json\/wp\/v2\/comments?post=279"}],"wp:featuredmedia":[{"embeddable":true,"href":"https:\/\/www.gsl.rs\/de\/wp-json\/wp\/v2\/media\/735"}],"wp:attachment":[{"href":"https:\/\/www.gsl.rs\/de\/wp-json\/wp\/v2\/media?parent=279"}],"wp:term":[{"taxonomy":"product_brand","embeddable":true,"href":"https:\/\/www.gsl.rs\/de\/wp-json\/wp\/v2\/product_brand?post=279"},{"taxonomy":"product_cat","embeddable":true,"href":"https:\/\/www.gsl.rs\/de\/wp-json\/wp\/v2\/product_cat?post=279"},{"taxonomy":"product_tag","embeddable":true,"href":"https:\/\/www.gsl.rs\/de\/wp-json\/wp\/v2\/product_tag?post=279"}],"curies":[{"name":"wp","href":"https:\/\/api.w.org\/{rel}","templated":true}]}}