{"id":275,"date":"2024-06-05T09:58:21","date_gmt":"2024-06-05T09:58:21","guid":{"rendered":"https:\/\/gsl-staging.element-web.com\/?post_type=product&#038;p=275"},"modified":"2025-07-07T14:13:47","modified_gmt":"2025-07-07T12:13:47","slug":"analoges-ims-modul-4","status":"publish","type":"product","link":"https:\/\/www.gsl.rs\/de\/produkt\/analoges-ims-modul-4\/","title":{"rendered":"IMS Analog4"},"content":{"rendered":"<p>Das Analogmodul ist ein hochentwickeltes Ger\u00e4t mit vier konfigurierbaren Kan\u00e4len. Jeder Kanal unterst\u00fctzt verschiedene Betriebsmodi, darunter:<\/p>\n<ul>\n<li>0 bis 10V Eingang<\/li>\n<li>Ausgang von 0 bis 10 V<\/li>\n<li>Eingang von 0 bis 24 mA<\/li>\n<li>Ausgang von 0 bis 24 mA<\/li>\n<li>Widerstandstemperaturf\u00fchler RTD (pt100,pt500)<\/li>\n<li>Das Modul unterst\u00fctzt auch den digitalen Eingabemodus.<\/li>\n<\/ul>\n<p>&nbsp;<\/p>\n<p>Es ist mit einer 2-Zoll-Grafikschnittstelle ausgestattet, \u00fcber die Messwerte oder Fehler direkt angezeigt werden k\u00f6nnen, sowie Alarm- und Diagnosemeldungen f\u00fcr jeden Kanal.<br \/>\nbesonders.<\/p>","protected":false},"excerpt":{"rendered":"<p>Das Analogmodul ist ein fortschrittliches Ger\u00e4t mit vier konfigurierbaren Kan\u00e4len. Jeder Kanal unterst\u00fctzt verschiedene Betriebsmodi, darunter: Eingang 0 bis 10 V, Ausgang 0 bis 10 V, Eingang 0 bis 24 mA, Ausgang 0 bis 24 mA, Widerstandstemperatursensor (RTD, Pt100, Pt500). Das Modul unterst\u00fctzt au\u00dferdem digitale Eing\u00e4nge. Es ist mit einer grafischen Benutzeroberfl\u00e4che mit 2 [\u2026] ausgestattet.<\/p>","protected":false},"featured_media":728,"comment_status":"open","ping_status":"closed","template":"","meta":{"_acf_changed":false,"content-type":""},"product_brand":[],"product_cat":[15],"product_tag":[],"class_list":{"0":"post-275","1":"product","2":"type-product","3":"status-publish","4":"has-post-thumbnail","6":"product_cat-proizvodi","8":"first","9":"instock","10":"taxable","11":"shipping-taxable","12":"product-type-simple"},"acf":[],"_links":{"self":[{"href":"https:\/\/www.gsl.rs\/de\/wp-json\/wp\/v2\/product\/275","targetHints":{"allow":["GET"]}}],"collection":[{"href":"https:\/\/www.gsl.rs\/de\/wp-json\/wp\/v2\/product"}],"about":[{"href":"https:\/\/www.gsl.rs\/de\/wp-json\/wp\/v2\/types\/product"}],"replies":[{"embeddable":true,"href":"https:\/\/www.gsl.rs\/de\/wp-json\/wp\/v2\/comments?post=275"}],"wp:featuredmedia":[{"embeddable":true,"href":"https:\/\/www.gsl.rs\/de\/wp-json\/wp\/v2\/media\/728"}],"wp:attachment":[{"href":"https:\/\/www.gsl.rs\/de\/wp-json\/wp\/v2\/media?parent=275"}],"wp:term":[{"taxonomy":"product_brand","embeddable":true,"href":"https:\/\/www.gsl.rs\/de\/wp-json\/wp\/v2\/product_brand?post=275"},{"taxonomy":"product_cat","embeddable":true,"href":"https:\/\/www.gsl.rs\/de\/wp-json\/wp\/v2\/product_cat?post=275"},{"taxonomy":"product_tag","embeddable":true,"href":"https:\/\/www.gsl.rs\/de\/wp-json\/wp\/v2\/product_tag?post=275"}],"curies":[{"name":"wp","href":"https:\/\/api.w.org\/{rel}","templated":true}]}}