{"id":1893,"date":"2025-07-07T13:49:14","date_gmt":"2025-07-07T11:49:14","guid":{"rendered":"https:\/\/gsl.rs\/?post_type=product&#038;p=1893"},"modified":"2025-07-07T14:06:39","modified_gmt":"2025-07-07T12:06:39","slug":"ims-system-fur-die-industrielle-uberwachung","status":"publish","type":"product","link":"https:\/\/www.gsl.rs\/de\/produkt\/ims-system-fur-die-industrielle-uberwachung\/","title":{"rendered":"IMS-System f\u00fcr die industrielle \u00dcberwachung"},"content":{"rendered":"<p>Das IMS-System wurde von GSL DOO entwickelt und ist eine fortschrittliche L\u00f6sung zur \u00dcberwachung, Steuerung und Verwaltung verschiedener Industrie- und Infrastruktursysteme. Es basiert auf einer modularen Architektur, in der unterschiedliche Module je nach Kundenbedarf kombiniert und in spezielle Verteilerschr\u00e4nke integriert werden k\u00f6nnen.<br \/>\nDer Hauptvorteil des IMS-Systems liegt in seiner Flexibilit\u00e4t und Anpassungsf\u00e4higkeit an spezifische Bedingungen und Anforderungen. Jedes Modul hat seine eigene definierte Funktion \u2013 von der Messung und Analyse elektrischer<br \/>\nParameter zur Steuerung von Ausgangssignalen und zur Meldung von Alarmzust\u00e4nden.<\/p>","protected":false},"excerpt":{"rendered":"<p>Das IMS-System wurde von GSL DOO entwickelt und ist eine fortschrittliche L\u00f6sung zur \u00dcberwachung, Steuerung und Verwaltung verschiedener Industrie- und Infrastruktursysteme. Es basiert auf einer modularen Architektur, in der sich unterschiedliche Module je nach Kundenbedarf kombinieren und in spezialisierte Verteilerschr\u00e4nke integrieren lassen. Der Hauptvorteil des IMS-Systems liegt in seiner Flexibilit\u00e4t und Anpassungsf\u00e4higkeit [...]<\/p>","protected":false},"featured_media":1777,"comment_status":"open","ping_status":"closed","template":"","meta":{"_acf_changed":false,"content-type":""},"product_brand":[],"product_cat":[15,40],"product_tag":[],"class_list":{"0":"post-1893","1":"product","2":"type-product","3":"status-publish","4":"has-post-thumbnail","6":"product_cat-proizvodi","7":"product_cat-ims-sistem","9":"first","10":"instock","11":"taxable","12":"shipping-taxable","13":"product-type-simple"},"acf":[],"_links":{"self":[{"href":"https:\/\/www.gsl.rs\/de\/wp-json\/wp\/v2\/product\/1893","targetHints":{"allow":["GET"]}}],"collection":[{"href":"https:\/\/www.gsl.rs\/de\/wp-json\/wp\/v2\/product"}],"about":[{"href":"https:\/\/www.gsl.rs\/de\/wp-json\/wp\/v2\/types\/product"}],"replies":[{"embeddable":true,"href":"https:\/\/www.gsl.rs\/de\/wp-json\/wp\/v2\/comments?post=1893"}],"wp:featuredmedia":[{"embeddable":true,"href":"https:\/\/www.gsl.rs\/de\/wp-json\/wp\/v2\/media\/1777"}],"wp:attachment":[{"href":"https:\/\/www.gsl.rs\/de\/wp-json\/wp\/v2\/media?parent=1893"}],"wp:term":[{"taxonomy":"product_brand","embeddable":true,"href":"https:\/\/www.gsl.rs\/de\/wp-json\/wp\/v2\/product_brand?post=1893"},{"taxonomy":"product_cat","embeddable":true,"href":"https:\/\/www.gsl.rs\/de\/wp-json\/wp\/v2\/product_cat?post=1893"},{"taxonomy":"product_tag","embeddable":true,"href":"https:\/\/www.gsl.rs\/de\/wp-json\/wp\/v2\/product_tag?post=1893"}],"curies":[{"name":"wp","href":"https:\/\/api.w.org\/{rel}","templated":true}]}}