{"id":1886,"date":"2025-07-07T13:35:22","date_gmt":"2025-07-07T11:35:22","guid":{"rendered":"https:\/\/gsl.rs\/?post_type=product&#038;p=1886"},"modified":"2025-07-07T14:13:24","modified_gmt":"2025-07-07T12:13:24","slug":"ims-pdu-modul","status":"publish","type":"product","link":"https:\/\/www.gsl.rs\/de\/produkt\/ims-pdu-modul\/","title":{"rendered":"IMS PDU-Modul"},"content":{"rendered":"<p data-start=\"77\" data-end=\"116\"><strong data-start=\"77\" data-end=\"116\">Stromverteilungseinheit (PDU) Modul<\/strong><\/p>\n<p data-start=\"118\" data-end=\"346\">Das Modul \u201eStromverteilungseinheit\u201c dient der effizienten und sicheren Energieverteilung von der Stromquelle zu den angeschlossenen Ger\u00e4ten. Es wird auf einer DIN-Schiene montiert und erm\u00f6glicht so eine geordnete und sichere Spannungsverteilung im Verteilerschrank.<\/p>\n<p data-start=\"348\" data-end=\"497\">Das Modul verf\u00fcgt \u00fcber einen eingebauten Schutz gegen \u00dcberspannung und unerw\u00fcnschte St\u00f6rungen, der die angeschlossenen Ger\u00e4te sch\u00fctzt und einen langfristigen, stabilen und zuverl\u00e4ssigen Betrieb des gesamten Systems gew\u00e4hrleistet.<\/p>","protected":false},"excerpt":{"rendered":"<p>Das Stromverteilungsmodul (PDU) dient der effizienten und sicheren Energieverteilung von der Stromquelle zu den angeschlossenen Ger\u00e4ten. Es wird auf einer DIN-Schiene montiert und erm\u00f6glicht so eine geordnete und sichere Spannungsverteilung im Verteilerschrank. Das Modul verf\u00fcgt \u00fcber einen integrierten Schutz gegen \u00dcberspannung und St\u00f6rungen, der die angeschlossenen Ger\u00e4te sch\u00fctzt und einen dauerhaft stabilen und zuverl\u00e4ssigen Betrieb gew\u00e4hrleistet.<\/p>","protected":false},"featured_media":1889,"comment_status":"open","ping_status":"closed","template":"","meta":{"_acf_changed":false,"content-type":""},"product_brand":[],"product_cat":[15],"product_tag":[],"class_list":{"0":"post-1886","1":"product","2":"type-product","3":"status-publish","4":"has-post-thumbnail","6":"product_cat-proizvodi","8":"first","9":"instock","10":"taxable","11":"shipping-taxable","12":"product-type-simple"},"acf":[],"_links":{"self":[{"href":"https:\/\/www.gsl.rs\/de\/wp-json\/wp\/v2\/product\/1886","targetHints":{"allow":["GET"]}}],"collection":[{"href":"https:\/\/www.gsl.rs\/de\/wp-json\/wp\/v2\/product"}],"about":[{"href":"https:\/\/www.gsl.rs\/de\/wp-json\/wp\/v2\/types\/product"}],"replies":[{"embeddable":true,"href":"https:\/\/www.gsl.rs\/de\/wp-json\/wp\/v2\/comments?post=1886"}],"wp:featuredmedia":[{"embeddable":true,"href":"https:\/\/www.gsl.rs\/de\/wp-json\/wp\/v2\/media\/1889"}],"wp:attachment":[{"href":"https:\/\/www.gsl.rs\/de\/wp-json\/wp\/v2\/media?parent=1886"}],"wp:term":[{"taxonomy":"product_brand","embeddable":true,"href":"https:\/\/www.gsl.rs\/de\/wp-json\/wp\/v2\/product_brand?post=1886"},{"taxonomy":"product_cat","embeddable":true,"href":"https:\/\/www.gsl.rs\/de\/wp-json\/wp\/v2\/product_cat?post=1886"},{"taxonomy":"product_tag","embeddable":true,"href":"https:\/\/www.gsl.rs\/de\/wp-json\/wp\/v2\/product_tag?post=1886"}],"curies":[{"name":"wp","href":"https:\/\/api.w.org\/{rel}","templated":true}]}}