{"id":1765,"date":"2024-08-16T13:35:43","date_gmt":"2024-08-16T11:35:43","guid":{"rendered":"https:\/\/gsl.rs\/?post_type=product&#038;p=1765"},"modified":"2025-08-12T12:36:53","modified_gmt":"2025-08-12T10:36:53","slug":"gsl-quickalert","status":"publish","type":"product","link":"https:\/\/www.gsl.rs\/de\/produkt\/gsl-quickalert\/","title":{"rendered":"GSL QuickAlert"},"content":{"rendered":"<p>Das QuickAlert-Ger\u00e4t erm\u00f6glicht die sofortige Benachrichtigung \u00fcber System\u00e4nderungen mittels Relaiseing\u00e4ngen und bietet so Sicherheit und Kontrolle \u00fcber kritische Parameter in Echtzeit.<br \/>\nEs ist f\u00fcr die Integration in verschiedene Systeme vorgesehen \u2013 von Sicherheitsalarmanlagen und Sensoren bis hin zu industriellen und kommerziellen Anwendungen.<br \/>\nDas Ger\u00e4t verf\u00fcgt \u00fcber 4 Relais-Eing\u00e4nge, die nach Aktivierung automatisch SMS-Benachrichtigungen an vordefinierte Telefonnummern senden und\/oder einen Anruf an eine der Priorit\u00e4tsnummern t\u00e4tigen.<br \/>\ndem Benutzer. Auf diese Weise erhalten die Benutzer umgehend Informationen \u00fcber System\u00e4nderungen, was eine schnelle Reaktion erm\u00f6glicht.<\/p>\n<p>&nbsp;<\/p>\n<ul>\n<li>Automatischer Versand von SMS-Nachrichten \u2013 jede aktivierte Eingabe generiert eine definierte Nachricht, die an die Bed\u00fcrfnisse des Benutzers angepasst werden kann.<\/li>\n<li>Unterst\u00fctzung f\u00fcr bis zu 70 Telefonnummern \u2013 das Ger\u00e4t kann 50 Benutzer und 20 Administratoren haben, was eine breite Informationsabdeckung gew\u00e4hrleistet.<\/li>\n<li>Priorit\u00e4tsbenutzeranruf \u2013 bei Aktivierung einer beliebigen Eingabe kann das Ger\u00e4t automatisch einen bestimmten Benutzer anrufen, um eine schnelle Reaktion zu gew\u00e4hrleisten.<\/li>\n<li>Einfache Programmierung \u2013 Benutzer k\u00f6nnen den Benachrichtigungstext und die Nummernliste einfach \u00fcber die Konfiguration \u00e4ndern.<\/li>\n<li>Zuverl\u00e4ssiger Betrieb in einer Vielzahl von Systemen \u2013 kompatibel mit Alarmsystemen, Sicherheitssensoren, Industrieschaltern und anderen Ger\u00e4ten, die Relaisausg\u00e4nge verwenden.<\/li>\n<li>Stromausfallerkennung \u2013 Das Ger\u00e4t kann bei einem Stromausfall eine SMS-Benachrichtigung senden, sodass der Benutzer schnell reagieren kann.<\/li>\n<li>Autonomie bis zu 8 Stunden - Funktioniert dank des internen Akkus weiter.<\/li>\n<li>Benachrichtigung bei niedrigem Batteriestand \u2013 das Ger\u00e4t sendet automatisch eine Benachrichtigung, wenn der Akku schwach ist. Dadurch k\u00f6nnen die Benutzer das Ger\u00e4t rechtzeitig aufladen und Betriebsunterbrechungen werden vermieden.<\/li>\n<\/ul>","protected":false},"excerpt":{"rendered":"<p>Das QuickAlert-Ger\u00e4t benachrichtigt \u00fcber Relais-Eing\u00e4nge umgehend \u00fcber System\u00e4nderungen und gew\u00e4hrleistet so Sicherheit und Echtzeitkontrolle kritischer Parameter. Es ist f\u00fcr die Integration in diverse Systeme vorgesehen \u2013 von Sicherheitsalarmen und Sensoren bis hin zu industriellen und kommerziellen Anwendungen. Das Ger\u00e4t verf\u00fcgt \u00fcber vier Relais-Eing\u00e4nge, die nach Aktivierung automatisch SMS-Benachrichtigungen an vordefinierte Empf\u00e4nger senden.<\/p>","protected":false},"featured_media":741,"comment_status":"open","ping_status":"closed","template":"","meta":{"_acf_changed":false,"content-type":""},"product_brand":[],"product_cat":[15],"product_tag":[],"class_list":{"0":"post-1765","1":"product","2":"type-product","3":"status-publish","4":"has-post-thumbnail","6":"product_cat-proizvodi","8":"first","9":"instock","10":"taxable","11":"shipping-taxable","12":"purchasable","13":"product-type-simple"},"acf":[],"_links":{"self":[{"href":"https:\/\/www.gsl.rs\/de\/wp-json\/wp\/v2\/product\/1765","targetHints":{"allow":["GET"]}}],"collection":[{"href":"https:\/\/www.gsl.rs\/de\/wp-json\/wp\/v2\/product"}],"about":[{"href":"https:\/\/www.gsl.rs\/de\/wp-json\/wp\/v2\/types\/product"}],"replies":[{"embeddable":true,"href":"https:\/\/www.gsl.rs\/de\/wp-json\/wp\/v2\/comments?post=1765"}],"wp:featuredmedia":[{"embeddable":true,"href":"https:\/\/www.gsl.rs\/de\/wp-json\/wp\/v2\/media\/741"}],"wp:attachment":[{"href":"https:\/\/www.gsl.rs\/de\/wp-json\/wp\/v2\/media?parent=1765"}],"wp:term":[{"taxonomy":"product_brand","embeddable":true,"href":"https:\/\/www.gsl.rs\/de\/wp-json\/wp\/v2\/product_brand?post=1765"},{"taxonomy":"product_cat","embeddable":true,"href":"https:\/\/www.gsl.rs\/de\/wp-json\/wp\/v2\/product_cat?post=1765"},{"taxonomy":"product_tag","embeddable":true,"href":"https:\/\/www.gsl.rs\/de\/wp-json\/wp\/v2\/product_tag?post=1765"}],"curies":[{"name":"wp","href":"https:\/\/api.w.org\/{rel}","templated":true}]}}