{"id":40,"date":"2024-05-28T12:28:42","date_gmt":"2024-05-28T12:28:42","guid":{"rendered":"https:\/\/gsl-staging.element-web.com\/?page_id=40"},"modified":"2024-09-26T16:20:00","modified_gmt":"2024-09-26T14:20:00","slug":"kontakt","status":"publish","type":"page","link":"https:\/\/www.gsl.rs\/de\/kontakt\/","title":{"rendered":"Kontakt"},"content":{"rendered":"<div data-elementor-type=\"wp-page\" data-elementor-id=\"40\" class=\"elementor elementor-40\" data-elementor-post-type=\"page\">\n\t\t\t\t<div class=\"elementor-element elementor-element-b5df97b e-con-full e-flex e-con e-parent\" data-id=\"b5df97b\" data-element_type=\"container\" id=\"particles-js\" data-settings=\"{&quot;background_background&quot;:&quot;gradient&quot;}\">\n\t\t\t\t<div class=\"elementor-element elementor-element-326e4bb elementor-widget elementor-widget-html\" data-id=\"326e4bb\" data-element_type=\"widget\" data-widget_type=\"html.default\">\n\t\t\t\t<div class=\"elementor-widget-container\">\n\t\t\t\t\t<script src=\"https:\/\/cdn.jsdelivr.net\/particles.js\/2.0.0\/particles.min.js\"><\/script> \n<script>\nparticlesJS(\"particles-js\", {\"particles\":{\"number\":{\"value\":156,\"density\":{\"enable\":true,\"value_area\":685}},\"color\":{\"value\":\"#ffffff\"},\"shape\":{\"type\":\"circle\",\"stroke\":{\"width\":0,\"color\":\"#000000\"},\"polygon\":{\"nb_sides\":5},\"image\":{\"src\":\"img\/github.svg\",\"width\":100,\"height\":100}},\"opacity\":{\"value\":0.5,\"random\":false,\"anim\":{\"enable\":false,\"speed\":10,\"opacity_min\":0.1,\"sync\":false}},\"size\":{\"value\":0,\"random\":true,\"anim\":{\"enable\":false,\"speed\":40,\"size_min\":0.1,\"sync\":false}},\"line_linked\":{\"enable\":true,\"distance\":150,\"color\":\"#ffffff\",\"opacity\":0.4,\"width\":1},\"move\":{\"enable\":true,\"speed\":3.206824121731046,\"direction\":\"none\",\"random\":false,\"straight\":false,\"out_mode\":\"out\",\"bounce\":false,\"attract\":{\"enable\":false,\"rotateX\":600,\"rotateY\":1200}}},\"interactivity\":{\"detect_on\":\"canvas\",\"events\":{\"onhover\":{\"enable\":true,\"mode\":\"repulse\"},\"onclick\":{\"enable\":true,\"mode\":\"push\"},\"resize\":true},\"modes\":{\"grab\":{\"distance\":400,\"line_linked\":{\"opacity\":1}},\"bubble\":{\"distance\":400,\"size\":40,\"duration\":2,\"opacity\":8,\"speed\":3},\"repulse\":{\"distance\":200,\"duration\":0.4},\"push\":{\"particles_nb\":4},\"remove\":{\"particles_nb\":2}}},\"retina_detect\":true});\n<\/script>\t\t\t\t<\/div>\n\t\t\t\t<\/div>\n\t\t<div class=\"elementor-element elementor-element-44a1438 e-flex e-con-boxed e-con e-child\" data-id=\"44a1438\" data-element_type=\"container\" data-settings=\"{&quot;background_background&quot;:&quot;classic&quot;}\">\n\t\t\t\t\t<div class=\"e-con-inner\">\n\t\t\t\t\t<\/div>\n\t\t\t\t<\/div>\n\t\t\t\t<\/div>\n\t\t<div class=\"elementor-element elementor-element-47f9213 e-flex e-con-boxed e-con e-parent\" data-id=\"47f9213\" data-element_type=\"container\">\n\t\t\t\t\t<div class=\"e-con-inner\">\n\t\t\t\t<div class=\"elementor-element elementor-element-71e379d elementor-widget__width-inherit elementor-widget-tablet__width-inherit elementor-widget elementor-widget-heading\" data-id=\"71e379d\" data-element_type=\"widget\" data-widget_type=\"heading.default\">\n\t\t\t\t<div class=\"elementor-widget-container\">\n\t\t\t\t\t<h2 class=\"elementor-heading-title elementor-size-default\">Kontaktdaten<\/h2>\t\t\t\t<\/div>\n\t\t\t\t<\/div>\n\t\t\t\t<div class=\"elementor-element elementor-element-983ef8d elementor-widget__width-inherit elementor-widget elementor-widget-text-editor\" data-id=\"983ef8d\" data-element_type=\"widget\" data-widget_type=\"text-editor.default\">\n\t\t\t\t<div class=\"elementor-widget-container\">\n\t\t\t\t\t\t\t\t\t<p>Wenn Sie Fragen zu unseren Produkten oder Dienstleistungen haben, eine Pr\u00e4sentation vereinbaren oder sich mit uns beraten lassen m\u00f6chten, k\u00f6nnen Sie sich gerne an uns wenden.<\/p>\t\t\t\t\t\t\t\t<\/div>\n\t\t\t\t<\/div>\n\t\t\t\t<div class=\"elementor-element elementor-element-d79eb3b elementor-widget__width-inherit elementor-widget-divider--view-line elementor-widget elementor-widget-divider\" data-id=\"d79eb3b\" data-element_type=\"widget\" data-widget_type=\"divider.default\">\n\t\t\t\t<div class=\"elementor-widget-container\">\n\t\t\t\t\t\t\t<div class=\"elementor-divider\">\n\t\t\t<span class=\"elementor-divider-separator\">\n\t\t\t\t\t\t<\/span>\n\t\t<\/div>\n\t\t\t\t\t\t<\/div>\n\t\t\t\t<\/div>\n\t\t<div class=\"elementor-element elementor-element-bcd797f e-grid e-con-full e-con e-child\" data-id=\"bcd797f\" data-element_type=\"container\">\n\t\t\t\t<div class=\"elementor-element elementor-element-01b1411 elementor-view-stacked elementor-shape-square elementor-position-left e-transform elementor-mobile-position-top elementor-widget elementor-widget-icon-box\" data-id=\"01b1411\" data-element_type=\"widget\" data-settings=\"{&quot;_transform_translateY_effect_hover&quot;:{&quot;unit&quot;:&quot;px&quot;,&quot;size&quot;:-5,&quot;sizes&quot;:[]},&quot;_transform_translateX_effect_hover&quot;:{&quot;unit&quot;:&quot;px&quot;,&quot;size&quot;:&quot;&quot;,&quot;sizes&quot;:[]},&quot;_transform_translateX_effect_hover_laptop&quot;:{&quot;unit&quot;:&quot;px&quot;,&quot;size&quot;:&quot;&quot;,&quot;sizes&quot;:[]},&quot;_transform_translateX_effect_hover_tablet&quot;:{&quot;unit&quot;:&quot;px&quot;,&quot;size&quot;:&quot;&quot;,&quot;sizes&quot;:[]},&quot;_transform_translateX_effect_hover_mobile&quot;:{&quot;unit&quot;:&quot;px&quot;,&quot;size&quot;:&quot;&quot;,&quot;sizes&quot;:[]},&quot;_transform_translateY_effect_hover_laptop&quot;:{&quot;unit&quot;:&quot;px&quot;,&quot;size&quot;:&quot;&quot;,&quot;sizes&quot;:[]},&quot;_transform_translateY_effect_hover_tablet&quot;:{&quot;unit&quot;:&quot;px&quot;,&quot;size&quot;:&quot;&quot;,&quot;sizes&quot;:[]},&quot;_transform_translateY_effect_hover_mobile&quot;:{&quot;unit&quot;:&quot;px&quot;,&quot;size&quot;:&quot;&quot;,&quot;sizes&quot;:[]}}\" data-widget_type=\"icon-box.default\">\n\t\t\t\t<div class=\"elementor-widget-container\">\n\t\t\t\t\t\t\t<div class=\"elementor-icon-box-wrapper\">\n\n\t\t\t\t\t\t<div class=\"elementor-icon-box-icon\">\n\t\t\t\t<a href=\"https:\/\/maps.app.goo.gl\/sbA1y42s7Zh3zk9G7\" target=\"_blank\" class=\"elementor-icon\" tabindex=\"-1\" aria-label=\"Tekelijina 28, 21000 Novi Sad\">\n\t\t\t\t<svg xmlns=\"http:\/\/www.w3.org\/2000\/svg\" xmlns:xlink=\"http:\/\/www.w3.org\/1999\/xlink\" id=\"Layer_1\" x=\"0px\" y=\"0px\" viewbox=\"0 0 512 512\" style=\"enable-background:new 0 0 512 512;\" xml:space=\"preserve\"><g>\t<g>\t\t<path d=\"M455.139,498.052l-99.132-99.132c-1.532-1.532-3.61-2.392-5.777-2.392h-18.927c-4.512,0-8.17,3.657-8.17,8.17   s3.658,8.17,8.17,8.17h15.542l82.792,82.791H82.362l82.791-82.791h15.542c4.512,0,8.17-3.657,8.17-8.17s-3.658-8.17-8.17-8.17   H161.77c-2.167,0-4.245,0.861-5.777,2.392l-99.132,99.132c-2.337,2.338-3.036,5.851-1.771,8.904   c1.265,3.053,4.244,5.044,7.548,5.044h386.723c3.304,0,6.283-1.99,7.548-5.044C458.175,503.903,457.475,500.39,455.139,498.052z\"><\/path>\t<\/g><\/g><g>\t<g>\t\t<path d=\"M256,0C161.393,0,84.426,76.968,84.426,171.574c0,35.596,10.808,69.742,31.263,98.756l133.641,188.964   c1.532,2.165,4.019,3.452,6.671,3.452c2.653,0,5.14-1.288,6.671-3.452L396.32,270.32c20.448-29.004,31.256-63.15,31.256-98.746   C427.574,76.968,350.607,0,256,0z M382.971,260.895L256,440.427L129.037,260.905c-18.495-26.234-28.271-57.125-28.271-89.331   C100.766,85.978,170.403,16.34,256,16.34s155.234,69.637,155.234,155.234C411.234,203.78,401.458,234.671,382.971,260.895z\"><\/path>\t<\/g><\/g><g>\t<g>\t\t<path d=\"M256,92.596c-43.549,0-78.979,35.429-78.979,78.979c0,14.657,4.073,28.988,11.779,41.442   c2.375,3.836,7.41,5.022,11.247,2.649c3.837-2.375,5.023-7.41,2.649-11.247c-6.107-9.87-9.335-21.225-9.335-32.843   c0-34.539,28.099-62.638,62.638-62.638s62.638,28.099,62.638,62.638S290.539,234.213,256,234.213   c-11.617,0-22.974-3.228-32.843-9.335c-3.839-2.376-8.873-1.187-11.247,2.649s-1.189,8.873,2.649,11.247   c12.454,7.706,26.784,11.779,41.44,11.779c43.549,0,78.979-35.429,78.979-78.979C334.979,128.025,299.549,92.596,256,92.596z\"><\/path>\t<\/g><\/g><g><\/g><g><\/g><g><\/g><g><\/g><g><\/g><g><\/g><g><\/g><g><\/g><g><\/g><g><\/g><g><\/g><g><\/g><g><\/g><g><\/g><g><\/g><\/svg>\t\t\t\t<\/a>\n\t\t\t<\/div>\n\t\t\t\n\t\t\t\t\t\t<div class=\"elementor-icon-box-content\">\n\n\t\t\t\t\t\t\t\t\t<h3 class=\"elementor-icon-box-title\">\n\t\t\t\t\t\t<a href=\"https:\/\/maps.app.goo.gl\/sbA1y42s7Zh3zk9G7\" target=\"_blank\" >\n\t\t\t\t\t\t\tTekelijina 28, 21000 Novi Sad\t\t\t\t\t\t<\/a>\n\t\t\t\t\t<\/h3>\n\t\t\t\t\n\t\t\t\t\n\t\t\t<\/div>\n\t\t\t\n\t\t<\/div>\n\t\t\t\t\t\t<\/div>\n\t\t\t\t<\/div>\n\t\t\t\t<div class=\"elementor-element elementor-element-e6ec909 elementor-view-stacked elementor-shape-square elementor-position-left e-transform elementor-mobile-position-top elementor-widget elementor-widget-icon-box\" data-id=\"e6ec909\" data-element_type=\"widget\" data-settings=\"{&quot;_transform_translateY_effect_hover&quot;:{&quot;unit&quot;:&quot;px&quot;,&quot;size&quot;:-5,&quot;sizes&quot;:[]},&quot;_transform_translateX_effect_hover&quot;:{&quot;unit&quot;:&quot;px&quot;,&quot;size&quot;:&quot;&quot;,&quot;sizes&quot;:[]},&quot;_transform_translateX_effect_hover_laptop&quot;:{&quot;unit&quot;:&quot;px&quot;,&quot;size&quot;:&quot;&quot;,&quot;sizes&quot;:[]},&quot;_transform_translateX_effect_hover_tablet&quot;:{&quot;unit&quot;:&quot;px&quot;,&quot;size&quot;:&quot;&quot;,&quot;sizes&quot;:[]},&quot;_transform_translateX_effect_hover_mobile&quot;:{&quot;unit&quot;:&quot;px&quot;,&quot;size&quot;:&quot;&quot;,&quot;sizes&quot;:[]},&quot;_transform_translateY_effect_hover_laptop&quot;:{&quot;unit&quot;:&quot;px&quot;,&quot;size&quot;:&quot;&quot;,&quot;sizes&quot;:[]},&quot;_transform_translateY_effect_hover_tablet&quot;:{&quot;unit&quot;:&quot;px&quot;,&quot;size&quot;:&quot;&quot;,&quot;sizes&quot;:[]},&quot;_transform_translateY_effect_hover_mobile&quot;:{&quot;unit&quot;:&quot;px&quot;,&quot;size&quot;:&quot;&quot;,&quot;sizes&quot;:[]}}\" data-widget_type=\"icon-box.default\">\n\t\t\t\t<div class=\"elementor-widget-container\">\n\t\t\t\t\t\t\t<div class=\"elementor-icon-box-wrapper\">\n\n\t\t\t\t\t\t<div class=\"elementor-icon-box-icon\">\n\t\t\t\t<a href=\"tel:00381212100013\" class=\"elementor-icon\" tabindex=\"-1\" aria-label=\"021\/2100-013\">\n\t\t\t\t<svg xmlns=\"http:\/\/www.w3.org\/2000\/svg\" id=\"Capa_1\" height=\"512\" viewbox=\"0 0 512.026 512.026\" width=\"512\"><g><path d=\"m476.476 18.258h-184.13c-4.143 0-7.5 3.357-7.5 7.5s3.357 7.5 7.5 7.5h184.13c11.331 0 20.55 9.219 20.55 20.55v193.131c0 11.331-9.219 20.55-20.55 20.55h-29.41c-1.58 0-3.12.499-4.399 1.426l-51.141 37.041v-30.967c0-4.143-3.357-7.5-7.5-7.5h-162.79c-11.332 0-20.55-9.219-20.55-20.55v-193.131c0-11.331 9.219-20.55 20.55-20.55h38.43c4.143 0 7.5-3.357 7.5-7.5s-3.357-7.5-7.5-7.5h-38.43c-19.603 0-35.55 15.947-35.55 35.55v193.131c0 19.603 15.948 35.55 35.55 35.55h155.29v38.16c0 2.818 1.58 5.398 4.09 6.68 2.66 1.268 5.263 1.066 7.81-.605l61.071-44.234h26.979c19.603 0 35.55-15.947 35.55-35.55v-193.132c0-19.602-15.948-35.55-35.55-35.55z\"><\/path><path d=\"m435.595 414.683c-1.564-11.178-8.143-20.681-18.07-26.09l-33.352-18.171c-3.637-1.985-8.192-.641-10.174 2.999-1.98 3.637-.638 8.192 3 10.173l33.348 18.17c5.706 3.108 9.487 8.566 10.391 14.985.005.041.01.082.016.122.875 6.484-1.332 12.809-6.052 17.347l-4.916 4.72-123.126-69.281 14.47-12.728c6.173-5.431 15.159-6.434 22.368-2.496l20.81 11.341c3.637 1.981 8.192.641 10.175-2.997 1.981-3.637.641-8.192-2.997-10.175l-20.805-11.338c-12.714-6.942-28.573-5.175-39.457 4.401l-33.721 29.661c-6.907 6.075-16.988 6.639-24.513 1.368-50.792-35.583-87.677-74.729-112.763-119.67-4.23-7.588-3.048-16.946 2.939-23.285l26.692-28.231c9.953-10.538 12.286-26.325 5.806-39.285l-44.918-89.836c-5.004-10.021-14.194-16.924-25.213-18.94-11.026-2.02-22.071 1.187-30.307 8.792l-17.06 15.761c-18.858 17.42-31.338 39.948-36.09 65.146-4.761 25.24-1.296 50.701 10.019 73.639.05.106.097.198.136.274 7.17 14.5 14.923 28.679 23.029 42.12 1.353 2.262 2.812 4.652 4.334 7.105 2.185 3.518 6.808 4.6 10.328 2.416 3.519-2.185 4.601-6.809 2.417-10.328-1.479-2.383-2.895-4.703-4.22-6.917-7.896-13.093-15.438-26.885-22.417-40.994-.039-.082-.079-.162-.12-.242-19.716-39.893-10.907-88.842 21.31-119.803l67.637 126.626-2.265 2.396c-10.509 11.124-12.574 27.558-5.137 40.895 26.215 46.965 64.569 87.737 117.257 124.648 6.048 4.235 13.033 6.325 19.994 6.325 8.247 0 16.459-2.936 23.032-8.717l7.317-6.436 123.758 69.636-.125.12c-31.9 30.648-79.687 37.623-118.909 17.355-85.016-43.944-154.128-102.034-205.417-172.652-2.435-3.352-7.125-4.097-10.476-1.661-3.352 2.435-4.095 7.124-1.661 10.476 52.676 72.528 123.554 132.135 210.665 177.165 17.147 8.86 35.715 13.176 54.161 13.176 29.885 0 59.439-11.337 82.026-33.038l16.344-15.694c8.152-7.839 11.992-18.734 10.557-29.928-.014-.143-.033-.283-.055-.425zm-377.337-330.824 7.146-6.601c4.736-4.373 11.086-6.214 17.429-5.056 6.334 1.159 11.617 5.127 14.495 10.891l44.92 89.84c3.674 7.348 2.35 16.3-3.292 22.273l-13.561 14.343z\"><\/path><path d=\"m451.568 157.482c0-14.446-11.753-26.199-26.199-26.199-14.445 0-26.198 11.753-26.198 26.199 0 14.445 11.753 26.198 26.198 26.198 14.446 0 26.199-11.753 26.199-26.198zm-37.398 0c0-6.175 5.023-11.199 11.198-11.199s11.199 5.024 11.199 11.199-5.024 11.198-11.199 11.198-11.198-5.023-11.198-11.198z\"><\/path><path d=\"m375.056 157.482c0-14.446-11.753-26.199-26.198-26.199-14.446 0-26.199 11.753-26.199 26.199 0 14.445 11.753 26.198 26.199 26.198 14.445 0 26.198-11.753 26.198-26.198zm-37.398 0c0-6.175 5.024-11.199 11.199-11.199s11.198 5.024 11.198 11.199-5.023 11.198-11.198 11.198-11.199-5.023-11.199-11.198z\"><\/path><path d=\"m246.147 157.482c0 14.445 11.752 26.198 26.199 26.198s26.199-11.753 26.199-26.198c0-14.446-11.753-26.199-26.199-26.199s-26.199 11.753-26.199 26.199zm26.199-11.199c6.175 0 11.199 5.024 11.199 11.199s-5.024 11.198-11.199 11.198-11.198-5.023-11.198-11.198 5.023-11.199 11.198-11.199z\"><\/path><\/g><\/svg>\t\t\t\t<\/a>\n\t\t\t<\/div>\n\t\t\t\n\t\t\t\t\t\t<div class=\"elementor-icon-box-content\">\n\n\t\t\t\t\t\t\t\t\t<h3 class=\"elementor-icon-box-title\">\n\t\t\t\t\t\t<a href=\"tel:00381212100013\" >\n\t\t\t\t\t\t\t021\/2100-013\t\t\t\t\t\t<\/a>\n\t\t\t\t\t<\/h3>\n\t\t\t\t\n\t\t\t\t\n\t\t\t<\/div>\n\t\t\t\n\t\t<\/div>\n\t\t\t\t\t\t<\/div>\n\t\t\t\t<\/div>\n\t\t\t\t<div class=\"elementor-element elementor-element-a548138 elementor-view-stacked elementor-shape-square elementor-position-left e-transform elementor-mobile-position-top elementor-widget elementor-widget-icon-box\" data-id=\"a548138\" data-element_type=\"widget\" data-settings=\"{&quot;_transform_translateY_effect_hover&quot;:{&quot;unit&quot;:&quot;px&quot;,&quot;size&quot;:-5,&quot;sizes&quot;:[]},&quot;_transform_translateX_effect_hover&quot;:{&quot;unit&quot;:&quot;px&quot;,&quot;size&quot;:&quot;&quot;,&quot;sizes&quot;:[]},&quot;_transform_translateX_effect_hover_laptop&quot;:{&quot;unit&quot;:&quot;px&quot;,&quot;size&quot;:&quot;&quot;,&quot;sizes&quot;:[]},&quot;_transform_translateX_effect_hover_tablet&quot;:{&quot;unit&quot;:&quot;px&quot;,&quot;size&quot;:&quot;&quot;,&quot;sizes&quot;:[]},&quot;_transform_translateX_effect_hover_mobile&quot;:{&quot;unit&quot;:&quot;px&quot;,&quot;size&quot;:&quot;&quot;,&quot;sizes&quot;:[]},&quot;_transform_translateY_effect_hover_laptop&quot;:{&quot;unit&quot;:&quot;px&quot;,&quot;size&quot;:&quot;&quot;,&quot;sizes&quot;:[]},&quot;_transform_translateY_effect_hover_tablet&quot;:{&quot;unit&quot;:&quot;px&quot;,&quot;size&quot;:&quot;&quot;,&quot;sizes&quot;:[]},&quot;_transform_translateY_effect_hover_mobile&quot;:{&quot;unit&quot;:&quot;px&quot;,&quot;size&quot;:&quot;&quot;,&quot;sizes&quot;:[]}}\" data-widget_type=\"icon-box.default\">\n\t\t\t\t<div class=\"elementor-widget-container\">\n\t\t\t\t\t\t\t<div class=\"elementor-icon-box-wrapper\">\n\n\t\t\t\t\t\t<div class=\"elementor-icon-box-icon\">\n\t\t\t\t<a href=\"mailto:office@gsl.rs\" class=\"elementor-icon\" tabindex=\"-1\" aria-label=\"office@gsl.rs\">\n\t\t\t\t<svg xmlns=\"http:\/\/www.w3.org\/2000\/svg\" id=\"Capa_1\" height=\"512\" viewbox=\"0 0 512.022 512.022\" width=\"512\"><g><path d=\"m510.96 487.829c.686-1.142 1.025-2.471 1.041-3.799v-278.113c.18-2.574-.802-5.207-2.882-6.797l-67.118-52.445v-68.645c0-4.142-3.357-7.5-7.5-7.5h-89.95l-45.712-35.717c-24.324-19.007-58.377-19.105-82.809-.242l-46.579 35.959h-91.95c-4.143 0-7.5 3.358-7.5 7.5v69.275l-67.062 51.773c-1.83 1.398-2.942 3.65-2.938 5.953v66c0 4.143 3.357 7.5 7.5 7.5s7.5-3.357 7.5-7.5v-53.22l188.602 105.354-188.602 145.601v-162.736c0-4.143-3.357-7.5-7.5-7.5s-7.5 3.357-7.5 7.5v178c-.066 4.026 3.471 7.57 7.5 7.5h497c2.608.008 5.16-1.435 6.459-3.701zm-19.195-283.232-49.764 28.036v-66.921zm-266.569-158.153c19.004-14.67 45.49-14.593 64.406.188l30.585 23.898h-126.191zm-53.191 39.086h.009.006 254.981v155.554l-47.376 26.691c-3.608 2.033-4.886 6.606-2.853 10.216 2.044 3.643 6.673 4.866 10.216 2.853l110.013-61.979v249.787l-73.729-57.61c-3.263-2.549-7.977-1.972-10.528 1.292-2.55 3.265-1.972 7.978 1.292 10.528l68.685 53.669h-453.232l195.708-151.086c19.006-14.672 45.49-14.593 64.406.188l3.612 2.822c.005.004.009.007.014.011l94.016 73.461c3.265 2.55 7.977 1.973 10.528-1.292 2.55-3.265 1.972-7.978-1.292-10.528l-85.229-66.595 46.113-25.979c3.608-2.033 4.886-6.606 2.853-10.216-2.032-3.608-6.604-4.884-10.216-2.853l-51.562 29.049c-24.132-18.57-57.646-18.695-81.91-.31l-131.529-73.471v-154.202zm-102.004 145.822-48.923-27.329 48.923-37.769z\"><\/path><path d=\"m186.501 143.53h139c4.143 0 7.5-3.358 7.5-7.5s-3.357-7.5-7.5-7.5h-139c-4.143 0-7.5 3.358-7.5 7.5s3.357 7.5 7.5 7.5z\"><\/path><path d=\"m141.501 245.53h229c4.143 0 7.5-3.358 7.5-7.5s-3.357-7.5-7.5-7.5h-229c-4.143 0-7.5 3.358-7.5 7.5s3.357 7.5 7.5 7.5z\"><\/path><path d=\"m141.555 194.201h60.451c4.143 0 7.5-3.358 7.5-7.5s-3.357-7.5-7.5-7.5h-60.451c-4.143 0-7.5 3.358-7.5 7.5s3.357 7.5 7.5 7.5z\"><\/path><path d=\"m234.415 186.701c0 4.142 3.357 7.5 7.5 7.5h128.532c4.143 0 7.5-3.358 7.5-7.5s-3.357-7.5-7.5-7.5h-128.532c-4.143 0-7.5 3.358-7.5 7.5z\"><\/path><\/g><\/svg>\t\t\t\t<\/a>\n\t\t\t<\/div>\n\t\t\t\n\t\t\t\t\t\t<div class=\"elementor-icon-box-content\">\n\n\t\t\t\t\t\t\t\t\t<h3 class=\"elementor-icon-box-title\">\n\t\t\t\t\t\t<a href=\"mailto:office@gsl.rs\" >\n\t\t\t\t\t\t\toffice@gsl.rs\t\t\t\t\t\t<\/a>\n\t\t\t\t\t<\/h3>\n\t\t\t\t\n\t\t\t\t\n\t\t\t<\/div>\n\t\t\t\n\t\t<\/div>\n\t\t\t\t\t\t<\/div>\n\t\t\t\t<\/div>\n\t\t\t\t<\/div>\n\t\t\t\t<div class=\"elementor-element elementor-element-d7e46ce elementor-button-align-center elementor-tablet-button-align-stretch elementor-widget__width-initial elementor-widget-tablet__width-inherit elementor-widget elementor-widget-form\" data-id=\"d7e46ce\" data-element_type=\"widget\" data-settings=\"{&quot;step_next_label&quot;:&quot;Next&quot;,&quot;step_previous_label&quot;:&quot;Previous&quot;,&quot;step_type&quot;:&quot;number_text&quot;,&quot;step_icon_shape&quot;:&quot;circle&quot;}\" data-widget_type=\"form.default\">\n\t\t\t\t<div class=\"elementor-widget-container\">\n\t\t\t\t\t\t\t<form class=\"elementor-form\" method=\"post\" name=\"New Form\" aria-label=\"Neues Formular\" novalidate=\"\" action=\"\">\n\t\t\t<input type=\"hidden\" name=\"post_id\" value=\"40\"\/>\n\t\t\t<input type=\"hidden\" name=\"form_id\" value=\"d7e46ce\"\/>\n\t\t\t<input type=\"hidden\" name=\"referer_title\" value=\"\" \/>\n\n\t\t\t\n\t\t\t<div class=\"elementor-form-fields-wrapper elementor-labels-\">\n\t\t\t\t\t\t\t\t<div class=\"elementor-field-type-text elementor-field-group elementor-column elementor-field-group-nom elementor-col-50 elementor-field-required\">\n\t\t\t\t\t\t\t\t\t\t\t\t<label for=\"form-field-nom\" class=\"elementor-field-label elementor-screen-only\">\n\t\t\t\t\t\t\t\tName\t\t\t\t\t\t\t<\/label>\n\t\t\t\t\t\t\t\t\t\t\t\t\t\t<input size=\"1\" type=\"text\" name=\"form_fields[nom]\" id=\"form-field-nom\" class=\"elementor-field elementor-size-sm  elementor-field-textual\" placeholder=\"Ihr Name\" required=\"required\">\n\t\t\t\t\t\t\t\t\t\t\t<\/div>\n\t\t\t\t\t\t\t\t<div class=\"elementor-field-type-email elementor-field-group elementor-column elementor-field-group-email elementor-col-50 elementor-field-required\">\n\t\t\t\t\t\t\t\t\t\t\t\t<label for=\"form-field-email\" class=\"elementor-field-label elementor-screen-only\">\n\t\t\t\t\t\t\t\tIhre E-Mail-Adresse\t\t\t\t\t\t\t<\/label>\n\t\t\t\t\t\t\t\t\t\t\t\t\t\t<input size=\"1\" type=\"email\" name=\"form_fields[email]\" id=\"form-field-email\" class=\"elementor-field elementor-size-sm  elementor-field-textual\" placeholder=\"Ihre E-Mail-Adresse\" required=\"required\">\n\t\t\t\t\t\t\t\t\t\t\t<\/div>\n\t\t\t\t\t\t\t\t<div class=\"elementor-field-type-textarea elementor-field-group elementor-column elementor-field-group-tel elementor-col-100 elementor-field-required\">\n\t\t\t\t\t\t\t\t\t\t\t\t<label for=\"form-field-tel\" class=\"elementor-field-label elementor-screen-only\">\n\t\t\t\t\t\t\t\tTitel\t\t\t\t\t\t\t<\/label>\n\t\t\t\t\t\t<textarea class=\"elementor-field-textual elementor-field  elementor-size-sm\" name=\"form_fields[tel]\" id=\"form-field-tel\" rows=\"1\" placeholder=\"Titel\" required=\"required\"><\/textarea>\t\t\t\t<\/div>\n\t\t\t\t\t\t\t\t<div class=\"elementor-field-type-textarea elementor-field-group elementor-column elementor-field-group-message elementor-col-100 elementor-field-required\">\n\t\t\t\t\t\t\t\t\t\t\t\t<label for=\"form-field-message\" class=\"elementor-field-label elementor-screen-only\">\n\t\t\t\t\t\t\t\tEine Nachricht\t\t\t\t\t\t\t<\/label>\n\t\t\t\t\t\t<textarea class=\"elementor-field-textual elementor-field  elementor-size-sm\" name=\"form_fields[message]\" id=\"form-field-message\" rows=\"5\" placeholder=\"Eine Nachricht\" required=\"required\"><\/textarea>\t\t\t\t<\/div>\n\t\t\t\t\t\t\t\t<div class=\"elementor-field-type-recaptcha_v3 elementor-field-group elementor-column elementor-field-group-field_7c7f3ef elementor-col-100 recaptcha_v3-bottomright\">\n\t\t\t\t\t<div class=\"elementor-field\" id=\"form-field-field_7c7f3ef\"><div class=\"elementor-g-recaptcha\" data-sitekey=\"6Ldir0wqAAAAAIPUGl1ymO2OA41dD5ud2K9uTw3g\" data-type=\"v3\" data-action=\"Form\" data-badge=\"bottomright\" data-size=\"invisible\"><\/div><\/div>\t\t\t\t<\/div>\n\t\t\t\t\t\t\t\t<div class=\"elementor-field-group elementor-column elementor-field-type-submit elementor-col-100 e-form__buttons\">\n\t\t\t\t\t<button class=\"elementor-button elementor-size-sm\" type=\"submit\">\n\t\t\t\t\t\t<span class=\"elementor-button-content-wrapper\">\n\t\t\t\t\t\t\t\t\t\t\t\t\t\t\t<span class=\"elementor-button-icon\">\n\t\t\t\t\t\t\t\t\t<svg aria-hidden=\"true\" class=\"e-font-icon-svg e-fas-paper-plane\" viewbox=\"0 0 512 512\" xmlns=\"http:\/\/www.w3.org\/2000\/svg\"><path d=\"M476 3.2L12.5 270.6c-18.1 10.4-15.8 35.6 2.2 43.2L121 358.4l287.3-253.2c5.5-4.9 13.3 2.6 8.6 8.3L176 407v80.5c0 23.6 28.5 32.9 42.5 15.8L282 426l124.6 52.2c14.2 6 30.4-2.9 33-18.2l72-432C515 7.8 493.3-6.8 476 3.2z\"><\/path><\/svg>\t\t\t\t\t\t\t\t\t\t\t\t\t\t\t\t\t<\/span>\n\t\t\t\t\t\t\t\t\t\t\t\t\t\t\t\t\t\t\t\t\t\t<span class=\"elementor-button-text\">Schicken<\/span>\n\t\t\t\t\t\t\t\t\t\t\t\t\t<\/span>\n\t\t\t\t\t<\/button>\n\t\t\t\t<\/div>\n\t\t\t<\/div>\n\t\t<input type=\"hidden\" name=\"trp-form-language\" value=\"de\"\/><\/form>\n\t\t\t\t\t\t<\/div>\n\t\t\t\t<\/div>\n\t\t\t\t\t<\/div>\n\t\t\t\t<\/div>\n\t\t<div class=\"elementor-element elementor-element-640d285 e-flex e-con-boxed e-con e-parent\" data-id=\"640d285\" data-element_type=\"container\">\n\t\t\t\t\t<div class=\"e-con-inner\">\n\t\t\t\t<div class=\"elementor-element elementor-element-4b17246 elementor-widget elementor-widget-google_maps\" data-id=\"4b17246\" data-element_type=\"widget\" data-widget_type=\"google_maps.default\">\n\t\t\t\t<div class=\"elementor-widget-container\">\n\t\t\t\t\t\t\t<div class=\"elementor-custom-embed\">\n\t\t\t<iframe loading=\"lazy\"\n\t\t\t\t\tsrc=\"https:\/\/maps.google.com\/maps?q=Tekelijina%2028%2C%2021000%20Novi%20Sad&#038;t=m&#038;z=18&#038;output=embed&#038;iwloc=near\"\n\t\t\t\t\ttitle=\"Tekelijina 28, 21000 Novi Sad\"\n\t\t\t\t\taria-label=\"Tekelijina 28, 21000 Novi Sad\"\n\t\t\t><\/iframe>\n\t\t<\/div>\n\t\t\t\t\t\t<\/div>\n\t\t\t\t<\/div>\n\t\t\t\t\t<\/div>\n\t\t\t\t<\/div>\n\t\t\t\t<\/div>","protected":false},"excerpt":{"rendered":"<p>Kontaktinformationen Wenn Sie Fragen zu unseren Produkten oder Dienstleistungen haben, einen Pr\u00e4sentationstermin vereinbaren oder sich von uns beraten lassen m\u00f6chten, k\u00f6nnen Sie gerne Kontakt mit uns aufnehmen. Tekelijina 28, 21000 Novi Sad 021\/2100-013 office@gsl.rs<\/p>","protected":false},"author":1,"featured_media":0,"parent":0,"menu_order":0,"comment_status":"closed","ping_status":"closed","template":"","meta":{"_acf_changed":false,"content-type":"","footnotes":""},"class_list":["post-40","page","type-page","status-publish","hentry"],"acf":[],"_links":{"self":[{"href":"https:\/\/www.gsl.rs\/de\/wp-json\/wp\/v2\/pages\/40","targetHints":{"allow":["GET"]}}],"collection":[{"href":"https:\/\/www.gsl.rs\/de\/wp-json\/wp\/v2\/pages"}],"about":[{"href":"https:\/\/www.gsl.rs\/de\/wp-json\/wp\/v2\/types\/page"}],"author":[{"embeddable":true,"href":"https:\/\/www.gsl.rs\/de\/wp-json\/wp\/v2\/users\/1"}],"replies":[{"embeddable":true,"href":"https:\/\/www.gsl.rs\/de\/wp-json\/wp\/v2\/comments?post=40"}],"version-history":[{"count":0,"href":"https:\/\/www.gsl.rs\/de\/wp-json\/wp\/v2\/pages\/40\/revisions"}],"wp:attachment":[{"href":"https:\/\/www.gsl.rs\/de\/wp-json\/wp\/v2\/media?parent=40"}],"curies":[{"name":"wp","href":"https:\/\/api.w.org\/{rel}","templated":true}]}}